{"id":707862,"date":"2025-08-27T16:09:47","date_gmt":"2025-08-27T13:09:47","guid":{"rendered":"https:\/\/roveyayinevi.com.tr\/index.php\/urun\/intihar-uzerine-notlar\/"},"modified":"2026-04-16T02:16:26","modified_gmt":"2026-04-15T23:16:26","slug":"intihar-uzerine-notlar","status":"publish","type":"product","link":"https:\/\/roveyayinevi.com.tr\/index.php\/urun\/intihar-uzerine-notlar\/","title":{"rendered":"\u0130ntihar \u00dczerine Notlar"},"content":{"rendered":"<p>\u201cDaha sayfalar\u0131 \u00e7evirmeye ba\u015flamadan okuru hayal k\u0131r\u0131kl\u0131\u011f\u0131na u\u011fratma riskini g\u00f6ze alarak s\u00f6yleyeyim: Kendimi \u00f6ld\u00fcrmeye niyetim yok\u2026 en az\u0131ndan \u015fimdilik. \u00d6te yandan intihara kar\u015f\u0131 oldu\u011funu; birinin hayat\u0131na son vermesinin sorumsuzca ve bencilce, hatta utan\u00e7 verici ve korkak\u00e7a oldu\u011funu; insan\u0131n ne olursa olsun ya\u015fama d\u00f6rt elle sar\u0131lmas\u0131 gerekti\u011fini ba\u011f\u0131ra \u00e7a\u011f\u0131ra ilan edenler korosuna kat\u0131lmaya da niyetim yok. Bana kal\u0131rsa intihar ne hukuki ne de ahlaki a\u00e7\u0131dan su\u00e7 olarak de\u011ferlendirilebilir. Meseleyi b\u00f6yle ele almamak gerekir. (&#8230;) \u0130ntihar\u0131 inceden inceye, dikkatli bir \u015fekilde, kestirme h\u00fck\u00fcmlere varmadan ya da \u2013ya\u015fam veya \u00f6l\u00fcm hakk\u0131 gibi\u2013 ahlaki ilkeler koymadan ve m\u00fcmk\u00fcnse az biraz da mesafeli durarak ele almak istiyorum. \u0130ntihar\u0131n y\u00fcz\u00fcne g\u00f6z\u00fcm\u00fcz\u00fc dikip uzun uzad\u0131ya bakmak zorunday\u0131z; onu \u00f6l\u00e7\u00fcp bi\u00e7ip etrafl\u0131ca d\u00fc\u015f\u00fcnmek zorunday\u0131z; niteliklerinin, hasletlerinin, kal\u0131t\u0131msal karakter \u00f6zelliklerinin, marifet ve kurnazl\u0131klar\u0131n\u0131n neler oldu\u011funu yoklamal\u0131, y\u00fcz\u00fcnde olu\u015fan k\u0131r\u0131\u015f\u0131kl\u0131klar\u0131 tek tek incelemeliyiz. Belki de yak\u0131ndan bakt\u0131\u011f\u0131m\u0131zda g\u00f6rd\u00fc\u011f\u00fcm\u00fcz \u015fey, bize geri d\u00f6n\u00fcp ters ters bakan kendi \u00e7arp\u0131k yans\u0131mam\u0131zd\u0131r <\/p>\n","protected":false},"excerpt":{"rendered":"<p>\u201cDaha sayfalar\u0131 \u00e7evirmeye ba\u015flamadan okuru hayal k\u0131r\u0131kl\u0131\u011f\u0131na u\u011fratma riskini g\u00f6ze alarak s\u00f6yleyeyim: Kendimi \u00f6ld\u00fcrmeye niyetim yok\u2026 en az\u0131ndan \u015fimdilik. \u00d6te yandan intihara kar\u015f\u0131 oldu\u011funu; birinin hayat\u0131na<span class=\"excerpt-hellip\"> [\u2026]<\/span><\/p>\n","protected":false},"featured_media":0,"template":"","meta":{"_monsterinsights_skip_tracking":false,"_monsterinsights_sitenote_active":false,"_monsterinsights_sitenote_note":"","_monsterinsights_sitenote_category":0},"product_brand":[],"product_cat":[12389,12388],"product_tag":[],"class_list":{"0":"post-707862","1":"product","2":"type-product","3":"status-publish","5":"product_cat-diger-felsefe","6":"product_cat-felsefe","7":"pa_cilt-ciltsiz","8":"pa_tur-kitap","9":"pa_yayinevi-pharmakon-kitap","10":"pa_yazar-simon-critchley","12":"first","13":"instock","14":"sale","15":"shipping-taxable","16":"purchasable","17":"product-type-simple"},"_links":{"self":[{"href":"https:\/\/roveyayinevi.com.tr\/index.php\/wp-json\/wp\/v2\/product\/707862","targetHints":{"allow":["GET"]}}],"collection":[{"href":"https:\/\/roveyayinevi.com.tr\/index.php\/wp-json\/wp\/v2\/product"}],"about":[{"href":"https:\/\/roveyayinevi.com.tr\/index.php\/wp-json\/wp\/v2\/types\/product"}],"wp:attachment":[{"href":"https:\/\/roveyayinevi.com.tr\/index.php\/wp-json\/wp\/v2\/media?parent=707862"}],"wp:term":[{"taxonomy":"product_brand","embeddable":true,"href":"https:\/\/roveyayinevi.com.tr\/index.php\/wp-json\/wp\/v2\/product_brand?post=707862"},{"taxonomy":"product_cat","embeddable":true,"href":"https:\/\/roveyayinevi.com.tr\/index.php\/wp-json\/wp\/v2\/product_cat?post=707862"},{"taxonomy":"product_tag","embeddable":true,"href":"https:\/\/roveyayinevi.com.tr\/index.php\/wp-json\/wp\/v2\/product_tag?post=707862"}],"curies":[{"name":"wp","href":"https:\/\/api.w.org\/{rel}","templated":true}]}}