{"id":707860,"date":"2025-08-27T16:09:46","date_gmt":"2025-08-27T13:09:46","guid":{"rendered":"https:\/\/roveyayinevi.com.tr\/index.php\/urun\/universite\/"},"modified":"2026-04-16T02:16:26","modified_gmt":"2026-04-15T23:16:26","slug":"universite","status":"publish","type":"product","link":"https:\/\/roveyayinevi.com.tr\/index.php\/urun\/universite\/","title":{"rendered":"\u00dcniversite"},"content":{"rendered":"<p>Milli E\u011fitim Bakanl\u0131\u011f\u0131 Taraf\u0131ndan Tavsiye Edilen KitapD\u00fcnyan\u0131n en nitelikli \u00fcniversitelerinden Harvard \u00dcniversitesi\u2019nin Fen Edebiyat Fak\u00fcltesinde on bir y\u0131l dekanl\u0131k yapan Henry Rosovsky, Amerikan \u00fcniversitelerinin i\u00e7 kimliklerini, verdikleri e\u011fitimin niteli\u011fini, gerek \u00f6\u011frenci gerekse \u00f6\u011fretim g\u00f6revlisi olarak \u00f6ne \u00e7\u0131kman\u0131n ko\u015fullar\u0131n\u0131 sade fakat n\u00fckteli bir dille kaleme al\u0131yor. Bir elkitab\u0131 niteli\u011findeki bu kitapla \u00f6\u011frenciler ve profes\u00f6rlerin birbirlerini daha iyi anlamalar\u0131n\u0131, hem profes\u00f6rlerin hem de \u00f6\u011frencilerin y\u00f6neticiler ve y\u00f6neticilik konusunda daha fazla bilgi edinmelerini, \u00fcniversiteyle ba\u011flant\u0131s\u0131 olan herkesin bu e\u011fitim kurumlar\u0131ndan olumlu bir \u015fekilde yararlanmay\u0131 \u00f6\u011frenmelerini ama\u00e7l\u0131yor. \u0130ster \u00f6\u011frenci ya da \u00f6\u011fretim \u00fcyesi olsun ister idari i\u015flerde \u00e7al\u0131\u015fs\u0131n, herkes bu kitapta kendi okulundan izler bulacak. <\/p>\n","protected":false},"excerpt":{"rendered":"<p>Milli E\u011fitim Bakanl\u0131\u011f\u0131 Taraf\u0131ndan Tavsiye Edilen KitapD\u00fcnyan\u0131n en nitelikli \u00fcniversitelerinden Harvard \u00dcniversitesi\u2019nin Fen Edebiyat Fak\u00fcltesinde on bir y\u0131l dekanl\u0131k yapan Henry Rosovsky, Amerikan \u00fcniversitelerinin i\u00e7 kimliklerini,<span class=\"excerpt-hellip\"> [\u2026]<\/span><\/p>\n","protected":false},"featured_media":0,"template":"","meta":{"_monsterinsights_skip_tracking":false,"_monsterinsights_sitenote_active":false,"_monsterinsights_sitenote_note":"","_monsterinsights_sitenote_category":0},"product_brand":[],"product_cat":[13005,13006],"product_tag":[],"class_list":{"0":"post-707860","1":"product","2":"type-product","3":"status-publish","5":"product_cat-bilim-muhendislik","6":"product_cat-populer-bilim","7":"pa_cilt-ciltsiz","8":"pa_tur-kitap","9":"pa_yayinevi-say-yayinlari","10":"pa_yazar-henry-rosovsky","12":"first","13":"instock","14":"sale","15":"shipping-taxable","16":"purchasable","17":"product-type-simple"},"_links":{"self":[{"href":"https:\/\/roveyayinevi.com.tr\/index.php\/wp-json\/wp\/v2\/product\/707860","targetHints":{"allow":["GET"]}}],"collection":[{"href":"https:\/\/roveyayinevi.com.tr\/index.php\/wp-json\/wp\/v2\/product"}],"about":[{"href":"https:\/\/roveyayinevi.com.tr\/index.php\/wp-json\/wp\/v2\/types\/product"}],"wp:attachment":[{"href":"https:\/\/roveyayinevi.com.tr\/index.php\/wp-json\/wp\/v2\/media?parent=707860"}],"wp:term":[{"taxonomy":"product_brand","embeddable":true,"href":"https:\/\/roveyayinevi.com.tr\/index.php\/wp-json\/wp\/v2\/product_brand?post=707860"},{"taxonomy":"product_cat","embeddable":true,"href":"https:\/\/roveyayinevi.com.tr\/index.php\/wp-json\/wp\/v2\/product_cat?post=707860"},{"taxonomy":"product_tag","embeddable":true,"href":"https:\/\/roveyayinevi.com.tr\/index.php\/wp-json\/wp\/v2\/product_tag?post=707860"}],"curies":[{"name":"wp","href":"https:\/\/api.w.org\/{rel}","templated":true}]}}