{"id":707857,"date":"2025-08-27T16:09:45","date_gmt":"2025-08-27T13:09:45","guid":{"rendered":"https:\/\/roveyayinevi.com.tr\/index.php\/urun\/haz-prensibinin-otesinde\/"},"modified":"2026-04-16T02:16:26","modified_gmt":"2026-04-15T23:16:26","slug":"haz-prensibinin-otesinde","status":"publish","type":"product","link":"https:\/\/roveyayinevi.com.tr\/index.php\/urun\/haz-prensibinin-otesinde\/","title":{"rendered":"Haz Prensibinin \u00d6tesinde"},"content":{"rendered":"<p>Sigmund FREUD Bir bile\u015fenin b\u00fct\u00fcn par\u00e7alar\u0131n\u0131 olu\u015fturan i\u015fg\u00fcc\u00fclerin yan\u0131 s\u0131ra r\u00fcyalar, ego, libido ve cinselli\u011fin psikolojik ya\u015fam\u0131n en karanl\u0131k, en derin k\u0131s\u0131mlar\u0131n\u0131 olu\u015fturdu\u011funu yaz\u0131yor Sigmund Freud elinizdeki kitapta.Savlar\u0131n\u0131 farkl\u0131 de\u011ferli isimlerin \u00e7al\u0131\u015fmalar\u0131ndan da \u00f6rnekleyerek haz ve ilkesini, ak\u0131c\u0131 ve anla\u015f\u0131labilir bir dille yazar Freud.B\u00fct\u00fcn kitapl\u0131klarda bulunmas\u0131 gereken bu kitab\u0131 okurken kendi benli\u011finizden kaybolmay\u0131 g\u00f6ze almal\u0131s\u0131n\u0131z.Ki\u015fili\u011fin be\u015f farkl\u0131 d\u00f6nemden ge\u00e7erek geli\u015fti\u011fini\u00f6ne soran Psikanalitik Kuram&#8217;\u0131n kurucusu n\u00f6rolog yazar Freud, kitaplar\u0131 naziler taraf\u0131ndan yak\u0131l\u0131nca Londra&#8217;ya gitmek i\u00e7in Viyana&#8217;y\u0131 terk eder. <\/p>\n","protected":false},"excerpt":{"rendered":"<p>Sigmund FREUD Bir bile\u015fenin b\u00fct\u00fcn par\u00e7alar\u0131n\u0131 olu\u015fturan i\u015fg\u00fcc\u00fclerin yan\u0131 s\u0131ra r\u00fcyalar, ego, libido ve cinselli\u011fin psikolojik ya\u015fam\u0131n en karanl\u0131k, en derin k\u0131s\u0131mlar\u0131n\u0131 olu\u015fturdu\u011funu yaz\u0131yor Sigmund Freud<span class=\"excerpt-hellip\"> [\u2026]<\/span><\/p>\n","protected":false},"featured_media":0,"template":"","meta":{"_monsterinsights_skip_tracking":false,"_monsterinsights_sitenote_active":false,"_monsterinsights_sitenote_note":"","_monsterinsights_sitenote_category":0},"product_brand":[],"product_cat":[12358,12357],"product_tag":[],"class_list":{"0":"post-707857","1":"product","2":"type-product","3":"status-publish","5":"product_cat-genel-psikoloji","6":"product_cat-psikoloji","7":"pa_cilt-ciltsiz","8":"pa_tur-kitap","9":"pa_yayinevi-oda-yayinlari","10":"pa_yazar-sigmund-freud","12":"first","13":"instock","14":"sale","15":"shipping-taxable","16":"purchasable","17":"product-type-simple"},"_links":{"self":[{"href":"https:\/\/roveyayinevi.com.tr\/index.php\/wp-json\/wp\/v2\/product\/707857","targetHints":{"allow":["GET"]}}],"collection":[{"href":"https:\/\/roveyayinevi.com.tr\/index.php\/wp-json\/wp\/v2\/product"}],"about":[{"href":"https:\/\/roveyayinevi.com.tr\/index.php\/wp-json\/wp\/v2\/types\/product"}],"wp:attachment":[{"href":"https:\/\/roveyayinevi.com.tr\/index.php\/wp-json\/wp\/v2\/media?parent=707857"}],"wp:term":[{"taxonomy":"product_brand","embeddable":true,"href":"https:\/\/roveyayinevi.com.tr\/index.php\/wp-json\/wp\/v2\/product_brand?post=707857"},{"taxonomy":"product_cat","embeddable":true,"href":"https:\/\/roveyayinevi.com.tr\/index.php\/wp-json\/wp\/v2\/product_cat?post=707857"},{"taxonomy":"product_tag","embeddable":true,"href":"https:\/\/roveyayinevi.com.tr\/index.php\/wp-json\/wp\/v2\/product_tag?post=707857"}],"curies":[{"name":"wp","href":"https:\/\/api.w.org\/{rel}","templated":true}]}}