{"id":707854,"date":"2025-08-27T16:09:44","date_gmt":"2025-08-27T13:09:44","guid":{"rendered":"https:\/\/roveyayinevi.com.tr\/index.php\/urun\/gol-cicekleri\/"},"modified":"2026-04-16T02:16:26","modified_gmt":"2026-04-15T23:16:26","slug":"gol-cicekleri","status":"publish","type":"product","link":"https:\/\/roveyayinevi.com.tr\/index.php\/urun\/gol-cicekleri\/","title":{"rendered":"G\u00f6l \u00c7i\u00e7ekleri"},"content":{"rendered":"<p>D\u00fcnyan\u0131n en g\u00fczel \u00e7i\u00e7eklerinin, mutlu insanlar taraf\u0131ndan yeti\u015ftirildi\u011fi ayd\u0131nl\u0131k bir \u00fclkede, en s\u0131ra d\u0131\u015f\u0131 \u00e7i\u00e7e\u011fin se\u00e7ilece\u011fi bir yar\u0131\u015fma d\u00fczenlenir.Yar\u0131\u015fma haberini duyan \u00fclke ahalisi b\u00fcy\u00fck bir heyecanla tarlalara, bah\u00e7elere ko\u015far. G\u00f6l kenar\u0131nda ninesiyle birlikte ya\u015fayan gen\u00e7 bir k\u0131z da zaman kaybetmeden \u00e7al\u0131\u015fmaya koyulur. \u00c7i\u00e7eklerin dilinden \u00e7ok iyi anlayan, elini de\u011fdirdi\u011fi her filizin boyunu uzatan gen\u00e7 k\u0131z, daha \u00f6nce hi\u00e7 g\u00f6r\u00fclmemi\u015f narinlikte bir \u00e7i\u00e7ek yeti\u015ftirmeyi ba\u015far\u0131r.Bu ola\u011fan\u00fcst\u00fc \u00e7i\u00e7e\u011fin s\u0131rr\u0131n\u0131 \u00e7\u00f6zmek isteyen bir \u00e7ocuk merak\u0131na yenik d\u00fc\u015fer ve \u00e7i\u00e7e\u011fin ard\u0131nda yatan gizemi bulmaya \u00e7al\u0131\u015f\u0131r. Ancak \u00e7i\u00e7ek g\u00fcnden g\u00fcne solmaya ve rengini yitirmeye ba\u015flar. Birileri, bu s\u0131ra d\u0131\u015f\u0131, narin \u00e7i\u00e7e\u011fin y\u00fcz\u00fcn\u00fc yeniden g\u00fcld\u00fcrecek bir \u015feyler yapmal\u0131! Ama nas\u0131l?\u00c7i\u011fdem G\u00fcnde\u015f\u2019in daha \u00f6nceki y\u0131llarda \u00fc\u00e7 ayr\u0131 bas\u0131m yapan ve be\u011feniyle okunan \u00f6d\u00fcll\u00fc G\u00f6l \u00c7i\u00e7ekleri masal\u0131, g\u00f6zden ge\u00e7irilen metni ve Mavisu Demira\u011f\u2019\u0131n masals\u0131 \u00e7izgileriyle okuyucular\u0131n be\u011fenisine sunuluyor.Bu masalda \u00e7i\u00e7eklerin bize anlatacaklar\u0131 var.<\/p>\n","protected":false},"excerpt":{"rendered":"<p>D\u00fcnyan\u0131n en g\u00fczel \u00e7i\u00e7eklerinin, mutlu insanlar taraf\u0131ndan yeti\u015ftirildi\u011fi ayd\u0131nl\u0131k bir \u00fclkede, en s\u0131ra d\u0131\u015f\u0131 \u00e7i\u00e7e\u011fin se\u00e7ilece\u011fi bir yar\u0131\u015fma d\u00fczenlenir.Yar\u0131\u015fma haberini duyan \u00fclke ahalisi b\u00fcy\u00fck bir heyecanla<span class=\"excerpt-hellip\"> [\u2026]<\/span><\/p>\n","protected":false},"featured_media":0,"template":"","meta":{"_monsterinsights_skip_tracking":false,"_monsterinsights_sitenote_active":false,"_monsterinsights_sitenote_note":"","_monsterinsights_sitenote_category":0},"product_brand":[],"product_cat":[12274,12284],"product_tag":[],"class_list":{"0":"post-707854","1":"product","2":"type-product","3":"status-publish","5":"product_cat-cocuk-ve-genclik-kitaplari","6":"product_cat-hikayeler","7":"pa_cilt-ciltsiz","8":"pa_tur-kitap","9":"pa_yayinevi-tudem-yayinlari","10":"pa_yazar-cigdem-gundes","12":"first","13":"instock","14":"sale","15":"shipping-taxable","16":"purchasable","17":"product-type-simple"},"_links":{"self":[{"href":"https:\/\/roveyayinevi.com.tr\/index.php\/wp-json\/wp\/v2\/product\/707854","targetHints":{"allow":["GET"]}}],"collection":[{"href":"https:\/\/roveyayinevi.com.tr\/index.php\/wp-json\/wp\/v2\/product"}],"about":[{"href":"https:\/\/roveyayinevi.com.tr\/index.php\/wp-json\/wp\/v2\/types\/product"}],"wp:attachment":[{"href":"https:\/\/roveyayinevi.com.tr\/index.php\/wp-json\/wp\/v2\/media?parent=707854"}],"wp:term":[{"taxonomy":"product_brand","embeddable":true,"href":"https:\/\/roveyayinevi.com.tr\/index.php\/wp-json\/wp\/v2\/product_brand?post=707854"},{"taxonomy":"product_cat","embeddable":true,"href":"https:\/\/roveyayinevi.com.tr\/index.php\/wp-json\/wp\/v2\/product_cat?post=707854"},{"taxonomy":"product_tag","embeddable":true,"href":"https:\/\/roveyayinevi.com.tr\/index.php\/wp-json\/wp\/v2\/product_tag?post=707854"}],"curies":[{"name":"wp","href":"https:\/\/api.w.org\/{rel}","templated":true}]}}