{"id":707852,"date":"2025-08-27T16:09:42","date_gmt":"2025-08-27T13:09:42","guid":{"rendered":"https:\/\/roveyayinevi.com.tr\/index.php\/urun\/middlemarch-1\/"},"modified":"2026-04-16T02:16:26","modified_gmt":"2026-04-15T23:16:26","slug":"middlemarch-1","status":"publish","type":"product","link":"https:\/\/roveyayinevi.com.tr\/index.php\/urun\/middlemarch-1\/","title":{"rendered":"Middlemarch 1"},"content":{"rendered":"<p>Middlemarch: Ta\u015fra Ya\u015fam\u0131ndan Manzaralar T\u00fcrk\u00e7ede ilk defa! Middlemarch, George Eliot\u2019\u0131n ba\u015fyap\u0131t\u0131 oldu\u011fu kadar, pek \u00e7ok ele\u015ftirmen taraf\u0131ndan da \u0130ngiliz dilinin en b\u00fcy\u00fck kurgu eseri olarak kabul edilir. Eserlerinde \u00e7o\u011funlukla, ya\u015fad\u0131\u011f\u0131 19. y\u00fczy\u0131l \u0130ngiltere\u2019sinin ta\u015fra ya\u015fam\u0131n\u0131 ve insanlar\u0131n\u0131 konu alan Eliot, insan ruhuna dair ince g\u00f6zlemleriyle \u00e7a\u011fda\u015f\u0131 romanc\u0131lar\u0131n aras\u0131nda \u00f6ne \u00e7\u0131km\u0131\u015ft\u0131r. George Eliot\u2019\u0131n 1869\u2019da yazmaya ba\u015flay\u0131p 1871\u2019de tamamlad\u0131\u011f\u0131 sekiz kitaptan olu\u015fan ve olgunluk d\u00f6nemi eseri olarak kabul g\u00f6ren Middlemarch: Ta\u015fra Ya\u015fam\u0131ndan Manzaralar hem yazar\u0131n en iyi roman\u0131d\u0131r, hem de \u0130ngiliz edebiyat\u0131n\u0131n say\u0131l\u0131 klasikleri aras\u0131nda yer almaktad\u0131r. Pek \u00e7ok soru\u015fturmada En \u0130yi 100 Roman aras\u0131nda daima kendine yer bulan ve okuru adeta hipnotize eden ak\u0131c\u0131 bir dille yaz\u0131lm\u0131\u015f olan eser, 1994 y\u0131l\u0131nda ayn\u0131 isimle dizi olarak ekrana ta\u015f\u0131nm\u0131\u015ft\u0131r. Roman, 1820\u2019lerin sonunda Middlemarch ad\u0131ndaki hayali bir ta\u015fra kasabas\u0131ndaki ya\u015fam\u0131 konu al\u0131r. Viktoryen d\u00f6nemdeki kad\u0131nlar\u0131n toplumsal stat\u00fcs\u00fc, evlili\u011fin do\u011fas\u0131, idealizm, \u00e7\u0131kar ili\u015fkileri, din, riyakarl\u0131k, politik reformlar ve e\u011fitim konular\u0131, karakter a\u00e7\u0131s\u0131ndan olduk\u00e7a zengin olan romanda ele al\u0131nan konulardan en ilgi \u00e7ekici olanlar\u0131d\u0131r. George Eliot, ana karakterlerinin yan\u0131 s\u0131ra, her s\u0131n\u0131ftan insan\u0131n gerilim, k\u0131rg\u0131nl\u0131k, mutluluk, haz, a\u015fk ve h\u00fcsran dolu ya\u015famlar\u0131n\u0131, b\u00fcy\u00fck bir incelik ve yetkin bir g\u00f6zlem g\u00fcc\u00fcyle okura aktar\u0131r. As\u0131l ad\u0131 Mary Ann Evans olan George Eliot, &#8216;yazd\u0131klar\u0131n\u0131n ciddiye al\u0131nmas\u0131n\u0131 istedi\u011fi i\u00e7in&#8217; bir erkek ad\u0131n\u0131 mahlas olarak kulland\u0131\u011f\u0131n\u0131 s\u00f6yler. \u0130ngiliz yazar, \u015fair, gazeteci, \u00e7evirmen ve Viktoryen \u00e7a\u011f\u0131n en iyi kalemlerinden biri olan Eliot, yazmaktaki amac\u0131n\u0131n &#8216;tozlu sokaklardan ve tarlalardan gelen etten kemikten insanlar\u0131n&#8217; hayatlar\u0131n\u0131 anlatmak oldu\u011funu s\u00f6yler. \u0130ngiliz edebiyat\u0131n\u0131n en \u00f6nemli klasiklerinden birini T\u00fcrk\u00e7eye kazand\u0131rman\u0131n mutlulu\u011funu ya\u015f\u0131yor, muhte\u015fem yazar George Eliot&#8217;\u0131 da okurumuzla tan\u0131\u015ft\u0131racak olman\u0131n heyecan\u0131n\u0131 ta\u015f\u0131yoruz. Eliot\u2019\u0131n deh\u00e2s\u0131, en \u00e7ok da bireyi derinlemesine analiz ederken g\u00f6r\u00fcn\u00fcr oluyor. F. R. Leavis Roman\u0131n karakterleri o kadar kanl\u0131 canl\u0131d\u0131r ki, sanki yazar\u0131n tasarrufundan tamamen ba\u011f\u0131ms\u0131zd\u0131rlar. R. H. Hutton Eliot, trajediyi elitizmin saraylar\u0131ndan \u00e7ekip alan ve onu s\u0131radan insan\u0131n ellerine teslim eden ilk yazarlardand\u0131r. Felicia Bonaparte Middlemarch, bu harika kitap, yeti\u015fkinler i\u00e7in yaz\u0131lm\u0131\u015f az say\u0131daki \u0130ngiliz romanlar\u0131ndan biridir. Virgina Woolf<\/p>\n","protected":false},"excerpt":{"rendered":"<p>Middlemarch: Ta\u015fra Ya\u015fam\u0131ndan Manzaralar T\u00fcrk\u00e7ede ilk defa! Middlemarch, George Eliot\u2019\u0131n ba\u015fyap\u0131t\u0131 oldu\u011fu kadar, pek \u00e7ok ele\u015ftirmen taraf\u0131ndan da \u0130ngiliz dilinin en b\u00fcy\u00fck kurgu eseri olarak kabul<span class=\"excerpt-hellip\"> [\u2026]<\/span><\/p>\n","protected":false},"featured_media":0,"template":"","meta":{"_monsterinsights_skip_tracking":false,"_monsterinsights_sitenote_active":false,"_monsterinsights_sitenote_note":"","_monsterinsights_sitenote_category":0},"product_brand":[],"product_cat":[12291,12711],"product_tag":[],"class_list":{"0":"post-707852","1":"product","2":"type-product","3":"status-publish","5":"product_cat-edebiyat","6":"product_cat-roman-oyku","7":"pa_cilt-ciltsiz","8":"pa_tur-kitap","9":"pa_yayinevi-nora-kitap","10":"pa_yazar-george-eliot","12":"first","13":"instock","14":"sale","15":"shipping-taxable","16":"purchasable","17":"product-type-simple"},"_links":{"self":[{"href":"https:\/\/roveyayinevi.com.tr\/index.php\/wp-json\/wp\/v2\/product\/707852","targetHints":{"allow":["GET"]}}],"collection":[{"href":"https:\/\/roveyayinevi.com.tr\/index.php\/wp-json\/wp\/v2\/product"}],"about":[{"href":"https:\/\/roveyayinevi.com.tr\/index.php\/wp-json\/wp\/v2\/types\/product"}],"wp:attachment":[{"href":"https:\/\/roveyayinevi.com.tr\/index.php\/wp-json\/wp\/v2\/media?parent=707852"}],"wp:term":[{"taxonomy":"product_brand","embeddable":true,"href":"https:\/\/roveyayinevi.com.tr\/index.php\/wp-json\/wp\/v2\/product_brand?post=707852"},{"taxonomy":"product_cat","embeddable":true,"href":"https:\/\/roveyayinevi.com.tr\/index.php\/wp-json\/wp\/v2\/product_cat?post=707852"},{"taxonomy":"product_tag","embeddable":true,"href":"https:\/\/roveyayinevi.com.tr\/index.php\/wp-json\/wp\/v2\/product_tag?post=707852"}],"curies":[{"name":"wp","href":"https:\/\/api.w.org\/{rel}","templated":true}]}}