{"id":707846,"date":"2025-08-27T16:09:39","date_gmt":"2025-08-27T13:09:39","guid":{"rendered":"https:\/\/roveyayinevi.com.tr\/index.php\/urun\/dark-net-internetin-yeralti-dunyasi\/"},"modified":"2026-04-16T02:16:26","modified_gmt":"2026-04-15T23:16:26","slug":"dark-net-internetin-yeralti-dunyasi","status":"publish","type":"product","link":"https:\/\/roveyayinevi.com.tr\/index.php\/urun\/dark-net-internetin-yeralti-dunyasi\/","title":{"rendered":"Dark Net: \u0130nternetin Yeralt\u0131 D\u00fcnyas\u0131"},"content":{"rendered":"<p>Bir\u00e7o\u011fumuzun s\u00fcrekli ziyaret etti\u011fi, zaman ge\u00e7irdi\u011fi veya i\u015flerini y\u00fcr\u00fctt\u00fc\u011f\u00fc internette; Google, Twitter, Facebook ve Amazon\u2019un \u00e7ok \u00f6tesinde, \u00f6zg\u00fcrl\u00fck s\u0131n\u0131rlar\u0131n\u0131n zorland\u0131\u011f\u0131, insanlar\u0131n istedi\u011fi kimli\u011fe b\u00fcr\u00fcnebildi\u011fi ve bu sayede istedi\u011fini yapabildi\u011fi devasa boyutta gizli bir d\u00fcnya var.Bu d\u00fcnya, son derece \u00f6zg\u00fcr ve karma\u015f\u0131k oldu\u011fu kadar, ayn\u0131 zamanda tehlikeli ve rahats\u0131z edici. \u00dcstelik, size d\u00fc\u015f\u00fcnd\u00fc\u011f\u00fcn\u00fczden \u00e7ok daha yak\u0131n. Jamie Bartlett son y\u0131llar\u0131n en b\u00fcy\u00fck sorunlar\u0131ndan biri olan dijital yealt\u0131 d\u00fcnyas\u0131na bir macerac\u0131 gibi dal\u0131yor ve oradan, bire bir tan\u0131klarla edindi\u011fi deneyimleri anlat\u0131yor bizlere. Trollerden hackerlara, uyu\u015fturucu tacirlerinden porno yap\u0131mc\u0131lar\u0131na, siyasi fanatiklerden \u00f6zg\u00fcrl\u00fck taraftarlar\u0131na kadar bu \u00e7etrefilli d\u00fcnyay\u0131 anlamak ad\u0131na \u00e7almad\u0131k kap\u0131 b\u0131rakm\u0131yor. Bizler bu karma\u015fada yolumuzu kaybetmeyelim diye \u00e2deta bize yol g\u00f6steriyor.Dark Net, her g\u00fcn bir \u015fekilde kula\u011f\u0131m\u0131za \u00e7al\u0131nan fakat \u00e7ok az bilinen ve ke\u015ffedilmemi\u015f bir d\u00fcnyayd\u0131. Ta ki bu kitaba dek&#8230;Buzda\u011f\u0131n\u0131n g\u00f6r\u00fcnmeyen k\u0131sm\u0131n\u0131 ke\u015ffetmeye haz\u0131r m\u0131s\u0131n\u0131z?\u201cBu kitap, internetin en \u00fccra k\u00f6\u015felerine yap\u0131lan b\u00fcy\u00fcleyici ve bir o kadar da \u00fcrk\u00fct\u00fcc\u00fc bir yolculuk. Jamie Bartlett ise muhte\u015fem bir rehber&#8230; Herkesin karanl\u0131k bildi\u011fi yerleri paha bi\u00e7ilemez bir \u0131\u015f\u0131kla ayd\u0131nlat\u0131yor. \u2013 Ian Burrell, Independent \u201c\u0130nternetin ve insan akl\u0131n\u0131n s\u0131n\u0131rlar\u0131na yap\u0131lan muazzam ve rahats\u0131z edici bir ke\u015fif.\u201d \u2013 Josh Cohen \u201cKendinden emin ve bilgili bir rehber&#8230; Jamie Bartlett, internetin yeralt\u0131 d\u00fcnyas\u0131ndaki ki\u015filerle tan\u0131\u015farak onlar\u0131 ete kemi\u011fe b\u00fcr\u00fcnd\u00fcr\u00fcyor.\u201d\u2013 Douglas Heaven, New Scientist<\/p>\n","protected":false},"excerpt":{"rendered":"<p>Bir\u00e7o\u011fumuzun s\u00fcrekli ziyaret etti\u011fi, zaman ge\u00e7irdi\u011fi veya i\u015flerini y\u00fcr\u00fctt\u00fc\u011f\u00fc internette; Google, Twitter, Facebook ve Amazon\u2019un \u00e7ok \u00f6tesinde, \u00f6zg\u00fcrl\u00fck s\u0131n\u0131rlar\u0131n\u0131n zorland\u0131\u011f\u0131, insanlar\u0131n istedi\u011fi kimli\u011fe b\u00fcr\u00fcnebildi\u011fi ve bu<span class=\"excerpt-hellip\"> [\u2026]<\/span><\/p>\n","protected":false},"featured_media":0,"template":"","meta":{"_monsterinsights_skip_tracking":false,"_monsterinsights_sitenote_active":false,"_monsterinsights_sitenote_note":"","_monsterinsights_sitenote_category":0},"product_brand":[],"product_cat":[13005,13006],"product_tag":[],"class_list":{"0":"post-707846","1":"product","2":"type-product","3":"status-publish","5":"product_cat-bilim-muhendislik","6":"product_cat-populer-bilim","7":"pa_cilt-ciltsiz","8":"pa_tur-kitap","9":"pa_yayinevi-timas-yayinlari","10":"pa_yazar-jamie-bartlett","12":"first","13":"instock","14":"sale","15":"shipping-taxable","16":"purchasable","17":"product-type-simple"},"_links":{"self":[{"href":"https:\/\/roveyayinevi.com.tr\/index.php\/wp-json\/wp\/v2\/product\/707846","targetHints":{"allow":["GET"]}}],"collection":[{"href":"https:\/\/roveyayinevi.com.tr\/index.php\/wp-json\/wp\/v2\/product"}],"about":[{"href":"https:\/\/roveyayinevi.com.tr\/index.php\/wp-json\/wp\/v2\/types\/product"}],"wp:attachment":[{"href":"https:\/\/roveyayinevi.com.tr\/index.php\/wp-json\/wp\/v2\/media?parent=707846"}],"wp:term":[{"taxonomy":"product_brand","embeddable":true,"href":"https:\/\/roveyayinevi.com.tr\/index.php\/wp-json\/wp\/v2\/product_brand?post=707846"},{"taxonomy":"product_cat","embeddable":true,"href":"https:\/\/roveyayinevi.com.tr\/index.php\/wp-json\/wp\/v2\/product_cat?post=707846"},{"taxonomy":"product_tag","embeddable":true,"href":"https:\/\/roveyayinevi.com.tr\/index.php\/wp-json\/wp\/v2\/product_tag?post=707846"}],"curies":[{"name":"wp","href":"https:\/\/api.w.org\/{rel}","templated":true}]}}