{"id":707843,"date":"2025-08-27T16:09:38","date_gmt":"2025-08-27T13:09:38","guid":{"rendered":"https:\/\/roveyayinevi.com.tr\/index.php\/urun\/tesla-elektrik-caginin-mucidi\/"},"modified":"2026-04-16T02:16:26","modified_gmt":"2026-04-15T23:16:26","slug":"tesla-elektrik-caginin-mucidi","status":"publish","type":"product","link":"https:\/\/roveyayinevi.com.tr\/index.php\/urun\/tesla-elektrik-caginin-mucidi\/","title":{"rendered":"Tesla: Elektrik \u00c7a\u011f\u0131n\u0131n Mucidi"},"content":{"rendered":"<p>ABD\u2019de 2013\u2019\u00fcn En \u0130yi Pop\u00fcler Bilim Kitaplar\u0131ndan BiriNikola Tesla\u2019n\u0131n \u00e7a\u011fda\u015f uygarl\u0131\u011fa en b\u00fcy\u00fck katk\u0131lar\u0131ndan biri alternatif ak\u0131mla (AC) i\u015fleyen elektrik motorunu icat etmesiydi. AC motoru elektrik enerjisinin sadece ayd\u0131nlatma yapmak i\u00e7in de\u011fil g\u00fc\u00e7 \u00fcretmek i\u00e7in de kullan\u0131lmas\u0131n\u0131 sa\u011flad\u0131. Bug\u00fcn ev, i\u015fyeri ve fabrikalarda i\u015fleyen makineler AC motoru sayesinde \u00e7al\u0131\u015fmaktad\u0131r. Tesla\u2019n\u0131n di\u011fer \u00f6nemli bulu\u015fu ise kablosuz enerji nakliydi. Bu bulu\u015fu sayesinde \u00e7ok \u00f6nemli birka\u00e7 ba\u015fka teknoloji \u00fcretti: uzaktan kumanda, radar, kablosuz ayd\u0131nlatma ve kablosuz haberle\u015fme. Fakat Tesla onlar\u0131 ticari \u00fcr\u00fcnlere d\u00f6n\u00fc\u015ft\u00fcrmeyi ba\u015faramad\u0131\u011f\u0131 i\u00e7in bug\u00fcn bu bulu\u015flar ve teknolojiler onun ad\u0131yla an\u0131lmaz. Tesla\u2019n\u0131n \u00fcne kavu\u015fmas\u0131nda bu icatlar kadar, ortaya att\u0131\u011f\u0131 b\u00fcy\u00fck fikirler de etkili olmu\u015ftur. \u0130nsanlara bedava kablosuz enerji ve haberle\u015fme imk\u00e2n\u0131 sa\u011flamak, \u201cMarsl\u0131lar\u201d ile ileti\u015fim kurmak, bir robot soyu yaratmak, \u00f6l\u00fcm \u0131\u015f\u0131nlar\u0131 sa\u00e7an bir silah\u0131n cayd\u0131r\u0131c\u0131 g\u00fcc\u00fc sayesinde t\u00fcm sava\u015flara son vermek&#8230; B\u00f6ylesi m\u00fcthi\u015f bulu\u015f ve d\u00fc\u015f\u00fcncelerin onun g\u00fcn\u00fcm\u00fczde pop\u00fclerli\u011fini koruyan bir k\u00fclt\u00fcr fig\u00fcr\u00fc olmas\u0131na yol a\u00e7t\u0131\u011f\u0131na hi\u00e7 \u015fa\u015fmamak gerek.B\u00fcy\u00fck mucidin \u00e7al\u0131\u015fmalar\u0131n\u0131, hayal d\u00fcnyas\u0131n\u0131, d\u00fc\u015f\u00fcncelerini ve hayat\u0131n\u0131 bir b\u00fct\u00fcn olarak ortaya koyan Elektrik \u00c7a\u011f\u0131n\u0131n Mucidi Tesla ABD\u2019de \u201c2013 y\u0131l\u0131n\u0131n en iyi pop\u00fcler bilim kitaplar\u0131ndan biri se\u00e7ildi.<\/p>\n","protected":false},"excerpt":{"rendered":"<p>ABD\u2019de 2013\u2019\u00fcn En \u0130yi Pop\u00fcler Bilim Kitaplar\u0131ndan BiriNikola Tesla\u2019n\u0131n \u00e7a\u011fda\u015f uygarl\u0131\u011fa en b\u00fcy\u00fck katk\u0131lar\u0131ndan biri alternatif ak\u0131mla (AC) i\u015fleyen elektrik motorunu icat etmesiydi. AC motoru elektrik<span class=\"excerpt-hellip\"> [\u2026]<\/span><\/p>\n","protected":false},"featured_media":0,"template":"","meta":{"_monsterinsights_skip_tracking":false,"_monsterinsights_sitenote_active":false,"_monsterinsights_sitenote_note":"","_monsterinsights_sitenote_category":0},"product_brand":[],"product_cat":[13005,13006],"product_tag":[],"class_list":{"0":"post-707843","1":"product","2":"type-product","3":"status-publish","5":"product_cat-bilim-muhendislik","6":"product_cat-populer-bilim","7":"pa_cilt-ciltsiz","8":"pa_tur-kitap","9":"pa_yayinevi-say-yayinlari","10":"pa_yazar-w-bernard-carlson","12":"first","13":"instock","14":"sale","15":"shipping-taxable","16":"purchasable","17":"product-type-simple"},"_links":{"self":[{"href":"https:\/\/roveyayinevi.com.tr\/index.php\/wp-json\/wp\/v2\/product\/707843","targetHints":{"allow":["GET"]}}],"collection":[{"href":"https:\/\/roveyayinevi.com.tr\/index.php\/wp-json\/wp\/v2\/product"}],"about":[{"href":"https:\/\/roveyayinevi.com.tr\/index.php\/wp-json\/wp\/v2\/types\/product"}],"wp:attachment":[{"href":"https:\/\/roveyayinevi.com.tr\/index.php\/wp-json\/wp\/v2\/media?parent=707843"}],"wp:term":[{"taxonomy":"product_brand","embeddable":true,"href":"https:\/\/roveyayinevi.com.tr\/index.php\/wp-json\/wp\/v2\/product_brand?post=707843"},{"taxonomy":"product_cat","embeddable":true,"href":"https:\/\/roveyayinevi.com.tr\/index.php\/wp-json\/wp\/v2\/product_cat?post=707843"},{"taxonomy":"product_tag","embeddable":true,"href":"https:\/\/roveyayinevi.com.tr\/index.php\/wp-json\/wp\/v2\/product_tag?post=707843"}],"curies":[{"name":"wp","href":"https:\/\/api.w.org\/{rel}","templated":true}]}}