{"id":707842,"date":"2025-08-27T16:09:38","date_gmt":"2025-08-27T13:09:38","guid":{"rendered":"https:\/\/roveyayinevi.com.tr\/index.php\/urun\/yesil-gunluk\/"},"modified":"2026-04-16T02:16:26","modified_gmt":"2026-04-15T23:16:26","slug":"yesil-gunluk","status":"publish","type":"product","link":"https:\/\/roveyayinevi.com.tr\/index.php\/urun\/yesil-gunluk\/","title":{"rendered":"Ye\u015fil G\u00fcnl\u00fck"},"content":{"rendered":"<p>Ye\u015fil G\u00fcnl\u00fck, hem okuyarak hem dokunarak hem g\u00f6zlemleyerek \u00f6\u011freten bir bitki tan\u0131ma rehberi. \u0130lk sayfalar\u0131nda tohum, \u00e7i\u00e7ek, meyve, a\u011fa\u00e7 vs gibi kavramlar\u0131n ne demek oldu\u011fu, tohumdan bitki elde etme yollar\u0131, botanik biliminin anlam\u0131 anlat\u0131l\u0131yor. Ard\u0131ndan as\u0131l heyecan ba\u015fl\u0131yor. Her sol sayfada bir a\u011fac\u0131n tam sayfa \u00e7izimi veriliyor. Sa\u011f sayfalar ise o a\u011fac\u0131n yapra\u011f\u0131n\u0131n bulunup yap\u0131\u015ft\u0131r\u0131lmas\u0131 i\u00e7in y\u00f6nlendiriyor. Okurdan, elinde Ye\u015fil G\u00fcnl\u00fck\u2019\u00fcyle ormanlar\u0131, bah\u00e7eleri, parklar\u0131 gezmesi; ard\u0131ndan kitaptaki a\u011fa\u00e7lar\u0131n ve bitkilerin yapraklar\u0131n\u0131 toplay\u0131p g\u00fcnl\u00fc\u011f\u00fcnde biriktirmesi bekleniyor. B\u00f6ylece kitap bitti\u011finde T\u00fcrkiye\u2019nin 36 bitki ve a\u011fac\u0131n\u0131n isimlerini, \u00f6zelliklerini \u00f6\u011frenmi\u015f ve g\u00fcnl\u00fc\u011f\u00fcnde yapraklar\u0131n\u0131 biriktirmi\u015f oluyor. Ayr\u0131ca, kitapla birlikte verilen mini ah\u015fap k\u00fcrek ve i\u00e7lerinde fesle\u011fen, domates, biber, maydanoz tohumlar\u0131 bulunan tohum zarflar\u0131 sayesinde okur, evinde kendi bitkilerini yeti\u015ftirebiliyor. B\u00fct\u00fcn bunlar\u0131 yaparken kalemini ve di\u011fer malzemelerini ise Ye\u015fil G\u00fcnl\u00fck\u2019\u00fcn ham ketenden \u00fcretilmi\u015f k\u0131l\u0131f\u0131nda bulunan kalem kutusunda saklayabiliyor. <\/p>\n","protected":false},"excerpt":{"rendered":"<p>Ye\u015fil G\u00fcnl\u00fck, hem okuyarak hem dokunarak hem g\u00f6zlemleyerek \u00f6\u011freten bir bitki tan\u0131ma rehberi. \u0130lk sayfalar\u0131nda tohum, \u00e7i\u00e7ek, meyve, a\u011fa\u00e7 vs gibi kavramlar\u0131n ne demek oldu\u011fu, tohumdan<span class=\"excerpt-hellip\"> [\u2026]<\/span><\/p>\n","protected":false},"featured_media":0,"template":"","meta":{"_monsterinsights_skip_tracking":false,"_monsterinsights_sitenote_active":false,"_monsterinsights_sitenote_note":"","_monsterinsights_sitenote_category":0},"product_brand":[],"product_cat":[45260,15563],"product_tag":[],"class_list":{"0":"post-707842","1":"product","2":"type-product","3":"status-publish","5":"product_cat-bahce-duzenlemesi","6":"product_cat-hobi","7":"pa_cilt-ciltsiz","8":"pa_tur-kitap","9":"pa_yayinevi-taze-kitap","10":"pa_yazar-fatih-dikmen","12":"first","13":"instock","14":"sale","15":"shipping-taxable","16":"purchasable","17":"product-type-simple"},"_links":{"self":[{"href":"https:\/\/roveyayinevi.com.tr\/index.php\/wp-json\/wp\/v2\/product\/707842","targetHints":{"allow":["GET"]}}],"collection":[{"href":"https:\/\/roveyayinevi.com.tr\/index.php\/wp-json\/wp\/v2\/product"}],"about":[{"href":"https:\/\/roveyayinevi.com.tr\/index.php\/wp-json\/wp\/v2\/types\/product"}],"wp:attachment":[{"href":"https:\/\/roveyayinevi.com.tr\/index.php\/wp-json\/wp\/v2\/media?parent=707842"}],"wp:term":[{"taxonomy":"product_brand","embeddable":true,"href":"https:\/\/roveyayinevi.com.tr\/index.php\/wp-json\/wp\/v2\/product_brand?post=707842"},{"taxonomy":"product_cat","embeddable":true,"href":"https:\/\/roveyayinevi.com.tr\/index.php\/wp-json\/wp\/v2\/product_cat?post=707842"},{"taxonomy":"product_tag","embeddable":true,"href":"https:\/\/roveyayinevi.com.tr\/index.php\/wp-json\/wp\/v2\/product_tag?post=707842"}],"curies":[{"name":"wp","href":"https:\/\/api.w.org\/{rel}","templated":true}]}}