{"id":707840,"date":"2025-08-27T16:09:37","date_gmt":"2025-08-27T13:09:37","guid":{"rendered":"https:\/\/roveyayinevi.com.tr\/index.php\/urun\/belki-bir-gun-2\/"},"modified":"2026-04-16T02:16:26","modified_gmt":"2026-04-15T23:16:26","slug":"belki-bir-gun-2","status":"publish","type":"product","link":"https:\/\/roveyayinevi.com.tr\/index.php\/urun\/belki-bir-gun-2\/","title":{"rendered":"Belki Bir G\u00fcn"},"content":{"rendered":"<p>H\u0130\u00c7 TANIMADI\u011eI B\u0130R\u0130NE \u00c2\u015eIK OLUR MU \u0130NSAN?Tess ve George:Birbiri i\u00e7in yarat\u0131lm\u0131\u015f iki kalp.Ayn\u0131 \u015fehirlerde, ayr\u0131 hayatlarda.Birbirinden habersiz kendi ya\u015famlar\u0131n\u0131elleri kollar\u0131 ba\u011fl\u0131 s\u00fcrd\u00fcr\u00fcp, arzular\u0131n\u0131 anlamayansevgililere mahk\u00fbm iki beden.Tutkusuz, mutsuz, \u00e7aresiz.Ta ki o geceye kadar.George evlenmi\u015ftir, bir de k\u0131z\u0131 vard\u0131r.Tess ise erkek arkada\u015f\u0131yla evlilik e\u015fi\u011findedir.Derken bir g\u00fcn ortak arkada\u015flar\u0131n\u0131ndo\u011fum g\u00fcn\u00fc partisinde kar\u015f\u0131 kar\u015f\u0131ya gelirler.Peki, her \u015fey i\u00e7in \u00e7ok mu ge\u00e7tir?Yoksa bir ad\u0131m sonras\u0131 felaket midir?\u201cHarikulade bir ilk roman.Hi\u00e7 \u015f\u00fcphesiz okurlar, Marianne Kavanagh\u2019dan daha fazlas\u0131n\u0131 isteyecek.\u201d\u2013Booklist\u201cZarafetle dokunmu\u015f g\u00f6z kama\u015ft\u0131r\u0131c\u0131 bir eser.\u201d\u2013Sydney Morning Herald\u201cHer ya\u015ftan okuru kendisine \u00e7ekecek heyecan dolu bir hik\u00e2ye.\u201d\u2013Lady UK\u201cTek kelimeyle muhte\u015fem.Hayat dolu, romantik bir roman.\u201d <\/p>\n","protected":false},"excerpt":{"rendered":"<p>H\u0130\u00c7 TANIMADI\u011eI B\u0130R\u0130NE \u00c2\u015eIK OLUR MU \u0130NSAN?Tess ve George:Birbiri i\u00e7in yarat\u0131lm\u0131\u015f iki kalp.Ayn\u0131 \u015fehirlerde, ayr\u0131 hayatlarda.Birbirinden habersiz kendi ya\u015famlar\u0131n\u0131elleri kollar\u0131 ba\u011fl\u0131 s\u00fcrd\u00fcr\u00fcp, arzular\u0131n\u0131 anlamayansevgililere mahk\u00fbm iki<span class=\"excerpt-hellip\"> [\u2026]<\/span><\/p>\n","protected":false},"featured_media":0,"template":"","meta":{"_monsterinsights_skip_tracking":false,"_monsterinsights_sitenote_active":false,"_monsterinsights_sitenote_note":"","_monsterinsights_sitenote_category":0},"product_brand":[],"product_cat":[26663],"product_tag":[],"class_list":{"0":"post-707840","1":"product","2":"type-product","3":"status-publish","5":"product_cat-undefined","6":"pa_cilt-ciltli","7":"pa_tur-kitap","8":"pa_yayinevi-parodi-yayinlari","9":"pa_yazar-marianne-kavanagh","11":"first","12":"instock","13":"sale","14":"shipping-taxable","15":"purchasable","16":"product-type-simple"},"_links":{"self":[{"href":"https:\/\/roveyayinevi.com.tr\/index.php\/wp-json\/wp\/v2\/product\/707840","targetHints":{"allow":["GET"]}}],"collection":[{"href":"https:\/\/roveyayinevi.com.tr\/index.php\/wp-json\/wp\/v2\/product"}],"about":[{"href":"https:\/\/roveyayinevi.com.tr\/index.php\/wp-json\/wp\/v2\/types\/product"}],"wp:attachment":[{"href":"https:\/\/roveyayinevi.com.tr\/index.php\/wp-json\/wp\/v2\/media?parent=707840"}],"wp:term":[{"taxonomy":"product_brand","embeddable":true,"href":"https:\/\/roveyayinevi.com.tr\/index.php\/wp-json\/wp\/v2\/product_brand?post=707840"},{"taxonomy":"product_cat","embeddable":true,"href":"https:\/\/roveyayinevi.com.tr\/index.php\/wp-json\/wp\/v2\/product_cat?post=707840"},{"taxonomy":"product_tag","embeddable":true,"href":"https:\/\/roveyayinevi.com.tr\/index.php\/wp-json\/wp\/v2\/product_tag?post=707840"}],"curies":[{"name":"wp","href":"https:\/\/api.w.org\/{rel}","templated":true}]}}