{"id":707836,"date":"2025-08-27T16:09:29","date_gmt":"2025-08-27T13:09:29","guid":{"rendered":"https:\/\/roveyayinevi.com.tr\/index.php\/urun\/uc-yaprakli-yonca\/"},"modified":"2026-04-16T02:16:26","modified_gmt":"2026-04-15T23:16:26","slug":"uc-yaprakli-yonca","status":"publish","type":"product","link":"https:\/\/roveyayinevi.com.tr\/index.php\/urun\/uc-yaprakli-yonca\/","title":{"rendered":"\u00dc\u00e7 Yaprakl\u0131 Yonca"},"content":{"rendered":"<p>\u201cHayat hayatt\u0131r \u00e7\u00fcnk\u00fc, roman da romand\u0131r. Ve hayat, ancak yaz\u0131l\u0131rsa, d\u00f6n\u00fc\u015ft\u00fcr\u00fcl\u00fcrse roman olur.\u201dKendinizi bir roman kahraman\u0131yla \u00f6zde\u015fle\u015ftirdiniz mi hi\u00e7? Elinizde olmayan sebeplerle yitirdikleriniz yerine ba\u015fka \u015feyler koyarak kendinizi avuttu\u011funuz zamanlar oldu mu hayat\u0131n\u0131zda?K\u00f6yde babaannesiyle birlikte ya\u015fayan ve girdi\u011fi s\u0131navda \u0130zmir K\u0131z Lisesi\u2019nde okumaya hak kazanan \u00d6zge, nicedir kendi Mutluluk Soka\u011f\u0131\u2019n\u0131 ar\u0131yor. Okula yeni ba\u015flad\u0131\u011f\u0131 g\u00fcnlerde, daha \u00f6nce okudu\u011fu ve i\u00e7inde adeta kendini buldu\u011fu Mutluluk Soka\u011f\u0131\u2019n\u0131n yazar\u0131yla tan\u0131\u015fma f\u0131rsat\u0131 yakalay\u0131nca da hayat\u0131n\u0131n seyri bir anda de\u011fi\u015fiyor. Yazar\u0131n, \u00d6zge\u2019ye imzalad\u0131\u011f\u0131 kitab\u0131n son sayfas\u0131na yazd\u0131\u011f\u0131 sihirli s\u00f6zc\u00fckler ve i\u015faretler, uzun soluklu bir edebiyat yolculu\u011funun ve tad\u0131na doyum olmaz yaz\u0131 derslerinin de fi\u015fekleyicisi oluyor.Hayalleriyle var olan \u00d6zge, hayat\u0131n gizlerini, ge\u00e7mi\u015fin s\u0131rlar\u0131n\u0131 ve gelece\u011fin bilinmeyen \u0131\u015f\u0131lt\u0131lar\u0131n\u0131 r\u00fcyalar\u0131nda derinle\u015ftiriyor. Her f\u0131rsatta hayallerine s\u0131\u011f\u0131nan bu deli\u015fmen k\u0131z kendi Mutluluk Soka\u011f\u0131\u2019n\u0131n izini s\u00fcrerken, dinmeyen merak\u0131 ve bitmek bilmez sorular\u0131yla usta bir yazar\u0131n yaz\u0131n ser\u00fcvenine de yolda\u015fl\u0131k ediyor.Yazar\u0131n, \u00d6zge\u2019nin, yani kendi gelece\u011fine y\u00f6n vermesini ve bu y\u00fczden de \u00e7ok sevilen Mutluluk Soka\u011f\u0131 roman\u0131na devam etmesini arzulayan \u00dc\u00e7 Yaprakl\u0131 Yonca\u2019n\u0131n \u00d6zge\u2019si, bir s\u00fcre sonra yazar\u0131n onun i\u00e7in kurgulad\u0131\u011f\u0131 bir oyunla kendi hayat\u0131n\u0131 ve varolu\u015f sebebini sorgulad\u0131\u011f\u0131 bir yaz\u0131 ser\u00fcvenine s\u00fcr\u00fckleniyor.Ayaklar\u0131n\u0131 herkesten gizleyen \u00d6zge ger\u00e7e\u011fi neden ve kimden sakl\u0131yor? S\u0131rlar\u0131n\u0131, b\u00fcy\u00fcl\u00fc atmosferiyle dikkat \u00e7eken \u0130zmir K\u0131z Lisesi\u2019nin duvarlar\u0131na hayk\u0131ran bu gizemli k\u0131z neden hayata tutunabilmek i\u00e7in Mutluluk Soka\u011f\u0131 roman\u0131na s\u0131\u011f\u0131n\u0131yor?\u00c7ocuk ve gen\u00e7lik edebiyat\u0131m\u0131z\u0131n \u00fcretken yazarlar\u0131ndan Ferda \u0130zbudak Ak\u0131nc\u0131\u2019n\u0131n kaleme ald\u0131\u011f\u0131 \u00dc\u00e7 Yaprakl\u0131 Yonca, yazar\u0131n on binlerce kitapseverin hayallerine \u0131\u015f\u0131k tutan Mutluluk Soka\u011f\u0131 isimli roman\u0131 ile girift bir \u015fekilde i\u00e7 i\u00e7e ge\u00e7en usta i\u015fi bir kitap.Mutluluk Soka\u011f\u0131\u2019n\u0131 okuyanlar\u0131n ufkunu geni\u015fletecek, okumayanlar\u0131 ise b\u00fcy\u00fck bir hevesle okumaya itecek \u00dc\u00e7 Yaprakl\u0131 Yonca, \u00f6zg\u00fcn kurgusuyla kendini arayan bir k\u0131z\u0131n hik\u00e2yesini derinlerden g\u00fcn y\u00fcz\u00fcne ta\u015f\u0131rken, ayn\u0131 zamanda, yazma, yaratma s\u00fcre\u00e7lerine dair de\u011ferli ipu\u00e7lar\u0131 da sunan ger\u00e7ek bir ba\u015fucu kitab\u0131&#8230;<\/p>\n","protected":false},"excerpt":{"rendered":"<p>\u201cHayat hayatt\u0131r \u00e7\u00fcnk\u00fc, roman da romand\u0131r. Ve hayat, ancak yaz\u0131l\u0131rsa, d\u00f6n\u00fc\u015ft\u00fcr\u00fcl\u00fcrse roman olur.\u201dKendinizi bir roman kahraman\u0131yla \u00f6zde\u015fle\u015ftirdiniz mi hi\u00e7? Elinizde olmayan sebeplerle yitirdikleriniz yerine ba\u015fka \u015feyler<span class=\"excerpt-hellip\"> [\u2026]<\/span><\/p>\n","protected":false},"featured_media":0,"template":"","meta":{"_monsterinsights_skip_tracking":false,"_monsterinsights_sitenote_active":false,"_monsterinsights_sitenote_note":"","_monsterinsights_sitenote_category":0},"product_brand":[],"product_cat":[12275,12274],"product_tag":[],"class_list":{"0":"post-707836","1":"product","2":"type-product","3":"status-publish","5":"product_cat-6-12-yas-kitaplari","6":"product_cat-cocuk-ve-genclik-kitaplari","7":"pa_cilt-ciltsiz","8":"pa_tur-kitap","9":"pa_yayinevi-tudem-yayinlari","10":"pa_yazar-ferda-izbudak-akinci","12":"first","13":"instock","14":"sale","15":"shipping-taxable","16":"purchasable","17":"product-type-simple"},"_links":{"self":[{"href":"https:\/\/roveyayinevi.com.tr\/index.php\/wp-json\/wp\/v2\/product\/707836","targetHints":{"allow":["GET"]}}],"collection":[{"href":"https:\/\/roveyayinevi.com.tr\/index.php\/wp-json\/wp\/v2\/product"}],"about":[{"href":"https:\/\/roveyayinevi.com.tr\/index.php\/wp-json\/wp\/v2\/types\/product"}],"wp:attachment":[{"href":"https:\/\/roveyayinevi.com.tr\/index.php\/wp-json\/wp\/v2\/media?parent=707836"}],"wp:term":[{"taxonomy":"product_brand","embeddable":true,"href":"https:\/\/roveyayinevi.com.tr\/index.php\/wp-json\/wp\/v2\/product_brand?post=707836"},{"taxonomy":"product_cat","embeddable":true,"href":"https:\/\/roveyayinevi.com.tr\/index.php\/wp-json\/wp\/v2\/product_cat?post=707836"},{"taxonomy":"product_tag","embeddable":true,"href":"https:\/\/roveyayinevi.com.tr\/index.php\/wp-json\/wp\/v2\/product_tag?post=707836"}],"curies":[{"name":"wp","href":"https:\/\/api.w.org\/{rel}","templated":true}]}}