{"id":707835,"date":"2025-08-27T16:09:28","date_gmt":"2025-08-27T13:09:28","guid":{"rendered":"https:\/\/roveyayinevi.com.tr\/index.php\/urun\/psikanaliz-uzerine-yeni-arastirmalar-ve-bulgular\/"},"modified":"2026-04-16T02:16:26","modified_gmt":"2026-04-15T23:16:26","slug":"psikanaliz-uzerine-yeni-arastirmalar-ve-bulgular","status":"publish","type":"product","link":"https:\/\/roveyayinevi.com.tr\/index.php\/urun\/psikanaliz-uzerine-yeni-arastirmalar-ve-bulgular\/","title":{"rendered":"Psikanaliz \u00dczerine Yeni Ara\u015ft\u0131rmalar ve Bulgular"},"content":{"rendered":"<p>Freud\u2019un 1915-1917 y\u0131llar\u0131 aras\u0131nda geni\u015f bir dinleyici kitlesine vermi\u015f oldu\u011fu temel psikanaliz konferanslar\u0131 \u00fczerinden kaleme ald\u0131\u011f\u0131 Psikanalize Giri\u015f\u2019in son k\u0131sm\u0131 olan bu kitap, Freud\u2019un psikanaliz \u00fczerine son ara\u015ft\u0131rmalar\u0131n\u0131 ve bulgular\u0131n\u0131 i\u00e7eriyor. Bu yeni derslerin di\u011ferlerine olan ba\u011fl\u0131l\u0131\u011f\u0131, onlardaki say\u0131sal dizilimi s\u00fcrd\u00fcr\u00fcp 29. Ders\u2019ten ba\u015flamas\u0131d\u0131r. Freud bu eseri ile, o zamanlarda daha hen\u00fcz yeni bir alan olan psikanalize ilgi g\u00f6sterece\u011fini bekledi\u011fi \u201cayd\u0131nlar toplulu\u011funa\u201d y\u00f6nelmektedir. Kendisinin de aktard\u0131\u011f\u0131 gibi bu derslerde, sadelik, taml\u0131k ve b\u00fct\u00fcnl\u00fck g\u00f6r\u00fcn\u00fcm\u00fc uyand\u0131racak diye \u00f6zverilerde bulunmaktan ka\u00e7\u0131nmak, sorunlar\u0131 b\u00fct\u00fcn \u00e7\u0131plakl\u0131\u011f\u0131yla ortaya koymak, bo\u015fluklar\u0131 ve g\u00fcven duygusu uyand\u0131rmayan noktalar\u0131 yads\u0131mamak ba\u015fl\u0131ca amac\u0131 olmu\u015ftur. Psikanaliz \u00dczerine Yeni Ara\u015ft\u0131rmalar ve Bulgular, Freudcu analiz konusunda bilinmesi gereken temel ve \u00f6zl\u00fc bilgiler i\u00e7ermesi bak\u0131m\u0131ndan vazge\u00e7ilmez de\u011ferde bir anahtar kitap olma \u00f6zelli\u011fi ta\u015f\u0131maktad\u0131r. i<\/p>\n","protected":false},"excerpt":{"rendered":"<p>Freud\u2019un 1915-1917 y\u0131llar\u0131 aras\u0131nda geni\u015f bir dinleyici kitlesine vermi\u015f oldu\u011fu temel psikanaliz konferanslar\u0131 \u00fczerinden kaleme ald\u0131\u011f\u0131 Psikanalize Giri\u015f\u2019in son k\u0131sm\u0131 olan bu kitap, Freud\u2019un psikanaliz \u00fczerine<span class=\"excerpt-hellip\"> [\u2026]<\/span><\/p>\n","protected":false},"featured_media":0,"template":"","meta":{"_monsterinsights_skip_tracking":false,"_monsterinsights_sitenote_active":false,"_monsterinsights_sitenote_note":"","_monsterinsights_sitenote_category":0},"product_brand":[],"product_cat":[13772,12364],"product_tag":[],"class_list":{"0":"post-707835","1":"product","2":"type-product","3":"status-publish","5":"product_cat-basvuru-kitaplari","6":"product_cat-genel-konular","7":"pa_cilt-ciltsiz","8":"pa_tur-kitap","9":"pa_yayinevi-say-yayinlari","10":"pa_yazar-sigmund-freud","12":"first","13":"instock","14":"sale","15":"shipping-taxable","16":"purchasable","17":"product-type-simple"},"_links":{"self":[{"href":"https:\/\/roveyayinevi.com.tr\/index.php\/wp-json\/wp\/v2\/product\/707835","targetHints":{"allow":["GET"]}}],"collection":[{"href":"https:\/\/roveyayinevi.com.tr\/index.php\/wp-json\/wp\/v2\/product"}],"about":[{"href":"https:\/\/roveyayinevi.com.tr\/index.php\/wp-json\/wp\/v2\/types\/product"}],"wp:attachment":[{"href":"https:\/\/roveyayinevi.com.tr\/index.php\/wp-json\/wp\/v2\/media?parent=707835"}],"wp:term":[{"taxonomy":"product_brand","embeddable":true,"href":"https:\/\/roveyayinevi.com.tr\/index.php\/wp-json\/wp\/v2\/product_brand?post=707835"},{"taxonomy":"product_cat","embeddable":true,"href":"https:\/\/roveyayinevi.com.tr\/index.php\/wp-json\/wp\/v2\/product_cat?post=707835"},{"taxonomy":"product_tag","embeddable":true,"href":"https:\/\/roveyayinevi.com.tr\/index.php\/wp-json\/wp\/v2\/product_tag?post=707835"}],"curies":[{"name":"wp","href":"https:\/\/api.w.org\/{rel}","templated":true}]}}