{"id":707834,"date":"2025-08-27T16:09:28","date_gmt":"2025-08-27T13:09:28","guid":{"rendered":"https:\/\/roveyayinevi.com.tr\/index.php\/urun\/iskandinav-mitolojisi\/"},"modified":"2026-04-16T02:16:26","modified_gmt":"2026-04-15T23:16:26","slug":"iskandinav-mitolojisi","status":"publish","type":"product","link":"https:\/\/roveyayinevi.com.tr\/index.php\/urun\/iskandinav-mitolojisi\/","title":{"rendered":"\u0130skandinav Mitolojisi"},"content":{"rendered":"<p>Yanan buzlar, buz gibi alevler&#8230; \u0130\u015fte hayat b\u00f6yle ba\u015flad\u0131&#8230;Kuzey\u2019den gelen buz ile G\u00fcney\u2019den gelen ate\u015f, geni\u015f u\u00e7urumlarda birle\u015fir. Ortaya \u00e7\u0131kan iki varl\u0131k, bir buz canavar\u0131 olan Ymir ile Audumla ad\u0131ndaki bir inektir. \u0130nek yalayarak buzdan bir insan ortaya \u00e7\u0131kar\u0131r ve bu adam\u0131n \u00fc\u00e7 torunu Odin, Vili ve Ve isimli tanr\u0131lard\u0131r. Bu \u00fc\u00e7 karde\u015f dev Ymir\u2019i \u00f6ld\u00fcr\u00fcp onun v\u00fccudundan 9 d\u00fcnyay\u0131 yarat\u0131rlar.D\u00fcnyan\u0131n en etkili, en dramatik, en heyecanl\u0131 ve ilgi \u00e7ekici hik\u00e2yelerinin topland\u0131\u011f\u0131 \u0130skandinav Mitolojisi, \u0130skandinavlar\u0131n tanr\u0131lar ve tanr\u0131\u00e7alar, kahramanlar ve canavarlar, sava\u015flar ve birlikteliklerle dolu ilgin\u00e7 ve fantastik d\u00fcnyas\u0131n\u0131n kap\u0131lar\u0131n\u0131 ard\u0131na kadar a\u00e7\u0131yor ve bizi d\u00fcnyan\u0131n yarat\u0131l\u0131\u015f\u0131ndan ba\u015flayarak Asgard\u2019\u0131n duvar\u0131n\u0131n yap\u0131l\u0131\u015f\u0131na, son olarak da Ragnarok\u2019a kadar s\u00fcren bir yolculu\u011fa \u00e7\u0131kar\u0131yor. Odin, Thor ve Loki gibi efsanevi kahramanlar\u0131n \u00fcst\u00fcn ba\u015far\u0131lar\u0131n\u0131 masals\u0131 bir dille aktar\u0131rken onlar\u0131n tutku, zalimlik ve kahramanl\u0131k dolu maceralar\u0131 da Yggdrasill\u2019in g\u00f6lgesinde sanki yeniden hayat buluyor.G\u00f6rkemli ya da do\u011fal, kahramanca ya da komik, romantik ya da berbat, korkun\u00e7 ya da nazik, son derece ironik ya da son derece hareketli; burada tekrar anlat\u0131lan mitler ruhlar\u0131n\u0131 ve \u00f6zlerini teslim ediyor.\u2013The Times Literary Supplement <\/p>\n","protected":false},"excerpt":{"rendered":"<p>Yanan buzlar, buz gibi alevler&#8230; \u0130\u015fte hayat b\u00f6yle ba\u015flad\u0131&#8230;Kuzey\u2019den gelen buz ile G\u00fcney\u2019den gelen ate\u015f, geni\u015f u\u00e7urumlarda birle\u015fir. Ortaya \u00e7\u0131kan iki varl\u0131k, bir buz canavar\u0131 olan<span class=\"excerpt-hellip\"> [\u2026]<\/span><\/p>\n","protected":false},"featured_media":0,"template":"","meta":{"_monsterinsights_skip_tracking":false,"_monsterinsights_sitenote_active":false,"_monsterinsights_sitenote_note":"","_monsterinsights_sitenote_category":0},"product_brand":[],"product_cat":[12370,12304],"product_tag":[],"class_list":{"0":"post-707834","1":"product","2":"type-product","3":"status-publish","5":"product_cat-arastirma-inceleme","6":"product_cat-tarih","7":"pa_cilt-ciltsiz","8":"pa_tur-kitap","9":"pa_yayinevi-say-yayinlari","10":"pa_yazar-kevin-crossley-holland","12":"first","13":"instock","14":"sale","15":"shipping-taxable","16":"purchasable","17":"product-type-simple"},"_links":{"self":[{"href":"https:\/\/roveyayinevi.com.tr\/index.php\/wp-json\/wp\/v2\/product\/707834","targetHints":{"allow":["GET"]}}],"collection":[{"href":"https:\/\/roveyayinevi.com.tr\/index.php\/wp-json\/wp\/v2\/product"}],"about":[{"href":"https:\/\/roveyayinevi.com.tr\/index.php\/wp-json\/wp\/v2\/types\/product"}],"wp:attachment":[{"href":"https:\/\/roveyayinevi.com.tr\/index.php\/wp-json\/wp\/v2\/media?parent=707834"}],"wp:term":[{"taxonomy":"product_brand","embeddable":true,"href":"https:\/\/roveyayinevi.com.tr\/index.php\/wp-json\/wp\/v2\/product_brand?post=707834"},{"taxonomy":"product_cat","embeddable":true,"href":"https:\/\/roveyayinevi.com.tr\/index.php\/wp-json\/wp\/v2\/product_cat?post=707834"},{"taxonomy":"product_tag","embeddable":true,"href":"https:\/\/roveyayinevi.com.tr\/index.php\/wp-json\/wp\/v2\/product_tag?post=707834"}],"curies":[{"name":"wp","href":"https:\/\/api.w.org\/{rel}","templated":true}]}}