{"id":707833,"date":"2025-08-27T16:09:27","date_gmt":"2025-08-27T13:09:27","guid":{"rendered":"https:\/\/roveyayinevi.com.tr\/index.php\/urun\/tarikat-cemaat-kadin\/"},"modified":"2026-04-16T02:16:26","modified_gmt":"2026-04-15T23:16:26","slug":"tarikat-cemaat-kadin","status":"publish","type":"product","link":"https:\/\/roveyayinevi.com.tr\/index.php\/urun\/tarikat-cemaat-kadin\/","title":{"rendered":"Tarikat, Cemaat, Kad\u0131n"},"content":{"rendered":"<p>\u0130slam d\u00fcnyas\u0131 felsefe, ak\u0131l ve bilimle kurdu\u011fu kadim gelene\u011fini, Gazali\u2019den itibaren siyasal \u0130slam\u2019a don\u00fc\u015ft\u00fcrerek, medeniyet yaratan bir dini, Tanr\u0131\u2019ya siyasi iktidar arma\u011fan etmeye programlanm\u0131\u015f \u0130slamc\u0131l\u0131kla s\u0131n\u0131rland\u0131r\u0131p baya\u011f\u0131la\u015ft\u0131rd\u0131. B\u00f6ylece siyasal din ile belirlenen s\u00fcre\u00e7 Modernizm kar\u015f\u0131s\u0131nda daha da keskinle\u015ferek \u015feriat ve hilafeti, M\u00fcsl\u00fcmanlar\u0131n kendilerine a\u00e7t\u0131klar\u0131 kutsal sava\u015f\u0131n paradigmalar\u0131 olarak \u00fcretti.\u201cMilliyet\u00e7i-Muhafazak\u00e2rl\u0131k\u201d, Do\u011fulunun yine Do\u011fulu kalarak kendisini \u201cBat\u0131l\u0131\u201d olarak tan\u0131mlay\u0131p M\u00fcsl\u00fcman \u00e7o\u011funlu\u011fa \u015feriat ve hilafet s\u00f6ylemiyle \u00fcst\u00fcnl\u00fck kurman\u0131n iki farkl\u0131 y\u00fcz\u00fcd\u00fcr. \u0130\u00e7teki y\u00fcz\u00fc Bat\u0131 ad\u0131na davranan s\u00f6m\u00fcrgen bir Do\u011fulu, d\u0131\u015ftaki y\u00fcz\u00fc ise egemenlik kurduklar\u0131 \u00e7o\u011funluk M\u00fcsl\u00fcman halklar ad\u0131na dini s\u00f6ylem geli\u015ftirdikleri politik y\u00fcz\u00fcd\u00fcr. Ba\u015fka bir deyi\u015fle, milliyet\u00e7ilikle Bat\u0131l\u0131, muhafazak\u00e2rl\u0131kla Do\u011fulu olmak, \u0130slam\u2019\u0131n ba\u015flang\u0131c\u0131ndan bug\u00fcne s\u00fcregelen \u201cM\u00fcsl\u00fcman\u2019\u0131n M\u00fcsl\u00fcman \u00fczerinde siyasal egemenlik kurmas\u0131\u201d m\u00fccadelesinin tarihsel fiyaskosunun \u201cNeo-Oryantalist\u201d anlat\u0131m\u0131d\u0131r.Oryantalizm\u2019in Do\u011fulu tarz\u0131 olan Neo-Oryantalizm, tarihsel s\u00fcre\u00e7te \u0130slam\u2019\u0131n do\u011fas\u0131n\u0131 zorlayarak kurmaya \u00e7al\u0131\u015ft\u0131\u011f\u0131 bu politik dini egemenli\u011fin modern \u00e7a\u011fda da ba\u015far\u0131s\u0131zl\u0131\u011fa mahk\u00fbm olmas\u0131n\u0131n ac\u0131s\u0131n\u0131 kad\u0131ndan \u00e7\u0131karman\u0131n yollar\u0131n\u0131 aramaktad\u0131r.Tarikat, Cemaat, Kad\u0131n, Neo-Oryantalist tarikat ve cemaatlerin kad\u0131n \u00fczerinden nas\u0131l siyasal \u0130slamc\u0131 bir hegemonya kurmaya \u00e7al\u0131\u015ft\u0131klar\u0131n\u0131 felsefi a\u00e7\u0131dan irdeleyen bir kitap.- Prof.Dr. \u015eahin Filiz <\/p>\n","protected":false},"excerpt":{"rendered":"<p>\u0130slam d\u00fcnyas\u0131 felsefe, ak\u0131l ve bilimle kurdu\u011fu kadim gelene\u011fini, Gazali\u2019den itibaren siyasal \u0130slam\u2019a don\u00fc\u015ft\u00fcrerek, medeniyet yaratan bir dini, Tanr\u0131\u2019ya siyasi iktidar arma\u011fan etmeye programlanm\u0131\u015f \u0130slamc\u0131l\u0131kla s\u0131n\u0131rland\u0131r\u0131p<span class=\"excerpt-hellip\"> [\u2026]<\/span><\/p>\n","protected":false},"featured_media":0,"template":"","meta":{"_monsterinsights_skip_tracking":false,"_monsterinsights_sitenote_active":false,"_monsterinsights_sitenote_note":"","_monsterinsights_sitenote_category":0},"product_brand":[],"product_cat":[12718,12719],"product_tag":[],"class_list":{"0":"post-707833","1":"product","2":"type-product","3":"status-publish","5":"product_cat-din","6":"product_cat-islam","7":"pa_cilt-ciltsiz","8":"pa_tur-kitap","9":"pa_yayinevi-say-yayinlari","10":"pa_yazar-sahin-filiz","12":"first","13":"instock","14":"sale","15":"shipping-taxable","16":"purchasable","17":"product-type-simple"},"_links":{"self":[{"href":"https:\/\/roveyayinevi.com.tr\/index.php\/wp-json\/wp\/v2\/product\/707833","targetHints":{"allow":["GET"]}}],"collection":[{"href":"https:\/\/roveyayinevi.com.tr\/index.php\/wp-json\/wp\/v2\/product"}],"about":[{"href":"https:\/\/roveyayinevi.com.tr\/index.php\/wp-json\/wp\/v2\/types\/product"}],"wp:attachment":[{"href":"https:\/\/roveyayinevi.com.tr\/index.php\/wp-json\/wp\/v2\/media?parent=707833"}],"wp:term":[{"taxonomy":"product_brand","embeddable":true,"href":"https:\/\/roveyayinevi.com.tr\/index.php\/wp-json\/wp\/v2\/product_brand?post=707833"},{"taxonomy":"product_cat","embeddable":true,"href":"https:\/\/roveyayinevi.com.tr\/index.php\/wp-json\/wp\/v2\/product_cat?post=707833"},{"taxonomy":"product_tag","embeddable":true,"href":"https:\/\/roveyayinevi.com.tr\/index.php\/wp-json\/wp\/v2\/product_tag?post=707833"}],"curies":[{"name":"wp","href":"https:\/\/api.w.org\/{rel}","templated":true}]}}