{"id":707827,"date":"2025-08-27T16:09:25","date_gmt":"2025-08-27T13:09:25","guid":{"rendered":"https:\/\/roveyayinevi.com.tr\/index.php\/urun\/ulu-han-ata-bitigi\/"},"modified":"2026-04-16T02:16:25","modified_gmt":"2026-04-15T23:16:25","slug":"ulu-han-ata-bitigi","status":"publish","type":"product","link":"https:\/\/roveyayinevi.com.tr\/index.php\/urun\/ulu-han-ata-bitigi\/","title":{"rendered":"Ulu Han Ata Biti\u011fi"},"content":{"rendered":"<p>Ulu Han Ata Biti\u011fi di\u011fer ad\u0131 ile Ulu Han Ata Kitab\u0131, T\u00fcrklerin ilk babas\u0131n\u0131n yani T\u00fcrk \u0131rk\u0131na mensup ilk ki\u015fi olan Ulu Ay Ata&#8217;n\u0131n ve ilk T\u00fcrk kad\u0131n\u0131 ve annesi Ulu Ay Ana&#8217;n\u0131n yarad\u0131l\u0131\u015f\u0131n\u0131 anlatmaktad\u0131r. \u00d6zellikle T\u00fcrkl\u00fc\u011f\u00fcn k\u00f6keni ve T\u00fcrklerin d\u00fcnya \u00fczerinde ya\u015famaya ba\u015flamas\u0131 ile ilgili bilgiler, herkesin ilgisini \u00e7ekebilecek \u00f6zelliklere sahip olup e\u015fine az rastlan\u0131r cinstendir. Eserde; T\u00fcrkler, O\u011fuz Ka\u011fan, Dede Korkut, Ulu Kara Da\u011f, Ulu Ay Ata, Ulu Ay Ana, Alt\u0131n Han, G\u00fcm\u00fc\u015f Han, T\u00fcrk Yemini, \u00c7ocuk Arslan Hik\u00e2yesi gibi T\u00fcrk tarihi, k\u00fclt\u00fcr\u00fc ve co\u011frafyas\u0131 ile ilgili pek \u00e7ok konuda bilgiler verilmi\u015ftir. B\u00fct\u00fcn bunlara ilave olarak Arap\u00e7a metin i\u00e7erisinde bulunan yer adlar\u0131 ve ki\u015fi isimlerinin her birinin arkaik T\u00fcrk\u00e7e unsurlar olmas\u0131, eserde verilen bilgilerin de\u011ferini daha da art\u0131rmaktad\u0131r. Prof. Dr. Necati Demir&#8217;in yay\u0131na haz\u0131rlad\u0131\u011f\u0131 eser \u00fc\u00e7 b\u00f6l\u00fcmden olu\u015fmaktad\u0131r. Birinci b\u00f6l\u00fcmde eserin yaz\u0131ld\u0131\u011f\u0131 co\u011frafya ve d\u00f6nemin tarihi hakk\u0131nda bilgiler verilmi\u015ftir. \u0130kinci b\u00f6l\u00fcmde ise eseri Fars\u00e7adan Arap\u00e7aya terc\u00fcme eden ve bir Meml\u00fbk T\u00fcrk\u00fc olan yazar\u0131 Seyf\u00fcddin Ebubekir bin Abdillah bin Aybek ed-Dev\u00e2d\u00e2r\u00ee ve Ulu Han Ata Biti\u011fi&#8217;nin i\u00e7inden al\u0131nd\u0131\u011f\u0131 eseri D\u00fcrer\u00fc&#8217;t-Tic\u00e2n ve Gureru Tev\u00e2rihi&#8217;z-Zaman tan\u0131t\u0131lmaya \u00e7al\u0131\u015f\u0131lm\u0131\u015ft\u0131r. \u00dc\u00e7\u00fcnc\u00fc b\u00f6l\u00fcmde ise Ulu Han Ata Biti\u011fi metni verilmi\u015ftir. \ufffcTan\u0131t\u0131m Metni<\/p>\n","protected":false},"excerpt":{"rendered":"<p>Ulu Han Ata Biti\u011fi di\u011fer ad\u0131 ile Ulu Han Ata Kitab\u0131, T\u00fcrklerin ilk babas\u0131n\u0131n yani T\u00fcrk \u0131rk\u0131na mensup ilk ki\u015fi olan Ulu Ay Ata&#8217;n\u0131n ve ilk<span class=\"excerpt-hellip\"> [\u2026]<\/span><\/p>\n","protected":false},"featured_media":0,"template":"","meta":{"_monsterinsights_skip_tracking":false,"_monsterinsights_sitenote_active":false,"_monsterinsights_sitenote_note":"","_monsterinsights_sitenote_category":0},"product_brand":[],"product_cat":[12718,12858],"product_tag":[],"class_list":{"0":"post-707827","1":"product","2":"type-product","3":"status-publish","5":"product_cat-din","6":"product_cat-mitolojiler","7":"pa_cilt-ciltsiz","8":"pa_tur-kitap","9":"pa_yayinevi-otuken-nesriyat","10":"pa_yazar-necati-demir","12":"first","13":"instock","14":"sale","15":"shipping-taxable","16":"purchasable","17":"product-type-simple"},"_links":{"self":[{"href":"https:\/\/roveyayinevi.com.tr\/index.php\/wp-json\/wp\/v2\/product\/707827","targetHints":{"allow":["GET"]}}],"collection":[{"href":"https:\/\/roveyayinevi.com.tr\/index.php\/wp-json\/wp\/v2\/product"}],"about":[{"href":"https:\/\/roveyayinevi.com.tr\/index.php\/wp-json\/wp\/v2\/types\/product"}],"wp:attachment":[{"href":"https:\/\/roveyayinevi.com.tr\/index.php\/wp-json\/wp\/v2\/media?parent=707827"}],"wp:term":[{"taxonomy":"product_brand","embeddable":true,"href":"https:\/\/roveyayinevi.com.tr\/index.php\/wp-json\/wp\/v2\/product_brand?post=707827"},{"taxonomy":"product_cat","embeddable":true,"href":"https:\/\/roveyayinevi.com.tr\/index.php\/wp-json\/wp\/v2\/product_cat?post=707827"},{"taxonomy":"product_tag","embeddable":true,"href":"https:\/\/roveyayinevi.com.tr\/index.php\/wp-json\/wp\/v2\/product_tag?post=707827"}],"curies":[{"name":"wp","href":"https:\/\/api.w.org\/{rel}","templated":true}]}}