{"id":707824,"date":"2025-08-27T16:09:23","date_gmt":"2025-08-27T13:09:23","guid":{"rendered":"https:\/\/roveyayinevi.com.tr\/index.php\/urun\/labirent-virus-kodu\/"},"modified":"2026-04-16T02:16:25","modified_gmt":"2026-04-15T23:16:25","slug":"labirent-virus-kodu","status":"publish","type":"product","link":"https:\/\/roveyayinevi.com.tr\/index.php\/urun\/labirent-virus-kodu\/","title":{"rendered":"Labirent: Vir\u00fcs Kodu"},"content":{"rendered":"<p>Yalanlar a\u00e7\u0131\u011fa \u00e7\u0131kacak. Gizemler \u00e7\u00f6z\u00fclecek. Taraflar belirlenecek. Ger\u00e7eklere siz bile haz\u0131r olmayabilirsiniz\u2026 D\u00fcnyan\u0131n sonu geldi: Yery\u00fcz\u00fc kavruldu ve insanl\u0131k salg\u0131n hastal\u0131\u011f\u0131n pen\u00e7esinde. Kaosun ortas\u0131ndaysa her \u015feyi de\u011fi\u015ftirme g\u00fcc\u00fcne sahip biri var: Thomas. Bu, Thomas\u2019\u0131n ve sadece kendisinin y\u0131kabilece\u011fi labirenti in\u015fa etmesinin \u00f6yk\u00fcs\u00fc.  \u201cGizem dolu bir hayatta kalma maceras\u0131.\u201d &#8211; EW.com \u201cT\u0131rnaklar\u0131n\u0131z\u0131 kemirerek okuyacaks\u0131n\u0131z.\u201d &#8211; Publishers Weekly \u201cHakk\u0131ndaki t\u00fcm \u00fcnlemli c\u00fcmleleri hak ediyor!\u201d &#8211; RT Book Reviews D\u00fcnyan\u0131n sonu gelmi\u015ftiOrmanlar yan\u0131yor, g\u00f6ller ve nehirler kuruyor, okyanuslar kabar\u0131yordu. Sonra hastal\u0131k geldi, ate\u015fi d\u00fcnyay\u0131 sard\u0131. Aileler \u00f6ld\u00fc, \u015fiddet h\u00fck\u00fcm s\u00fcrd\u00fc, insanlar insanlar\u0131 \u00f6ld\u00fcrd\u00fc. Sonra sorulara cevap arayan isyan geldi. Ve m\u00fckemmel \u00e7ocu\u011fu buldular. <\/p>\n","protected":false},"excerpt":{"rendered":"<p>Yalanlar a\u00e7\u0131\u011fa \u00e7\u0131kacak. Gizemler \u00e7\u00f6z\u00fclecek. Taraflar belirlenecek. Ger\u00e7eklere siz bile haz\u0131r olmayabilirsiniz\u2026 D\u00fcnyan\u0131n sonu geldi: Yery\u00fcz\u00fc kavruldu ve insanl\u0131k salg\u0131n hastal\u0131\u011f\u0131n pen\u00e7esinde. Kaosun ortas\u0131ndaysa her \u015feyi<span class=\"excerpt-hellip\"> [\u2026]<\/span><\/p>\n","protected":false},"featured_media":0,"template":"","meta":{"_monsterinsights_skip_tracking":false,"_monsterinsights_sitenote_active":false,"_monsterinsights_sitenote_note":"","_monsterinsights_sitenote_category":0},"product_brand":[],"product_cat":[12291,12711],"product_tag":[],"class_list":{"0":"post-707824","1":"product","2":"type-product","3":"status-publish","5":"product_cat-edebiyat","6":"product_cat-roman-oyku","7":"pa_cilt-ciltsiz","8":"pa_tur-kitap","9":"pa_yayinevi-pegasus-yayinlari","10":"pa_yazar-james-dashner","12":"first","13":"instock","14":"sale","15":"shipping-taxable","16":"purchasable","17":"product-type-simple"},"_links":{"self":[{"href":"https:\/\/roveyayinevi.com.tr\/index.php\/wp-json\/wp\/v2\/product\/707824","targetHints":{"allow":["GET"]}}],"collection":[{"href":"https:\/\/roveyayinevi.com.tr\/index.php\/wp-json\/wp\/v2\/product"}],"about":[{"href":"https:\/\/roveyayinevi.com.tr\/index.php\/wp-json\/wp\/v2\/types\/product"}],"wp:attachment":[{"href":"https:\/\/roveyayinevi.com.tr\/index.php\/wp-json\/wp\/v2\/media?parent=707824"}],"wp:term":[{"taxonomy":"product_brand","embeddable":true,"href":"https:\/\/roveyayinevi.com.tr\/index.php\/wp-json\/wp\/v2\/product_brand?post=707824"},{"taxonomy":"product_cat","embeddable":true,"href":"https:\/\/roveyayinevi.com.tr\/index.php\/wp-json\/wp\/v2\/product_cat?post=707824"},{"taxonomy":"product_tag","embeddable":true,"href":"https:\/\/roveyayinevi.com.tr\/index.php\/wp-json\/wp\/v2\/product_tag?post=707824"}],"curies":[{"name":"wp","href":"https:\/\/api.w.org\/{rel}","templated":true}]}}