{"id":707823,"date":"2025-08-27T16:09:23","date_gmt":"2025-08-27T13:09:23","guid":{"rendered":"https:\/\/roveyayinevi.com.tr\/index.php\/urun\/cemaatler\/"},"modified":"2026-04-16T02:16:25","modified_gmt":"2026-04-15T23:16:25","slug":"cemaatler","status":"publish","type":"product","link":"https:\/\/roveyayinevi.com.tr\/index.php\/urun\/cemaatler\/","title":{"rendered":"Cemaatler"},"content":{"rendered":"<p>\u0130nsanlar ni\u00e7in bir cemaatin par\u00e7as\u0131 olmak ister? Zygmunt Bauman bu soruya \u201chi\u00e7bir zaman tam olarak elde edemeyecekleri g\u00fcvenceye ula\u015fabilmek i\u00e7in\u201d yan\u0131t\u0131n\u0131 veriyor. Yazara g\u00f6re cemaat \u015fiddetli ya\u011fmurda alt\u0131na s\u0131\u011f\u0131nd\u0131\u011f\u0131m\u0131z bir sa\u00e7a\u011fa, dondurucu so\u011fukta i\u00e7inden \u00e7\u0131kmak istemedi\u011fimiz \u015f\u00f6mineli bir odaya benzer. D\u0131\u015f\u0131nda oldu\u011fumuz zaman hemen ona s\u0131\u011f\u0131nmak ister, s\u0131\u011f\u0131n\u0131nca t\u00fcm sorunlar\u0131m\u0131z\u0131n \u00e7\u00f6z\u00fclece\u011fini d\u00fc\u015f\u00fcn\u00fcr\u00fcz. Ama s\u0131\u011f\u0131nd\u0131ktan sonra, bu s\u0131\u011f\u0131nman\u0131n bir bedeli oldu\u011funu g\u00f6r\u00fcr\u00fcz. \u00d6zg\u00fcrl\u00fc\u011f\u00fcm\u00fcz\u00fc yitirir, i\u00e7eridekilerle ayn\u0131la\u015f\u0131r ve d\u0131\u015far\u0131da kalanlarla bitmek bilmeyen bir kavgaya tutu\u015furuz.Bu aray\u0131\u015f misti\u011fi Yunan mitolojisinde anlat\u0131lan \u00f6yk\u00fclerden birine konu olmu\u015ftur. Tanr\u0131lar kendilerine \u00f6l\u00fcms\u00fczl\u00fck veren yiyecek ve i\u00e7eceklerden \u00f6l\u00fcml\u00fclere tatt\u0131rarak b\u00fcy\u00fck bir su\u00e7 i\u015fleyen Tantalos\u2019a \u00f6yle bir ceza verirler ki, Tantalos \u0131rma\u011f\u0131n i\u00e7inde bo\u011faz\u0131na kadar suya batm\u0131\u015f halde duracak, fakat su i\u00e7mek i\u00e7in ba\u015f\u0131n\u0131 her e\u011fi\u015finde sular Tantalos\u2019tan ka\u00e7acakt\u0131r. \u0130\u015fte ideal cemaat de b\u00f6yledir; ona ne zaman elimizi uzatsak, elimizden ka\u00e7\u0131p kurtulacak, yana yak\u0131la arad\u0131\u011f\u0131m\u0131z g\u00fcvenceyi bize vermeyecektir.<\/p>\n","protected":false},"excerpt":{"rendered":"<p>\u0130nsanlar ni\u00e7in bir cemaatin par\u00e7as\u0131 olmak ister? Zygmunt Bauman bu soruya \u201chi\u00e7bir zaman tam olarak elde edemeyecekleri g\u00fcvenceye ula\u015fabilmek i\u00e7in\u201d yan\u0131t\u0131n\u0131 veriyor. Yazara g\u00f6re cemaat \u015fiddetli<span class=\"excerpt-hellip\"> [\u2026]<\/span><\/p>\n","protected":false},"featured_media":0,"template":"","meta":{"_monsterinsights_skip_tracking":false,"_monsterinsights_sitenote_active":false,"_monsterinsights_sitenote_note":"","_monsterinsights_sitenote_category":0},"product_brand":[],"product_cat":[13036,12718,12719],"product_tag":[],"class_list":{"0":"post-707823","1":"product","2":"type-product","3":"status-publish","5":"product_cat-arastirma-inceleme-islam","6":"product_cat-din","7":"product_cat-islam","8":"pa_cilt-ciltsiz","9":"pa_tur-kitap","10":"pa_yayinevi-say-yayinlari","11":"pa_yazar-zygmunt-bauman","13":"first","14":"instock","15":"sale","16":"shipping-taxable","17":"purchasable","18":"product-type-simple"},"_links":{"self":[{"href":"https:\/\/roveyayinevi.com.tr\/index.php\/wp-json\/wp\/v2\/product\/707823","targetHints":{"allow":["GET"]}}],"collection":[{"href":"https:\/\/roveyayinevi.com.tr\/index.php\/wp-json\/wp\/v2\/product"}],"about":[{"href":"https:\/\/roveyayinevi.com.tr\/index.php\/wp-json\/wp\/v2\/types\/product"}],"wp:attachment":[{"href":"https:\/\/roveyayinevi.com.tr\/index.php\/wp-json\/wp\/v2\/media?parent=707823"}],"wp:term":[{"taxonomy":"product_brand","embeddable":true,"href":"https:\/\/roveyayinevi.com.tr\/index.php\/wp-json\/wp\/v2\/product_brand?post=707823"},{"taxonomy":"product_cat","embeddable":true,"href":"https:\/\/roveyayinevi.com.tr\/index.php\/wp-json\/wp\/v2\/product_cat?post=707823"},{"taxonomy":"product_tag","embeddable":true,"href":"https:\/\/roveyayinevi.com.tr\/index.php\/wp-json\/wp\/v2\/product_tag?post=707823"}],"curies":[{"name":"wp","href":"https:\/\/api.w.org\/{rel}","templated":true}]}}