{"id":707820,"date":"2025-08-27T16:09:22","date_gmt":"2025-08-27T13:09:22","guid":{"rendered":"https:\/\/roveyayinevi.com.tr\/index.php\/urun\/bulutlardan-yontma-kayalar\/"},"modified":"2026-04-16T02:16:25","modified_gmt":"2026-04-15T23:16:25","slug":"bulutlardan-yontma-kayalar","status":"publish","type":"product","link":"https:\/\/roveyayinevi.com.tr\/index.php\/urun\/bulutlardan-yontma-kayalar\/","title":{"rendered":"Bulutlardan Yontma Kayalar"},"content":{"rendered":"<p>\u0130ki Deniz Aras\u0131 Siyah Topraklar, Paris ecekent, Cinlerin \u0130stanbulu, Amerika B\u00fcy\u00fck Bir \u015eaka\u2026Siyah S\u0131rt Berlin gibi yolculuk kitaplar\u0131 geni\u015f ilgi uyand\u0131ran Enis Batur, bu kez kuytu bir co\u011frafyada, folkloru ve yerel s\u00f6ylenceleriyle haritada \u00f6zel bir nokta olu\u015fturan Bretagne\u2019da ge\u00e7irdi\u011fi g\u00fcnleri anlat\u0131yor.Bulutlardan Yontma Kayalar, yazar\u0131n metnine e\u015flik eden foto\u011fraflar\u0131yla daha bir boyut kazan\u0131yor. <\/p>\n","protected":false},"excerpt":{"rendered":"<p>\u0130ki Deniz Aras\u0131 Siyah Topraklar, Paris ecekent, Cinlerin \u0130stanbulu, Amerika B\u00fcy\u00fck Bir \u015eaka\u2026Siyah S\u0131rt Berlin gibi yolculuk kitaplar\u0131 geni\u015f ilgi uyand\u0131ran Enis Batur, bu kez kuytu<span class=\"excerpt-hellip\"> [\u2026]<\/span><\/p>\n","protected":false},"featured_media":0,"template":"","meta":{"_monsterinsights_skip_tracking":false,"_monsterinsights_sitenote_active":false,"_monsterinsights_sitenote_note":"","_monsterinsights_sitenote_category":0},"product_brand":[],"product_cat":[13701,12291],"product_tag":[],"class_list":{"0":"post-707820","1":"product","2":"type-product","3":"status-publish","5":"product_cat-ani-mektup-gunluk","6":"product_cat-edebiyat","7":"pa_cilt-ciltsiz","8":"pa_tur-kitap","9":"pa_yayinevi-remzi-kitabevi","10":"pa_yazar-enis-batur","12":"first","13":"instock","14":"sale","15":"shipping-taxable","16":"purchasable","17":"product-type-simple"},"_links":{"self":[{"href":"https:\/\/roveyayinevi.com.tr\/index.php\/wp-json\/wp\/v2\/product\/707820","targetHints":{"allow":["GET"]}}],"collection":[{"href":"https:\/\/roveyayinevi.com.tr\/index.php\/wp-json\/wp\/v2\/product"}],"about":[{"href":"https:\/\/roveyayinevi.com.tr\/index.php\/wp-json\/wp\/v2\/types\/product"}],"wp:attachment":[{"href":"https:\/\/roveyayinevi.com.tr\/index.php\/wp-json\/wp\/v2\/media?parent=707820"}],"wp:term":[{"taxonomy":"product_brand","embeddable":true,"href":"https:\/\/roveyayinevi.com.tr\/index.php\/wp-json\/wp\/v2\/product_brand?post=707820"},{"taxonomy":"product_cat","embeddable":true,"href":"https:\/\/roveyayinevi.com.tr\/index.php\/wp-json\/wp\/v2\/product_cat?post=707820"},{"taxonomy":"product_tag","embeddable":true,"href":"https:\/\/roveyayinevi.com.tr\/index.php\/wp-json\/wp\/v2\/product_tag?post=707820"}],"curies":[{"name":"wp","href":"https:\/\/api.w.org\/{rel}","templated":true}]}}