{"id":707819,"date":"2025-08-27T16:09:21","date_gmt":"2025-08-27T13:09:21","guid":{"rendered":"https:\/\/roveyayinevi.com.tr\/index.php\/urun\/cocukta-rezilyans\/"},"modified":"2026-04-16T02:16:25","modified_gmt":"2026-04-15T23:16:25","slug":"cocukta-rezilyans","status":"publish","type":"product","link":"https:\/\/roveyayinevi.com.tr\/index.php\/urun\/cocukta-rezilyans\/","title":{"rendered":"\u00c7ocukta Rezilyans"},"content":{"rendered":"<p>Rezilyans, olumsuzluklara kar\u015f\u0131 haz\u0131rl\u0131kl\u0131 olma, stres ve travmayla ba\u015fa \u00e7\u0131kabilme, zor ko\u015fullara uyum sa\u011flama, y\u0131k\u0131c\u0131 deneyimlerden bir \u015feyler \u00f6\u011frenerek geli\u015fme kapasitesidir. Hem ruhsal, hem de fiziksel esneklik ve dayan\u0131kl\u0131l\u0131kt\u0131r.Rezilyans sa\u011flayan \u00f6zelliklerin bir k\u0131sm\u0131 kal\u0131t\u0131msal olsa bile bir k\u0131sm\u0131 da \u00e7ocukluktan ba\u015flayarak edinilen becerilerle geli\u015ftirilebilir. \u00c7ocuklar\u0131n sa\u011fl\u0131kl\u0131 b\u00fcy\u00fcmeleri i\u00e7in k\u00fc\u00e7\u00fck ad\u0131mlarla b\u00fcy\u00fck farklar yaratabilmek hi\u00e7 de zor de\u011fil&#8230;Bu kitap, olumsuz durumlar\u0131n \u00fcstesinden kolayl\u0131kla gelebilen, toparlanabilme ve esneklik becerisine sahip, ba\u015far\u0131l\u0131, huzurlu ve g\u00fc\u00e7l\u00fc bir \u00e7ocuk yeti\u015ftirmenin p\u00fcf noktalar\u0131n\u0131 anlat\u0131yor.\u00c7ocukta Rezilyans, her anne baban\u0131n okumas\u0131 gereken bir kitap&#8230; <\/p>\n","protected":false},"excerpt":{"rendered":"<p>Rezilyans, olumsuzluklara kar\u015f\u0131 haz\u0131rl\u0131kl\u0131 olma, stres ve travmayla ba\u015fa \u00e7\u0131kabilme, zor ko\u015fullara uyum sa\u011flama, y\u0131k\u0131c\u0131 deneyimlerden bir \u015feyler \u00f6\u011frenerek geli\u015fme kapasitesidir. Hem ruhsal, hem de fiziksel<span class=\"excerpt-hellip\"> [\u2026]<\/span><\/p>\n","protected":false},"featured_media":0,"template":"","meta":{"_monsterinsights_skip_tracking":false,"_monsterinsights_sitenote_active":false,"_monsterinsights_sitenote_note":"","_monsterinsights_sitenote_category":0},"product_brand":[],"product_cat":[12831,12324],"product_tag":[],"class_list":{"0":"post-707819","1":"product","2":"type-product","3":"status-publish","5":"product_cat-aile-ve-cocuk","6":"product_cat-sosyoloji","7":"pa_cilt-ciltsiz","8":"pa_tur-kitap","9":"pa_yayinevi-remzi-kitabevi","10":"pa_yazar-alper-hasanoglu","12":"first","13":"instock","14":"sale","15":"shipping-taxable","16":"purchasable","17":"product-type-simple"},"_links":{"self":[{"href":"https:\/\/roveyayinevi.com.tr\/index.php\/wp-json\/wp\/v2\/product\/707819","targetHints":{"allow":["GET"]}}],"collection":[{"href":"https:\/\/roveyayinevi.com.tr\/index.php\/wp-json\/wp\/v2\/product"}],"about":[{"href":"https:\/\/roveyayinevi.com.tr\/index.php\/wp-json\/wp\/v2\/types\/product"}],"wp:attachment":[{"href":"https:\/\/roveyayinevi.com.tr\/index.php\/wp-json\/wp\/v2\/media?parent=707819"}],"wp:term":[{"taxonomy":"product_brand","embeddable":true,"href":"https:\/\/roveyayinevi.com.tr\/index.php\/wp-json\/wp\/v2\/product_brand?post=707819"},{"taxonomy":"product_cat","embeddable":true,"href":"https:\/\/roveyayinevi.com.tr\/index.php\/wp-json\/wp\/v2\/product_cat?post=707819"},{"taxonomy":"product_tag","embeddable":true,"href":"https:\/\/roveyayinevi.com.tr\/index.php\/wp-json\/wp\/v2\/product_tag?post=707819"}],"curies":[{"name":"wp","href":"https:\/\/api.w.org\/{rel}","templated":true}]}}