{"id":707814,"date":"2025-08-27T16:09:19","date_gmt":"2025-08-27T13:09:19","guid":{"rendered":"https:\/\/roveyayinevi.com.tr\/index.php\/urun\/cam-kilic\/"},"modified":"2026-04-08T02:21:30","modified_gmt":"2026-04-07T23:21:30","slug":"cam-kilic","status":"publish","type":"product","link":"https:\/\/roveyayinevi.com.tr\/index.php\/urun\/cam-kilic\/","title":{"rendered":"Cam K\u0131l\u0131\u00e7"},"content":{"rendered":"<p>Ben bir k\u0131l\u0131c\u0131m; \u015fim\u015fekten ve ate\u015ften do\u011fdum. Kalbimin k\u0131r\u0131lmas\u0131ndan korkmuyorum. Ac\u0131dan korkmuyorum. Sadece bo\u015flu\u011fa uyanmaktan korkuyorum. Yaln\u0131z bir f\u0131rt\u0131nada tek bir \u015fim\u015fek olmaktan. Ben bir k\u0131l\u0131\u00e7sam, camdan yap\u0131lm\u0131\u015f\u0131m ve \u00e7atlamaya ba\u015flad\u0131\u011f\u0131m\u0131 hissediyorum.   Mare Barrow sadece farkl\u0131 oldu\u011funu biliyor. Mare\u2019nin kan\u0131, Poyraz\u2019daki s\u0131radan her insan\u0131nki gibi k\u0131rm\u0131z\u0131d\u0131r ancak G\u00fcm\u00fc\u015f yetene\u011fi, yani \u015fim\u015fekleri kontrol etme g\u00fcc\u00fc nedeniyle saray onu gizlemi\u015f ve himayesine almak istedi\u011fi bir silaha d\u00f6n\u00fc\u015ft\u00fcrm\u00fc\u015ft\u00fcr. Gen\u00e7 k\u0131z, taht\u0131 ele ge\u00e7irmek i\u00e7in ona ihanet eden arkada\u015f\u0131 Prens Maven\u2019dan ka\u00e7may\u0131 ba\u015fard\u0131\u011f\u0131nda ise \u015fa\u015f\u0131rt\u0131c\u0131 bir ger\u00e7e\u011fi ke\u015ffeder: Kendisi gibi farkl\u0131 olan ba\u015fkalar\u0131 da vard\u0131r. \u0130ntikam arzusuyla dolu ve art\u0131k ta\u00e7 giymi\u015f bir kral olan Maven pe\u015findeyken, Mare yeni bir g\u00f6reve at\u0131l\u0131r: Kendisi gibi yetenekleri olan K\u0131z\u0131l-G\u00fcm\u00fc\u015f insanlar\u0131 toplay\u0131p bir ordu kuracakt\u0131r. Y\u00fckselen bir \u015fafak kadar k\u0131z\u0131l, g\u00fcm\u00fc\u015f bir mermiden daha h\u0131zl\u0131; zalim y\u00f6neticileri devirebilecek kadar g\u00fc\u00e7l\u00fc bir ordu. Ancak iktidar tehlikeli bir oyundur ve Mare bedelini art\u0131k bilmektedir.   \u201cK\u0131z\u0131l Krali\u00e7e\u2019nin hayranlar\u0131 hayal k\u0131r\u0131kl\u0131\u011f\u0131na u\u011framayacak. Aveyard\u2019\u0131n \u00fcslubu ak\u0131c\u0131, h\u0131zl\u0131 ve vah\u015fi; Cam K\u0131l\u0131\u00e7&#8217;ta, serinin ilk kitab\u0131na i\u015fledi\u011fi macera, gerilim ve adrenalinle ni\u015fan al\u0131yor, teti\u011fe bas\u0131yor ve hedefi on ikiden vuruyor.\u201d  The Guardian   \u201cTehlikeli, heyecan verici ve keskin \u015fa\u015f\u0131rtmacalarla dolu bu devam kitab\u0131 \u00e7ok ilgi \u00e7ekici ve nefes kesici.\u201d Booklist   \u201cY\u00fcksek tempolu ve macera dolu Cam K\u0131l\u0131\u00e7 \u00e7ok g\u00fc\u00e7l\u00fc; serinin sab\u0131rs\u0131z takip\u00e7ilerini ve distopik fantazya okurlar\u0131n\u0131 memnun edecek.\u201d VOYA<\/p>\n","protected":false},"excerpt":{"rendered":"<p>Ben bir k\u0131l\u0131c\u0131m; \u015fim\u015fekten ve ate\u015ften do\u011fdum. Kalbimin k\u0131r\u0131lmas\u0131ndan korkmuyorum. Ac\u0131dan korkmuyorum. Sadece bo\u015flu\u011fa uyanmaktan korkuyorum. Yaln\u0131z bir f\u0131rt\u0131nada tek bir \u015fim\u015fek olmaktan. Ben bir k\u0131l\u0131\u00e7sam,<span class=\"excerpt-hellip\"> [\u2026]<\/span><\/p>\n","protected":false},"featured_media":0,"template":"","meta":{"_monsterinsights_skip_tracking":false,"_monsterinsights_sitenote_active":false,"_monsterinsights_sitenote_note":"","_monsterinsights_sitenote_category":0},"product_brand":[],"product_cat":[12540,12291],"product_tag":[],"class_list":{"0":"post-707814","1":"product","2":"type-product","3":"status-publish","5":"product_cat-bilim-kurgu","6":"product_cat-edebiyat","7":"pa_cilt-ciltsiz","8":"pa_tur-kitap","9":"pa_yayinevi-pegasus-yayinlari","10":"pa_yazar-victoria-aveyard","12":"first","13":"instock","14":"sale","15":"shipping-taxable","16":"purchasable","17":"product-type-simple"},"_links":{"self":[{"href":"https:\/\/roveyayinevi.com.tr\/index.php\/wp-json\/wp\/v2\/product\/707814","targetHints":{"allow":["GET"]}}],"collection":[{"href":"https:\/\/roveyayinevi.com.tr\/index.php\/wp-json\/wp\/v2\/product"}],"about":[{"href":"https:\/\/roveyayinevi.com.tr\/index.php\/wp-json\/wp\/v2\/types\/product"}],"wp:attachment":[{"href":"https:\/\/roveyayinevi.com.tr\/index.php\/wp-json\/wp\/v2\/media?parent=707814"}],"wp:term":[{"taxonomy":"product_brand","embeddable":true,"href":"https:\/\/roveyayinevi.com.tr\/index.php\/wp-json\/wp\/v2\/product_brand?post=707814"},{"taxonomy":"product_cat","embeddable":true,"href":"https:\/\/roveyayinevi.com.tr\/index.php\/wp-json\/wp\/v2\/product_cat?post=707814"},{"taxonomy":"product_tag","embeddable":true,"href":"https:\/\/roveyayinevi.com.tr\/index.php\/wp-json\/wp\/v2\/product_tag?post=707814"}],"curies":[{"name":"wp","href":"https:\/\/api.w.org\/{rel}","templated":true}]}}