{"id":707813,"date":"2025-08-27T16:09:18","date_gmt":"2025-08-27T13:09:18","guid":{"rendered":"https:\/\/roveyayinevi.com.tr\/index.php\/urun\/kudus-3\/"},"modified":"2025-11-22T04:01:48","modified_gmt":"2025-11-22T01:01:48","slug":"kudus-3","status":"publish","type":"product","link":"https:\/\/roveyayinevi.com.tr\/index.php\/urun\/kudus-3\/","title":{"rendered":"Kud\u00fcs"},"content":{"rendered":"<p>Kud\u00fcs&#8217;\u00fc anlamak d\u00fcnyay\u0131 anlamakt\u0131r\u201cD\u00fcnya\u2019n\u0131n s\u0131\u011f\u0131na\u011f\u0131 Suriye\u2019dir, Suriye\u2019nin s\u0131\u011f\u0131na\u011f\u0131 Filistin\u2019dir;Filistin\u2019in s\u0131\u011f\u0131na\u011f\u0131 Kud\u00fcs\u2019t\u00fcr, Kud\u00fcs\u2019\u00fcn s\u0131\u011f\u0131na\u011f\u0131 Tap\u0131nak Da\u011f\u0131\u2019d\u0131r;(\u2026)Tap\u0131nak Da\u011f\u0131\u2019n\u0131n s\u0131\u011f\u0131na\u011f\u0131 ise Kubbet\u00fc\u2019s Sahra\u2019d\u0131r.\u201d Kud\u00fcs\u2026 \u0130\u00e7i akrep dolu alt\u0131n bir kadeh\u2026 Evrensel bir \u015fehir, iki halk\u0131n ba\u015fkenti ve semavi dinlerin mabedi; imparatorluklar\u0131n ganimeti, K\u0131yamet G\u00fcn\u00fc\u2019n\u00fcn sahnesi ve bug\u00fcnk\u00fc medeniyetler \u00e7at\u0131\u015fmas\u0131n\u0131n sava\u015f alan\u0131. \u0130nan\u00e7, katliam, fanatizm ve birarada var olma fikrinin i\u00e7 i\u00e7e ge\u00e7ti\u011fi, Kral Davut\u2019tan Barack Obama\u2019ya, \u00fc\u00e7 b\u00fcy\u00fck dinin do\u011fu\u015fundan \u0130srail-Filistin \u00e7at\u0131\u015fmas\u0131na uzanan 3000 y\u0131ll\u0131k epik bir \u00f6yk\u00fc. Bu k\u00fc\u00e7\u00fck ve \u00fccra kasaba nas\u0131l oldu da bir Kutsal \u015eehir, d\u00fcnyan\u0131n merkezi ve \u015fimdi de Orta Do\u011fu\u2019da bar\u0131\u015f\u0131n anahtar\u0131 haline geldi? Simon Sebag Montefiore s\u00fcrekli de\u011fi\u015fip duran bu \u015fehrin her defas\u0131nda canlan\u0131\u015f\u0131n\u0131 g\u00f6z kama\u015ft\u0131r\u0131c\u0131 bir anlat\u0131mla ortaya koyup her d\u00f6neme ve her tarih\u00ee karaktere \u00e7arp\u0131c\u0131 bir \u015fekilde can veriyor. Kud\u00fcs\u2019\u00fcn biyografisi sava\u015flar, g\u00f6n\u00fcl ili\u015fkileri ve \u015fehri yaratan, yok eden, kaydeden ve ona inanan insanlar \u2013krallar, imparatori\u00e7eler, peygamberler, \u015fairler, azizler, fatihler ve fahi\u015feler\u2013 \u00fczerinden anlat\u0131l\u0131r. Kud\u00fcs\u2019\u00fcn tarih\u00ee akt\u00f6rleri aras\u0131nda kimler yoktur ki? S\u00fcleyman, Selahaddin ve Kanuni Sultan S\u00fcleyman\u2019dan Kleopatra, Caligula ve Churchill\u2019e; \u0130brahim\u2019den \u0130sa ve Muhammed\u2019e; antik zamanlar\u0131n \u0130zabel, Nebukadnezar, Hirodes ve Nero\u2019sundan modern zamanlar\u0131n Disrael, Mark Twain, Rasputin ve Arabistanl\u0131 Lawrence\u2019\u0131na kadar bir\u00e7ok tarihsel fig\u00fcr \u015fehrin tarihinde \u00f6nemli izler b\u0131rakm\u0131\u015ft\u0131r. Montefiore yeni ar\u015fivler, g\u00fcncel akademik \u00e7al\u0131\u015fmalar, kendi ailesine ait belgeler ve t\u00fcm ya\u015fam\u0131 boyunca s\u00fcren ara\u015ft\u0131rmas\u0131ndan hareketle, kutsal ve mistik olan\u0131n, kimlik ve imparatorlu\u011fun \u00f6z\u00fcn\u00fc, K\u0131yamet\u2019e sahne olaca\u011f\u0131na inan\u0131lan bu \u015fehrin benzersiz tarihi i\u00e7inde a\u00e7\u0131kl\u0131\u011fa kavu\u015fturuyor. Bu tarih, hem ilahi hem de d\u00fcnyevi bir mevcudiyete sahip tek \u015fehir olan Kud\u00fcs\u2019\u00fcn nas\u0131l Kud\u00fcs oldu\u011funun hik\u00e2yesidir.  \u201cMutlaka okunmas\u0131 gereken bir tarih\u2026 Bir ba\u015fyap\u0131t.\u201dDavid Sexton, Evening Standard \u201c\u015eimdiden bir klasik \u2013 modern din\u00ee, siyasi ve etnik s\u00fcrt\u00fc\u015fmelerini ancak \u00fc\u00e7 bin y\u0131l \u00f6ncesinin \u015fartlar\u0131 ba\u011flam\u0131nda anlaman\u0131n m\u00fcmk\u00fcn oldu\u011fu bir \u015fehre dair s\u00fcr\u00fckleyici ve insan\u0131 d\u00fc\u015f\u00fcnceye sevk eden bir \u00e7al\u0131\u015fma. Montefiore ilgin\u00e7 tarih\u00ee detaylar\u0131 canl\u0131, hassas ve yo\u011fun bir bak\u0131\u015f a\u00e7\u0131s\u0131yla ele al\u0131yor.\u201dTony Barber, Financial Times \u201cKud\u00fcs\u2019\u00fcn d\u00f6neme uygun ve insan\u0131 hayrete d\u00fc\u015f\u00fcren portresi, ba\u015ftan sona ilgi uyand\u0131r\u0131c\u0131.\u201dChristopher Hart, Sunday Times \u201cHayret verici derecede c\u00fcretk\u00e2r ve muhte\u015fem, destans\u0131 bir tarih\u2026 Ak\u0131c\u0131, g\u00f6zlerini y\u0131ld\u0131zlara dikmi\u015f ama ayaklar\u0131 da yere sa\u011flam basan bir kitap\u2026 Kud\u00fcs semavi bir \u015fehir olabilir ama en az onun kadar bu d\u00fcnyan\u0131n da bir par\u00e7as\u0131d\u0131r. Bu harikulade kitab\u0131n en b\u00fcy\u00fck ba\u015far\u0131s\u0131 bu ikisini ayn\u0131 biyografide bir araya getirebilmesidir.\u201dTom Holland, Daily Telegraph \u201cMontefiore\u2019nin kitab\u0131 nefes kesici ve \u00e7o\u011fu zaman t\u00fcyler \u00fcrpertici detaylarla, heyecan verici sava\u015f, ihanet, ya\u011fma, tecav\u00fcz, katliam, i\u015fkence, fanatizm, kan davas\u0131, zul\u00fcm, yolsuzluk, ikiy\u00fczl\u00fcl\u00fck ve maneviyat hik\u00e2yeleriyle dolu\u2026 Montefiore\u2019nin anlat\u0131m\u0131 dikkat \u00e7ekici derecede objektif\u2026 G\u00fcvenilir ve ilgi uyand\u0131r\u0131c\u0131 bir kaynak.\u201dAntony Beevor, Guardian \u201cS\u00fcr\u00fckleyici\u2026 Bir \u015faheser\u2026 Montefiore detaylar\u0131 sezebilen harika bir romanc\u0131, insan kusurlar\u0131n\u0131 sezebilen harika bir gazeteci ve ge\u00e7mi\u015fi g\u00fcn\u00fcm\u00fcze getirmek i\u00e7in do\u011fru kaynaklar\u0131 se\u00e7meyi bilen harika bir tarih\u00e7i oldu\u011funu g\u00f6stermi\u015ftir\u2026 A\u015f\u0131r\u0131 iddial\u0131\u2026 Makul, detayc\u0131 ve hassas\u2026 Bir tarih bu \u015fekilde yaz\u0131ld\u0131\u011f\u0131nda size kesinlikle fazla gelmez.\u201dMichael Gove, The Times \u201cKud\u00fcs okuyucuyu hem t\u00fcketen hem de sarho\u015f eden bir hayal g\u00fcc\u00fc ve enerjiyle yaz\u0131lm\u0131\u015f fevkalade ba\u015far\u0131l\u0131 bir eserdir. \u00c7\u00f6ken surlar, k\u0131r\u0131p ge\u00e7irmeler, katliamlar ve herkesin bir \u00f6ncekinin \u00fczerine bir \u015feyler in\u015fa etti\u011fi bir \u015fehre dair say\u0131s\u0131z tarih\u00ee vakan\u0131n bir elde toplanmas\u0131\u2026 Bu kitab\u0131 okuyun.\u201dJohn Cornwell, Financial Times \u201c\u0130hti\u015faml\u0131\u2026 Devasa ve b\u00fcy\u00fcleyici bir destan, On Emir, Ben Hur ve Roma \u0130mparatorlu\u011fu\u2019nun \u00c7\u00f6k\u00fc\u015f\u00fc gibi Hollywood filmlerinin bir dengi.\u201dPeter Burton, Daily Express \u201cSimon Sebag Montefiore\u2019nin Kud\u00fcs tarihi, sevginin ve akademisyenli\u011fin bir \u00fcr\u00fcn\u00fcd\u00fcr. \u00c7ok ciddi bir ba\u015far\u0131d\u0131r\u2026 Kendisi ge\u00e7mi\u015fin maceralar\u0131n\u0131 ve anormalliklerini yakalama konusunda ayr\u0131 bir h\u00fcnere sahiptir\u2026 S\u00fcr\u00fckleyici\u2026 Ak\u0131c\u0131, ilgi uyand\u0131r\u0131c\u0131, dopdolu, d\u00fc\u015f\u00fcnd\u00fcr\u00fcc\u00fc ve bilgi verici.\u201dBarnaby Rogerson, Independent \u201cOla\u011fan\u00fcst\u00fc\u2026 Son derece objektif, hassas bir \u015fekilde kaleme al\u0131nm\u0131\u015f ve e\u011flenceli.\u201dSaul David, Mail on Sunday \u201cSimon Sebag Montefiore\u2019nin Kud\u00fcs \u015fehri biyografisi, zihin a\u00e7\u0131c\u0131 oldu\u011fu kadar insan\u0131n t\u00fcylerini de diken diken eden ve neredeyse t\u00fcm di\u011fer me\u015fhur kitaplardan daha \u00e7ok satm\u0131\u015f bir eser\u2026 Kutsal mek\u00e2nlarda yap\u0131lan kutsal olmayan \u015feylere dair anlatt\u0131klar\u0131 nefes kesici hik\u00e2yeler\u2026 S\u00fcrekli tart\u0131\u015fma konusu olan bir mek\u00e2n\u0131n tarihine ek olarak bu kutsal mek\u00e2n\u0131 i\u015fgal eden t\u00fcm g\u00fc\u00e7 ve ki\u015filerin i\u015fledikleri su\u00e7lar\u0131n, ebedi ikiy\u00fczl\u00fcl\u00fcklerinin ve nadir c\u00f6mertliklerinin hik\u00e2yesi.\u201dBoyd Tonkin, Independent \u201cKud\u00fcs\u2019\u00fcn hik\u00e2yesi insan zalimli\u011finin, a\u00e7g\u00f6zl\u00fcl\u00fc\u011f\u00fcn\u00fcn, nefretinin, ukalal\u0131\u011f\u0131n\u0131n, kibrinin, fanatikli\u011finin ve \u00e7\u0131lg\u0131nl\u0131\u011f\u0131n\u0131n herhangi bir yerin tarihinde de kar\u015f\u0131la\u015fabilece\u011fimiz say\u0131s\u0131z \u00f6rne\u011fiyle doludur. Bu kitab\u0131 ba\u015ftan sona dikkatle okuman\u0131z\u0131 tavsiye ediyorum. Tek bir gereksiz sayfa bulamayacaks\u0131n\u0131z.\u201dCharles Moore, Daily Telegraph \u201cSimon Sebag Montefiore son eserinde yetene\u011fini ve titizli\u011fini \u00f6fkenin \u015fehri Kud\u00fcs\u2019\u00fcn hizmetine sunuyor. Bir \u015faheser. B\u00fcy\u00fck bir ba\u015far\u0131\u2026 Bu konuda bilgi sahibi olan ki\u015filere bile sanki Kud\u00fcs hakk\u0131nda hi\u00e7bir \u015fey bilmiyormu\u015f gibi hissettirmek i\u00e7in anla\u015f\u0131lan bir Montefiore olmak gerekiyormu\u015f. G\u00f6z kama\u015ft\u0131r\u0131c\u0131 bir fresk.\u201dChristian Makarian, L\u2019Express \u201cHarikulade. (Montefiore) bu \u015fehirde ya\u015faman\u0131n nas\u0131l bir \u015fey ve \u015fehrin neden herkes i\u00e7in bu denli \u00f6nemli oldu\u011funu hakk\u0131yla aktarmay\u0131 ba\u015farm\u0131\u015f\u2026 \u015eehre \u00e2\u015f\u0131k oluyor ve insanlar bir t\u00fcrl\u00fc bar\u0131\u015famad\u0131\u011f\u0131 i\u00e7in \u00fcz\u00fcl\u00fcyorsunuz\u2026 Bu bir hazine. Harika bir kitap.\u201dBill Clinton, The Today Show (NBC) \u201c\u0130ddial\u0131 ve \u00e7arp\u0131c\u0131. Kud\u00fcs: Bir \u015eehrin Biyografisi b\u00fcy\u00fck bir ba\u015far\u0131, ukalal\u0131k etmeden bilgilendirici ve detayl\u0131 arkeolojik bilgileriyle de i\u00e7ten\u2026 Dinlerin m\u00fccadelesini anlatmas\u0131 bak\u0131m\u0131ndan kusursuz\u2026 Kud\u00fcs: Bir \u015eehrin Biyografisi \u00e7ift y\u00f6nl\u00fcd\u00fcr:  Bir y\u00f6n\u00fcyle akademik bir eser, di\u011fer y\u00f6n\u00fcyle de pop\u00fcler bir tur rehberidir.\u201dColin Thubron, New York Review of Books \u201cSimon Sebag Montefiore\u2019nin muhte\u015fem Kud\u00fcs biyografisi \u015fehrin \u00fc\u00e7 bin y\u0131ll\u0131k tarihindeki t\u00fcm ihti\u015fam\u0131 ve gelgitleri b\u00fcnyesinde bar\u0131nd\u0131rmaktad\u0131r. Ara\u015ft\u0131rma alan\u0131ndaki mahareti ve esere hayat vermedeki becerisiyle hem akademisyenler hem de s\u0131radan ki\u015filer i\u00e7in nefes kesen bir \u00e7al\u0131\u015fma ortaya koymu\u015ftur.\u201dHenry Kissinger \u201cMontefiore ender rastlanan bir \u015fahsiyet: kendisi tarihi s\u00fcr\u00fckleyici romanlar gibi yazmay\u0131 ba\u015farabilen bir tarih\u00e7i. Stalin biyografisi ba\u015far\u0131l\u0131 HBO belgesellerinden farks\u0131zd\u0131. Yeni Kud\u00fcs biyografisinin de ondan a\u015fa\u011f\u0131 kal\u0131r yan\u0131 yok. Sebag tarihi okunur k\u0131lan \u015feyi bulma y\u00f6n\u00fcnde e\u015fsiz bir kabiliyete sahip. \u0130ki bin y\u0131l \u00f6nce \u00f6len ki\u015filere tekrar hayat verip nefes almalar\u0131n\u0131 m\u00fcmk\u00fcn k\u0131lm\u0131\u015f. Sebag\u2019\u0131n psikopat tiranlar\u0131n zihinlerini okuma konusunda \u00f6yle bir yetene\u011fi var ki insan ke\u015fke ABD D\u0131\u015fi\u015fleri Bakanl\u0131\u011f\u0131\u2019nda \u00e7al\u0131\u015fsayd\u0131 diye d\u00fc\u015f\u00fcnmeden edemiyor.\u201dPhilip Kerr, Newsweek \u201c\u0130nsan\u0131 i\u00e7ine \u00e7eken ve ak\u0131c\u0131\u2026 Montefiore, detaylar\u0131 ve anekdotlar\u0131 en renkli \u015fekilde bizlere sunmada mahir bir insan\u2026 Kitab\u0131 son derece tarafs\u0131z ve dengeli.\u201dJackson Diehl, Washington Post \u201cKud\u00fcs hakk\u0131nda yaz\u0131lm\u0131\u015f say\u0131s\u0131z tarih kitab\u0131 vard\u0131r\u2026 Ama Montefiore \u015fehrin biyografisini yazan ilk ki\u015fi olmu\u015ftur \u2013 \u015fehrin y\u00f6neticileri ve sakinleri, kahramanlar\u0131 ve k\u00f6t\u00fcleri, fahi\u015feleri ve azizlerinin hayat\u0131n\u0131n detayl\u0131 aktar\u0131m\u0131. Montefiore bizi \u015fehrin nefes kesen ve gerilim y\u00fckl\u00fc hik\u00e2yesinin i\u00e7inde dola\u015ft\u0131r\u0131rken tek bir olay ya da karakteri dahi atlam\u0131yor.\u201dNorman Lebrecht, Wall Street Journal \u201cElden b\u0131rakmak imk\u00e2ns\u0131z\u2026 Pek \u00e7ok enfes y\u00f6n\u00fc bulunan okumas\u0131 keyifli bir tarih\u2026 Montefiore, detaylar\u0131 tespitte yetenekli ve iyi bir hik\u00e2ye anlatma konusunda usta bir yazar\u2026 \u00fc\u00e7 bin y\u0131l\u0131 anlatan bir kitap i\u00e7in bu ba\u015far\u0131lmas\u0131 kolay \u015fey de\u011fildir.\u201dJonathan Rosen, New York Times Book Review \u201cKud\u00fcs: Bir \u015eehrin Biyografisi, karma\u015f\u0131k karakterleri \u2013krallar, rahipler, Yahudi dostu ve d\u00fc\u015fmanlar\u0131\u2013 ve etkileyici anekdotlar\u0131yla s\u00fcr\u00fckleyici bir romandan farkl\u0131 de\u011fil. Ayr\u0131ca b\u00f6lgede g\u00fcn\u00fcm\u00fczde s\u00fcrmekte olan \u00e7at\u0131\u015fmay\u0131 da mercek alt\u0131na al\u0131yor.\u201dDan Ephron, Newsweek and Daily Beast \u201cH\u00e2kimane\u2026 (Montefiore) T\u00fcm hayat\u0131 boyunca bu kitab\u0131 yazmak i\u00e7in haz\u0131rl\u0131k yapm\u0131\u015f ve konunun nas\u0131l ele al\u0131nmas\u0131 gerekti\u011fini \u00e7ok d\u00fc\u015f\u00fcnm\u00fc\u015f. Kud\u00fcs\u2019\u00fcn hik\u00e2yesi onu \u015fekillendiren erkek ve kad\u0131nlar\u0131n hayatlar\u0131 \u00fczerinden kronolojik olarak anlat\u0131lm\u0131\u015f ve bu do\u011frudan yakla\u015f\u0131m ger\u00e7ekten de i\u015fe yaram\u0131\u015f. Bay Montefiore din\u00ee d\u00fc\u015fmanl\u0131klar ve siyasi entrikalara hi\u00e7 bula\u015fmadan apolitik bir ton kullanmaya dikkat etmi\u015f. \u0130ngilizcesi olmayan kaynaklar\u0131 da ekleyerek eserini daha da zenginle\u015ftirmi\u015f\u2026 Bir yazar olan Bay Montefiore mahirane bir anlat\u0131m yetene\u011fi ve insan\u0131n i\u00e7ine i\u015fleyen anekdotlar\u0131 se\u00e7me konusundaki farkl\u0131 bir kabiliyete sahiptir\u2026 Bu detaylar Kud\u00fcs\u2019\u00fc okumas\u0131 \u00e7ok daha e\u011flenceli bir kitap haline getiriyor.\u201dEconomist \u201c\u00dc\u00e7 Semavi dinin d\u00fcnyas\u0131na hayat veren g\u00f6z kama\u015ft\u0131r\u0131c\u0131 bir tarih ansiklopedisi\u2026 \u015ea\u015faal\u0131 tarih\u00ee karakterleri aras\u0131nda sinsi krallar ve krali\u00e7eler, kana susam\u0131\u015f derebeyleri ve cani imparatorlar, g\u00f6z\u00fc d\u00f6nm\u00fc\u015f k\u00e2hinler ve \u00e7ekici fahi\u015feler yer almakta\u2026 \u00dc\u00e7 dinin tarihini ve men\u015feini \u00f6\u011frenmek isteyenler i\u00e7in ideal bir kaynak\u2026 G\u00fcn\u00fcm\u00fcz d\u00fcnyas\u0131n\u0131 \u015fekillendiren dinlerin g\u00fcc\u00fcn\u00fc ve etkisini anlamak isteyenler kesinlikle bu kitab\u0131 okumal\u0131d\u0131r\u2026 Gayet adil ve d\u00fc\u015f\u00fcnceye sevk eden bir eser.\u201dAdam LeBor, Literary Review \u201cKud\u00fcs \u2013 biyografi, tarih, arkeoloji ve zek\u00e2n\u0131n m\u00fckemmel bir kar\u0131\u015f\u0131m\u0131.\u201dKate Mosse, Woman &amp; Home Magazine \u201cBu kitap \u00f6nemli oldu\u011fu derecede okunabilir de bir kitap .\u201dBettany Hughes, Daily Express \u201cHayranl\u0131k verici derecede tarafs\u0131z\u2026 Canl\u0131, etkili, anekdotlarla bezeli, \u00e7\u0131lg\u0131n, hevesli ve s\u0131ra d\u0131\u015f\u0131 karakterlerle dolu.\u201dSue Arnold, Guardian \u201cUstaca ve do\u011fru zamanda yap\u0131lm\u0131\u015f e\u011flenceli bir eser.\u201dVictor Sebestyen, Evening Standart \u201c\u0130ddial\u0131, siyasi a\u00e7\u0131dan cesur\u2026 S\u00fcr\u00fckleyici ve muhte\u015fem bir tarih.\u201dRebecca Abrams, New Statesman \u201cBir yetenek g\u00f6sterisi.\u201dPhilip Mansel, Spectator \u201cKud\u00fcs\u2019\u00fcn biyografisini yazmaya kalk\u0131\u015fmak herkesin harc\u0131 olmasa da Simon Sebag Montefiore bu sorumlulu\u011fun alt\u0131na girmekten hi\u00e7 \u00e7ekinmemi\u015ftir. Kitap, Filistin sorununun temelini anlamak ya da Kud\u00fcs\u2019\u00fc ziyaret etmek isteyen herkese tavsiye edilebilir \u2013ya da sadece g\u00fczel bir kitap okumak isteyenlere. Yazar \u00f6zellikle arkeoloji konusunda \u00e7ok ba\u015far\u0131l\u0131\u2026 Ta\u015flara can verip onlara \u015fark\u0131 s\u00f6yletiyor. Arkeolojik bir tur i\u00e7in harika bir rehber kitap olabilir.\u201dBruce Anderson, Prospect \u201cTitizlik ve salahiyetle kaleme al\u0131nm\u0131\u015f.\u201dDiarmaid MacCulloch, London Review of Books \u201cHarika bir kitap.\u201dPaul Levy, Wall Street Journal \u201cKud\u00fcs harika bir biyografi yazar\u0131 gerektirirdi ve Montefiore de son zamanlar\u0131n en iyisi oldu\u011funu ispatlad\u0131.\u201dSeth J. Frantzman, Jerusalem Post \u201cBu konu \u00fczerinde yaz\u0131lm\u0131\u015f say\u0131s\u0131z eseri d\u00fc\u015f\u00fcnd\u00fc\u011f\u00fcmde hi\u00e7birinin bunun yak\u0131n\u0131na bile gelemedi\u011fini anl\u0131yorum\u2026 Elden b\u0131rak\u0131lmas\u0131 m\u00fcmk\u00fcn olmayan bir kitap. Kud\u00fcs: Bir \u015eehrin Biyografisi ancak kan\u0131nda Kud\u00fcs\u2019\u00fc ta\u015f\u0131yan birisi taraf\u0131ndan yaz\u0131labilecek bir \u015faheser\u2026 Siyasi ve din\u00ee \u00f6n yarg\u0131lardan uzak bir tarih\u2026 Bu muhte\u015fem \u015fehir hakk\u0131nda bir \u015feyler \u00f6\u011frenmek isteyen herkes taraf\u0131ndan okunabilecek bir kitap.\u201dBa\u015fpiskopos Andrew White, Third Way \u201cStalin hakk\u0131nda iki eser (Young Stalin ve Stalin: The Court of the Red Tsar) yazm\u0131\u015f olan \u0130ngiliz yazar ve tarih\u00e7inin bu kitab\u0131 inan\u0131lmaz derecede iddial\u0131 bir proje olmakla birlikte \u2013i\u00e7erdi\u011fi pek \u00e7ok dipnot ve g\u00f6ndermeye ra\u011fmen\u2013 dramatik sahneleri, beklenmedik geli\u015fmeleri ve canl\u0131 insan portreleriyle bir cinayet roman\u0131 kadar da s\u00fcr\u00fckleyici.\u201dTygodnik Powszechny, Polish Catholic Weekly \u201cSimon Sebag Montefiore, \u2018Kud\u00fcs\u2019\u00fcn tarihi d\u00fcnyan\u0131n tarihidir,\u2019 diyor \u00e7\u00fcnk\u00fc bu \u015fehir d\u00fcnyan\u0131n merkezi olma \u00f6zelli\u011fini hi\u00e7 kaybetmemi\u015ftir. \u015eehrin hik\u00e2yesini inan\u0131lmaz bir cazibe ve zek\u00e2yla aktarmaktad\u0131r. Kesinlikle okunmas\u0131 gereken bir kitap.\u201dTomasz Bielecki, Gazeta Wyborcza \u201cSimon Sebag Montefiore\u2019nin eseri Kud\u00fcs: Bir \u015eehrin Biyografisi \u2013 tuhaf bir yol se\u00e7ip sondan ba\u015fa do\u011fru okuyorum!\u201dDavid Cameron, Spectator \u201cModern din\u00ee, siyasi ve etnik \u00e7eki\u015fmelerinin ancak \u00fc\u00e7 bin y\u0131ll\u0131k tarihi ba\u011flam\u0131nda anla\u015f\u0131labilece\u011fi bir \u015fehre dair destans\u0131 ve insan\u0131 i\u00e7ine \u00e7eken bir \u00e7al\u0131\u015fma. Montefiore, tarih\u00ee \u00e7at\u0131\u015fmalar\u0131 hassas ve detaylara dikkat ederek ak\u0131l almaz bir \u015fevkle kaleme alm\u0131\u015f.\u201dFinancial Times \u201cKud\u00fcs: Bir \u015eehrin Biyografisi, y\u0131l\u0131n en nefes kesici ve iddial\u0131 kitaplar\u0131ndan biri. D\u00fcnyan\u0131n en muhte\u015fem \u015fehri, Montefiore\u2019nin \u015fahs\u0131nda en kusursuz biyografi yazar\u0131na kavu\u015fmu\u015f. \u015eehir sadece sava\u015flarla de\u011fil onu in\u015fa eden insanlarla da anlat\u0131lm\u0131\u015f. Manevi, y\u0131k\u0131c\u0131 ve destans\u0131, son sayfas\u0131na kadar elinizden b\u0131rakamayaca\u011f\u0131n\u0131z bir \u00f6yk\u00fc.\u201dDan Jones, Daily Telegraph \u201cCapcanl\u0131 bir hik\u00e2ye\u2026 Adil ve heyecan verici, Montefiore her din\u00ee gelene\u011fe e\u015fit mesafede durarak en iyi pop\u00fcler tarih\u00e7ilerden biri olma unvan\u0131n\u0131 hak etti\u011fini g\u00f6steriyor.\u201dDominic Sandbrook, Sunday Times \u201c\u015eehrin g\u00f6rkemli biyografisi. Ak\u0131c\u0131 ve e\u011flenceli oldu\u011fu kadar ta\u015f ve topraktan olu\u015fan \u015fehrin \u00f6tesindeki semavi Kud\u00fcs\u2019\u00fc g\u00f6rmek isteyenler i\u00e7in de ideal bir kaynak.\u201dTom Holland, Guardian \u201cS\u00fcper.\u201dLesley Chamberlain, New Statesman \u201cCinayetin ve dinin tarihi beni t\u00fcm\u00fcyle kendisine ba\u011flad\u0131.\u201dFrances Osborne, Evening Standard \u201cKapsaml\u0131, Gibbon tarz\u0131 e\u011flenceli dipnotlar\u0131yla dinamik bir tarih.\u201dHermione Eyre, Evening Standard<\/p>\n","protected":false},"excerpt":{"rendered":"<p>Kud\u00fcs&#8217;\u00fc anlamak d\u00fcnyay\u0131 anlamakt\u0131r\u201cD\u00fcnya\u2019n\u0131n s\u0131\u011f\u0131na\u011f\u0131 Suriye\u2019dir, Suriye\u2019nin s\u0131\u011f\u0131na\u011f\u0131 Filistin\u2019dir;Filistin\u2019in s\u0131\u011f\u0131na\u011f\u0131 Kud\u00fcs\u2019t\u00fcr, Kud\u00fcs\u2019\u00fcn s\u0131\u011f\u0131na\u011f\u0131 Tap\u0131nak Da\u011f\u0131\u2019d\u0131r;(\u2026)Tap\u0131nak Da\u011f\u0131\u2019n\u0131n s\u0131\u011f\u0131na\u011f\u0131 ise Kubbet\u00fc\u2019s Sahra\u2019d\u0131r.\u201d Kud\u00fcs\u2026 \u0130\u00e7i akrep dolu alt\u0131n bir<span class=\"excerpt-hellip\"> [\u2026]<\/span><\/p>\n","protected":false},"featured_media":0,"template":"","meta":{"_monsterinsights_skip_tracking":false,"_monsterinsights_sitenote_active":false,"_monsterinsights_sitenote_note":"","_monsterinsights_sitenote_category":0},"product_brand":[],"product_cat":[12305,12304],"product_tag":[],"class_list":{"0":"post-707813","1":"product","2":"type-product","3":"status-publish","5":"product_cat-dunya-tarihi","6":"product_cat-tarih","7":"pa_cilt-ciltsiz","8":"pa_tur-kitap","9":"pa_yayinevi-pegasus-yayinlari","10":"pa_yazar-simon-sebag-montefiore","12":"first","13":"instock","14":"sale","15":"shipping-taxable","16":"purchasable","17":"product-type-simple"},"_links":{"self":[{"href":"https:\/\/roveyayinevi.com.tr\/index.php\/wp-json\/wp\/v2\/product\/707813","targetHints":{"allow":["GET"]}}],"collection":[{"href":"https:\/\/roveyayinevi.com.tr\/index.php\/wp-json\/wp\/v2\/product"}],"about":[{"href":"https:\/\/roveyayinevi.com.tr\/index.php\/wp-json\/wp\/v2\/types\/product"}],"wp:attachment":[{"href":"https:\/\/roveyayinevi.com.tr\/index.php\/wp-json\/wp\/v2\/media?parent=707813"}],"wp:term":[{"taxonomy":"product_brand","embeddable":true,"href":"https:\/\/roveyayinevi.com.tr\/index.php\/wp-json\/wp\/v2\/product_brand?post=707813"},{"taxonomy":"product_cat","embeddable":true,"href":"https:\/\/roveyayinevi.com.tr\/index.php\/wp-json\/wp\/v2\/product_cat?post=707813"},{"taxonomy":"product_tag","embeddable":true,"href":"https:\/\/roveyayinevi.com.tr\/index.php\/wp-json\/wp\/v2\/product_tag?post=707813"}],"curies":[{"name":"wp","href":"https:\/\/api.w.org\/{rel}","templated":true}]}}