{"id":707811,"date":"2025-08-27T16:09:18","date_gmt":"2025-08-27T13:09:18","guid":{"rendered":"https:\/\/roveyayinevi.com.tr\/index.php\/urun\/bes-vakit-insan\/"},"modified":"2026-04-16T02:16:25","modified_gmt":"2026-04-15T23:16:25","slug":"bes-vakit-insan","status":"publish","type":"product","link":"https:\/\/roveyayinevi.com.tr\/index.php\/urun\/bes-vakit-insan\/","title":{"rendered":"Be\u015f Vakit \u0130nsan"},"content":{"rendered":"<p>D\u00fc\u015f\u00fcn ki, bir okyanusun k\u0131y\u0131s\u0131ndas\u0131n. Dev dalgalar, ak k\u00f6p\u00fckl\u00fc co\u015fkular var \u00f6n\u00fcnde. Ayaklar\u0131n\u0131n dibine do\u011fru uzan\u0131yor r\u00fczg\u00e2r\u0131n kabartt\u0131\u011f\u0131 sular. Belli ki mukabele istiyor senden dalgalar. K\u0131y\u0131da kalma; dal dalgalar\u0131n i\u00e7ine. Usta bir s\u00f6rf\u00e7\u00fc gibi, dalgalar\u0131n s\u0131rt\u0131na bin. Kar\u015f\u0131l\u0131k ver mavi beyaz k\u0131vr\u0131mlara.Senai Demirci, Be\u015f Vakit \u0130nsan\u2019da, her vakit namaz\u0131n insan\u0131 Allah\u2019a yakla\u015ft\u0131rd\u0131\u011f\u0131n\u0131, vaktin ak\u0131\u015f\u0131n\u0131n biricik anlam\u0131 namaz\u0131 kendine \u00f6zg\u00fc \u00fcslubuyla, Kur\u2019\u00e2n\u2019\u0131n vadisinde y\u00fcr\u00fcyerek anlat\u0131yor.  <\/p>\n","protected":false},"excerpt":{"rendered":"<p>D\u00fc\u015f\u00fcn ki, bir okyanusun k\u0131y\u0131s\u0131ndas\u0131n. Dev dalgalar, ak k\u00f6p\u00fckl\u00fc co\u015fkular var \u00f6n\u00fcnde. Ayaklar\u0131n\u0131n dibine do\u011fru uzan\u0131yor r\u00fczg\u00e2r\u0131n kabartt\u0131\u011f\u0131 sular. Belli ki mukabele istiyor senden dalgalar. K\u0131y\u0131da<span class=\"excerpt-hellip\"> [\u2026]<\/span><\/p>\n","protected":false},"featured_media":0,"template":"","meta":{"_monsterinsights_skip_tracking":false,"_monsterinsights_sitenote_active":false,"_monsterinsights_sitenote_note":"","_monsterinsights_sitenote_category":0},"product_brand":[],"product_cat":[36242,12566,13611],"product_tag":[],"class_list":{"0":"post-707811","1":"product","2":"type-product","3":"status-publish","5":"product_cat-diger-sozlukler-ve-konusma-kilavuzlari","6":"product_cat-egitim","7":"product_cat-sozlukler-ve-konusma-kilavuzlari","8":"pa_cilt-ciltsiz","9":"pa_tur-kitap","10":"pa_yayinevi-nesil-yayinlari","11":"pa_yazar-senai-demirci","13":"first","14":"instock","15":"sale","16":"shipping-taxable","17":"purchasable","18":"product-type-simple"},"_links":{"self":[{"href":"https:\/\/roveyayinevi.com.tr\/index.php\/wp-json\/wp\/v2\/product\/707811","targetHints":{"allow":["GET"]}}],"collection":[{"href":"https:\/\/roveyayinevi.com.tr\/index.php\/wp-json\/wp\/v2\/product"}],"about":[{"href":"https:\/\/roveyayinevi.com.tr\/index.php\/wp-json\/wp\/v2\/types\/product"}],"wp:attachment":[{"href":"https:\/\/roveyayinevi.com.tr\/index.php\/wp-json\/wp\/v2\/media?parent=707811"}],"wp:term":[{"taxonomy":"product_brand","embeddable":true,"href":"https:\/\/roveyayinevi.com.tr\/index.php\/wp-json\/wp\/v2\/product_brand?post=707811"},{"taxonomy":"product_cat","embeddable":true,"href":"https:\/\/roveyayinevi.com.tr\/index.php\/wp-json\/wp\/v2\/product_cat?post=707811"},{"taxonomy":"product_tag","embeddable":true,"href":"https:\/\/roveyayinevi.com.tr\/index.php\/wp-json\/wp\/v2\/product_tag?post=707811"}],"curies":[{"name":"wp","href":"https:\/\/api.w.org\/{rel}","templated":true}]}}