{"id":707810,"date":"2025-08-27T16:09:17","date_gmt":"2025-08-27T13:09:17","guid":{"rendered":"https:\/\/roveyayinevi.com.tr\/index.php\/urun\/allah-icin-sev\/"},"modified":"2026-04-16T02:16:25","modified_gmt":"2026-04-15T23:16:25","slug":"allah-icin-sev","status":"publish","type":"product","link":"https:\/\/roveyayinevi.com.tr\/index.php\/urun\/allah-icin-sev\/","title":{"rendered":"Allah \u0130\u00e7in Sev"},"content":{"rendered":"<p>Allah i\u00e7in sevmek, Allah\u2019\u0131n nasip etti\u011fi sevgiyle sevmek; asl\u0131nda Allah\u2019\u0131 sevmektir. Ve sen onu nas\u0131l seversen, Allah da seni \u00f6yle sever.Allah i\u00e7in seven; ona dua eder, iyili\u011fini ister, kusurlar\u0131n\u0131 \u00f6rter. Allah i\u00e7in seversen huzur kap\u0131s\u0131 a\u00e7\u0131l\u0131r.Sevgin nefsinden de\u011fil Allah\u2019tan olsun. Ens\u00e2r\u0131n muh\u00e2ciri sevdi\u011fi gibi sevmek gerek&#8230; Allah i\u00e7in sevmek, Allah i\u00e7in terk etmek gerek&#8230;Allah i\u00e7in sevdi\u011finin memleketini de seversin.Ta\u015f\u0131n\u0131, topra\u011f\u0131n\u0131 hatta bast\u0131\u011f\u0131 yeri seversin.Mesele ta\u015f\u0131, topra\u011f\u0131, bast\u0131\u011f\u0131 yeri sevmek de\u011fil,Mesele ne i\u00e7in sevdi\u011findir.Ve mesele sevdi\u011fi o ki\u015fi de de\u011fil,As\u0131l mesele Allah i\u00e7in sevmektir.&#8221;Biriniz karde\u015fini Allah i\u00e7in seviyorsa, ona sevdi\u011fini s\u00f6ylesin.&#8221;- Hz. Muhammed (a.s.m.)<\/p>\n","protected":false},"excerpt":{"rendered":"<p>Allah i\u00e7in sevmek, Allah\u2019\u0131n nasip etti\u011fi sevgiyle sevmek; asl\u0131nda Allah\u2019\u0131 sevmektir. Ve sen onu nas\u0131l seversen, Allah da seni \u00f6yle sever.Allah i\u00e7in seven; ona dua eder,<span class=\"excerpt-hellip\"> [\u2026]<\/span><\/p>\n","protected":false},"featured_media":0,"template":"","meta":{"_monsterinsights_skip_tracking":false,"_monsterinsights_sitenote_active":false,"_monsterinsights_sitenote_note":"","_monsterinsights_sitenote_category":0},"product_brand":[],"product_cat":[12777,12291],"product_tag":[],"class_list":{"0":"post-707810","1":"product","2":"type-product","3":"status-publish","5":"product_cat-deneme","6":"product_cat-edebiyat","7":"pa_tur-kitap","8":"pa_yayinevi-nesil-yayinlari","9":"pa_yazar-bilal-isgoren","11":"first","12":"instock","13":"sale","14":"shipping-taxable","15":"purchasable","16":"product-type-simple"},"_links":{"self":[{"href":"https:\/\/roveyayinevi.com.tr\/index.php\/wp-json\/wp\/v2\/product\/707810","targetHints":{"allow":["GET"]}}],"collection":[{"href":"https:\/\/roveyayinevi.com.tr\/index.php\/wp-json\/wp\/v2\/product"}],"about":[{"href":"https:\/\/roveyayinevi.com.tr\/index.php\/wp-json\/wp\/v2\/types\/product"}],"wp:attachment":[{"href":"https:\/\/roveyayinevi.com.tr\/index.php\/wp-json\/wp\/v2\/media?parent=707810"}],"wp:term":[{"taxonomy":"product_brand","embeddable":true,"href":"https:\/\/roveyayinevi.com.tr\/index.php\/wp-json\/wp\/v2\/product_brand?post=707810"},{"taxonomy":"product_cat","embeddable":true,"href":"https:\/\/roveyayinevi.com.tr\/index.php\/wp-json\/wp\/v2\/product_cat?post=707810"},{"taxonomy":"product_tag","embeddable":true,"href":"https:\/\/roveyayinevi.com.tr\/index.php\/wp-json\/wp\/v2\/product_tag?post=707810"}],"curies":[{"name":"wp","href":"https:\/\/api.w.org\/{rel}","templated":true}]}}