{"id":707807,"date":"2025-08-27T16:09:16","date_gmt":"2025-08-27T13:09:16","guid":{"rendered":"https:\/\/roveyayinevi.com.tr\/index.php\/urun\/senin-yolun\/"},"modified":"2026-04-16T02:16:25","modified_gmt":"2026-04-15T23:16:25","slug":"senin-yolun","status":"publish","type":"product","link":"https:\/\/roveyayinevi.com.tr\/index.php\/urun\/senin-yolun\/","title":{"rendered":"Senin Yolun"},"content":{"rendered":"<p>Herkes neleri yapman, neleri yapmaman gerekti\u011fini s\u00f6yl\u00fcyor. Oysa onlar seninle ayn\u0131 r\u00fcyalar\u0131 g\u00f6rm\u00fcyor.Ne yapacaks\u0131n? Ba\u015fkalar\u0131n\u0131n hayallerinin dubl\u00f6rl\u00fc\u011f\u00fcn\u00fc daha ne kadar s\u00fcrd\u00fcreceksin? Bu hayat senin mi? Yoksa senin ad\u0131na plan yapan, senin yerine hayal kuranlar\u0131n m\u0131?Hep o hayalini kurdu\u011fun hayat i\u00e7in ilk ad\u0131m\u0131 atman\u0131n, bu b\u00fcy\u00fck de\u011fi\u015fimi ba\u015flatman\u0131n, kendi yolunu \u00e7izip o yolda y\u00fcr\u00fcmeye ba\u015flaman\u0131n zaman\u0131 gelmedi mi?Hayat zor, ger\u00e7ekten zor. Bu kitap senin yolun boyunca yan\u0131nda bir yol arkada\u015f\u0131 olacak. Ve bir g\u00fcn, kendi hayallerini ya\u015famaya ba\u015flad\u0131\u011f\u0131n zaman yan\u0131 ba\u015f\u0131ndaki bu kitaba bak\u0131p g\u00fcl\u00fcmseyeceksin. Bu yaz\u0131y\u0131 ilk okudu\u011fun g\u00fcn\u00fc, bug\u00fcn\u00fc hat\u0131rlayacaks\u0131n.Bug\u00fcn geri kalan hayat\u0131n\u0131n ilk g\u00fcn\u00fc, yeni hayat\u0131na ho\u015f geldin.<\/p>\n","protected":false},"excerpt":{"rendered":"<p>Herkes neleri yapman, neleri yapmaman gerekti\u011fini s\u00f6yl\u00fcyor. Oysa onlar seninle ayn\u0131 r\u00fcyalar\u0131 g\u00f6rm\u00fcyor.Ne yapacaks\u0131n? Ba\u015fkalar\u0131n\u0131n hayallerinin dubl\u00f6rl\u00fc\u011f\u00fcn\u00fc daha ne kadar s\u00fcrd\u00fcreceksin? Bu hayat senin mi? Yoksa<span class=\"excerpt-hellip\"> [\u2026]<\/span><\/p>\n","protected":false},"featured_media":0,"template":"","meta":{"_monsterinsights_skip_tracking":false,"_monsterinsights_sitenote_active":false,"_monsterinsights_sitenote_note":"","_monsterinsights_sitenote_category":0},"product_brand":[],"product_cat":[12364,12376],"product_tag":[],"class_list":{"0":"post-707807","1":"product","2":"type-product","3":"status-publish","5":"product_cat-genel-konular","6":"product_cat-kisisel-gelisim","7":"pa_cilt-ciltsiz","8":"pa_tur-kitap","9":"pa_yayinevi-nesil-yayinlari","10":"pa_yazar-omer-ekinci","12":"first","13":"instock","14":"sale","15":"shipping-taxable","16":"purchasable","17":"product-type-simple"},"_links":{"self":[{"href":"https:\/\/roveyayinevi.com.tr\/index.php\/wp-json\/wp\/v2\/product\/707807","targetHints":{"allow":["GET"]}}],"collection":[{"href":"https:\/\/roveyayinevi.com.tr\/index.php\/wp-json\/wp\/v2\/product"}],"about":[{"href":"https:\/\/roveyayinevi.com.tr\/index.php\/wp-json\/wp\/v2\/types\/product"}],"wp:attachment":[{"href":"https:\/\/roveyayinevi.com.tr\/index.php\/wp-json\/wp\/v2\/media?parent=707807"}],"wp:term":[{"taxonomy":"product_brand","embeddable":true,"href":"https:\/\/roveyayinevi.com.tr\/index.php\/wp-json\/wp\/v2\/product_brand?post=707807"},{"taxonomy":"product_cat","embeddable":true,"href":"https:\/\/roveyayinevi.com.tr\/index.php\/wp-json\/wp\/v2\/product_cat?post=707807"},{"taxonomy":"product_tag","embeddable":true,"href":"https:\/\/roveyayinevi.com.tr\/index.php\/wp-json\/wp\/v2\/product_tag?post=707807"}],"curies":[{"name":"wp","href":"https:\/\/api.w.org\/{rel}","templated":true}]}}