{"id":707806,"date":"2025-08-27T16:09:15","date_gmt":"2025-08-27T13:09:15","guid":{"rendered":"https:\/\/roveyayinevi.com.tr\/index.php\/urun\/karmakarisik-sarmasik\/"},"modified":"2026-04-16T02:16:25","modified_gmt":"2026-04-15T23:16:25","slug":"karmakarisik-sarmasik","status":"publish","type":"product","link":"https:\/\/roveyayinevi.com.tr\/index.php\/urun\/karmakarisik-sarmasik\/","title":{"rendered":"Karmakar\u0131\u015f\u0131k Sarma\u015f\u0131k"},"content":{"rendered":"<p>Sana yazsam okuyabilecek misin? Sana eksik oldu\u011funu s\u00fcrekli hat\u0131rlatan; ama eksi\u011finin asl\u0131nda ne oldu\u011funu unutturan bu sahte c\u00fcmb\u00fc\u015f\u00fcn ortas\u0131nda sahici bir sesi ay\u0131rt edebilecek misin? \u00dcst\u00fcne d\u00fc\u015fecek \u00e7iy tanesinin so\u011fuklu\u011fundan sorumluyum; bak\u0131\u015f\u0131n\u0131n k\u0131r\u0131lmas\u0131ndan, dudaklar\u0131na de\u011fen parmak u\u00e7lar\u0131ndan bile sorumluyum. Sense hala tarifler yap\u0131yorsun. Yapmasan ke\u015fke. Yapmasan&#8230; Fark eder mi ki kim kime a\u015f\u0131k? Kim kime dola\u015f\u0131k? Bu karmakar\u0131\u015f\u0131k sarma\u015f\u0131k&#8230; K\u00f6k\u00fc bende, dallar\u0131 sende, suyu bende, yapraklar\u0131 sende&#8230; \u0130stersen kesersin b\u0131\u00e7ak gibi bir s\u00f6z\u00fcnle&#8230; Sana tam anlam\u0131yla kendini b\u0131rakan, tamamlanm\u0131\u015f oldu\u011fun anlar, hi\u00e7bir zaman birbirimize sar\u0131ld\u0131\u011f\u0131m\u0131z o gizli bulu\u015fma kadar heyecan vermeyecek. Sen bendeki eksi\u011fine, ben sendeki noksan\u0131ma bu kadar muhta\u00e7ken ve bu bizi a\u00e7, bu bizi arzulu, bu bizi co\u015fkulu k\u0131larken sen sonsuz bir toklu\u011fa mahkum edersen bizi; yeniden a\u00e7 olmay\u0131 \u00f6zleyece\u011fiz. Oysa a\u015fk yoklukla, kay\u0131pla, eksikle, \u00f6l\u00fcmle besleniyor&#8230; A\u015fk \u201cyukar\u0131\u201dya uzanmak i\u00e7in derinlere g\u00f6m\u00fcl\u00fc&#8230; A\u015fk\u0131n nesnesi hayal, malzemesi kalp&#8230; A\u015fk, ar\u0131yor g\u00f6r\u00fcnd\u00fc\u011f\u00fc \u015feyin de\u011fil \u201c\u00f6te\u201d sinin pe\u015finde&#8230; A\u015fk deli&#8230; A\u015fk ak\u0131l\u00f6tesi&#8230; A\u015fk co\u015fkulu, a\u015fk tehlikeli&#8230; A\u015fk hem mutlu, hem mutsuz&#8230; A\u015fk ac\u0131ya te\u015fne&#8230; A\u015fk hesaps\u0131z, a\u015fk tedbirsiz&#8230; Ke\u015fke gelseydin ellerim senin olurdu&#8230;Cem Mumcu, Karmakar\u0131\u015f\u0131k Sarma\u015f\u0131k\u2019la beraber alt\u0131 kitap ve y\u00fcz yetmi\u015f \u00f6yk\u00fcye ula\u015fan Binbir \u0130nsan Masallar\u0131 serisi ile insan do\u011fas\u0131n\u0131n en sakl\u0131 odalar\u0131na cesaretle giriyor. Her bir \u00f6yk\u00fc, bir ba\u015fka deneyimin en orta yerine davet ediyor okuyucusunu. Orada saklanmak, utanmak, korkmak yok. Akl\u0131n g\u00f6revi bitiyor, kalp ba\u015fl\u0131yor anlamaya. Bu, kanatlar\u0131n\u0131n oldu\u011funu, u\u00e7may\u0131 \u00f6lesiye isterken \u00f6\u011frenmek gibi, ger\u00e7ek bir \u00f6zg\u00fcrl\u00fck deneyimi.\u201cMumcu bu insanl\u0131k trajedisinin arkeolojisiyle ne zaman bu denli i\u00e7 i\u00e7e ge\u00e7ti, bu kaz\u0131da kimlere \u00e7\u0131rakl\u0131k etti, bu gen\u00e7 ya\u015fta nas\u0131l b\u00f6yle &#8216;karnavalesk&#8217; bir ustal\u0131k edindi bilemiyorum. Ancak d\u00fcnya edebiyat\u0131nda da ender rastlad\u0131\u011f\u0131m\u0131z birbirinden \u00e7arp\u0131c\u0131 ironilerin \u0131\u015f\u0131lt\u0131s\u0131yla ilerleyen bu ilgin\u00e7 yaz\u0131n\u0131n, delili\u011fimizin evrensel mant\u0131\u011f\u0131n\u0131 ola\u011fan\u00fcst\u00fc do\u011fru bi\u00e7imde dokuyan bu ilgin\u00e7 yazar\u0131n masallar\u0131na, \u2018d\u00fcnya durduk\u00e7a duracak\u2019 demekte hakl\u0131 oldu\u011fuma inan\u0131yorum.\u201d  &#8211; Leyla Erbil  <\/p>\n","protected":false},"excerpt":{"rendered":"<p>Sana yazsam okuyabilecek misin? Sana eksik oldu\u011funu s\u00fcrekli hat\u0131rlatan; ama eksi\u011finin asl\u0131nda ne oldu\u011funu unutturan bu sahte c\u00fcmb\u00fc\u015f\u00fcn ortas\u0131nda sahici bir sesi ay\u0131rt edebilecek misin? \u00dcst\u00fcne<span class=\"excerpt-hellip\"> [\u2026]<\/span><\/p>\n","protected":false},"featured_media":0,"template":"","meta":{"_monsterinsights_skip_tracking":false,"_monsterinsights_sitenote_active":false,"_monsterinsights_sitenote_note":"","_monsterinsights_sitenote_category":0},"product_brand":[],"product_cat":[12291,12711],"product_tag":[],"class_list":{"0":"post-707806","1":"product","2":"type-product","3":"status-publish","5":"product_cat-edebiyat","6":"product_cat-roman-oyku","7":"pa_cilt-ciltsiz","8":"pa_tur-kitap","9":"pa_yayinevi-okuyan-us-yayin","10":"pa_yazar-cem-mumcu","12":"first","13":"instock","14":"sale","15":"shipping-taxable","16":"purchasable","17":"product-type-simple"},"_links":{"self":[{"href":"https:\/\/roveyayinevi.com.tr\/index.php\/wp-json\/wp\/v2\/product\/707806","targetHints":{"allow":["GET"]}}],"collection":[{"href":"https:\/\/roveyayinevi.com.tr\/index.php\/wp-json\/wp\/v2\/product"}],"about":[{"href":"https:\/\/roveyayinevi.com.tr\/index.php\/wp-json\/wp\/v2\/types\/product"}],"wp:attachment":[{"href":"https:\/\/roveyayinevi.com.tr\/index.php\/wp-json\/wp\/v2\/media?parent=707806"}],"wp:term":[{"taxonomy":"product_brand","embeddable":true,"href":"https:\/\/roveyayinevi.com.tr\/index.php\/wp-json\/wp\/v2\/product_brand?post=707806"},{"taxonomy":"product_cat","embeddable":true,"href":"https:\/\/roveyayinevi.com.tr\/index.php\/wp-json\/wp\/v2\/product_cat?post=707806"},{"taxonomy":"product_tag","embeddable":true,"href":"https:\/\/roveyayinevi.com.tr\/index.php\/wp-json\/wp\/v2\/product_tag?post=707806"}],"curies":[{"name":"wp","href":"https:\/\/api.w.org\/{rel}","templated":true}]}}