{"id":707805,"date":"2025-08-27T16:09:14","date_gmt":"2025-08-27T13:09:14","guid":{"rendered":"https:\/\/roveyayinevi.com.tr\/index.php\/urun\/savas-ati-ciltli\/"},"modified":"2026-04-16T02:16:25","modified_gmt":"2026-04-15T23:16:25","slug":"savas-ati-ciltli","status":"publish","type":"product","link":"https:\/\/roveyayinevi.com.tr\/index.php\/urun\/savas-ati-ciltli\/","title":{"rendered":"Sava\u015f At\u0131 &#8211; Ciltli"},"content":{"rendered":"<p>\u0130ngiliz \u00e7ocuk ve gen\u00e7lik edebiyat\u0131n\u0131n bol \u00f6d\u00fcll\u00fc yazar\u0131 Michael Morpurgo&#8217;dan h\u00fczn\u00fcn ve umudun kol kola y\u00fcr\u00fcd\u00fc\u011f\u00fc destans\u0131 bir dostluk hik\u00e2yesi\u2026Morpurgo&#8217;nun bu \u00fc\u00e7 \u00f6d\u00fcll\u00fc ba\u015fyap\u0131t\u0131, I. D\u00fcnya Sava\u015f\u0131\u2019nda ya\u015fanan s\u0131ra d\u0131\u015f\u0131 olaylar\u0131 Joey ad\u0131nda bir at\u0131n a\u011fz\u0131ndan aktaran \u00e7a\u011fda\u015f bir klasik.Alt\u0131 ayl\u0131k bile de\u011filken hayvan pazar\u0131nda a\u00e7\u0131k artt\u0131rmaya \u00e7\u0131kar\u0131lan Joey, sarho\u015f bir adama sat\u0131l\u0131r. Niyeti bir buza\u011f\u0131 almak olan adam\u0131n o\u011flu Albert, Joey\u2019i g\u00f6r\u00fcr g\u00f6rmez \u00e2deta ona hayran kal\u0131r. Birlikte b\u00fcy\u00fcyen Albert ve Joey asla kopar\u0131lamayacak bir dostluk ba\u011f\u0131yla birbirlerine ba\u011flan\u0131r. Ta ki g\u00fcnlerden bir g\u00fcn, bankaya olan ipotek borcunu \u00f6demek i\u00e7in paraya ihtiyac\u0131 olan Albert\u2019\u0131n babas\u0131, Joey\u2019i \u0130ngiliz ordusuna satana kadar&#8230;Uzun y\u0131llar Broadway ve West End sahnelerinde g\u00f6rkemli bir tiyatro oyunu olarak sergilenen Sava\u015f At\u0131, 2011 y\u0131l\u0131nda Steven Spielberg taraf\u0131ndan beyazperdeye de uyarlanarak en iyi film kategorisi d\u00e2hil pek \u00e7ok dalda Oscar \u00f6d\u00fcllerine aday g\u00f6sterilmi\u015fti.Her ya\u015ftan okurun kalbini fetheden bu duygu y\u00fckl\u00fc roman\u0131n etkisinden uzun s\u00fcre kurtulamayacaks\u0131n\u0131z&#8230; Morpurgo\u2019nun anlat\u0131m\u0131 o kadar kavray\u0131c\u0131 ki, okumaya ba\u015flad\u0131ktan k\u0131sa s\u00fcre sonra Joey\u2019le okuyucu aras\u0131nda yak\u0131nl\u0131k kuruluyor.\u201d Bir Dolap Kitap\u201cSava\u015f ve hayvanlar hakk\u0131nda kaleme ald\u0131klar\u0131yla harikalar yaratan Michael Morpurgo, \u00f6\u011f\u00fct verici bir \u00fcslup tak\u0131nmaks\u0131z\u0131n, \u00f6nemli duygulara ve hislere \u0131\u015f\u0131k tutuyor.\u201d Guardian<\/p>\n","protected":false},"excerpt":{"rendered":"<p>\u0130ngiliz \u00e7ocuk ve gen\u00e7lik edebiyat\u0131n\u0131n bol \u00f6d\u00fcll\u00fc yazar\u0131 Michael Morpurgo&#8217;dan h\u00fczn\u00fcn ve umudun kol kola y\u00fcr\u00fcd\u00fc\u011f\u00fc destans\u0131 bir dostluk hik\u00e2yesi\u2026Morpurgo&#8217;nun bu \u00fc\u00e7 \u00f6d\u00fcll\u00fc ba\u015fyap\u0131t\u0131, I. D\u00fcnya<span class=\"excerpt-hellip\"> [\u2026]<\/span><\/p>\n","protected":false},"featured_media":0,"template":"","meta":{"_monsterinsights_skip_tracking":false,"_monsterinsights_sitenote_active":false,"_monsterinsights_sitenote_note":"","_monsterinsights_sitenote_category":0},"product_brand":[],"product_cat":[12275,12274],"product_tag":[],"class_list":{"0":"post-707805","1":"product","2":"type-product","3":"status-publish","5":"product_cat-6-12-yas-kitaplari","6":"product_cat-cocuk-ve-genclik-kitaplari","7":"pa_cilt-ciltli","8":"pa_tur-kitap","9":"pa_yayinevi-tudem-yayinlari","10":"pa_yazar-michael-morpurgo","12":"first","13":"instock","14":"sale","15":"shipping-taxable","16":"purchasable","17":"product-type-simple"},"_links":{"self":[{"href":"https:\/\/roveyayinevi.com.tr\/index.php\/wp-json\/wp\/v2\/product\/707805","targetHints":{"allow":["GET"]}}],"collection":[{"href":"https:\/\/roveyayinevi.com.tr\/index.php\/wp-json\/wp\/v2\/product"}],"about":[{"href":"https:\/\/roveyayinevi.com.tr\/index.php\/wp-json\/wp\/v2\/types\/product"}],"wp:attachment":[{"href":"https:\/\/roveyayinevi.com.tr\/index.php\/wp-json\/wp\/v2\/media?parent=707805"}],"wp:term":[{"taxonomy":"product_brand","embeddable":true,"href":"https:\/\/roveyayinevi.com.tr\/index.php\/wp-json\/wp\/v2\/product_brand?post=707805"},{"taxonomy":"product_cat","embeddable":true,"href":"https:\/\/roveyayinevi.com.tr\/index.php\/wp-json\/wp\/v2\/product_cat?post=707805"},{"taxonomy":"product_tag","embeddable":true,"href":"https:\/\/roveyayinevi.com.tr\/index.php\/wp-json\/wp\/v2\/product_tag?post=707805"}],"curies":[{"name":"wp","href":"https:\/\/api.w.org\/{rel}","templated":true}]}}