{"id":707804,"date":"2025-08-27T16:09:14","date_gmt":"2025-08-27T13:09:14","guid":{"rendered":"https:\/\/roveyayinevi.com.tr\/index.php\/urun\/mavi-zamanlar-ciltli\/"},"modified":"2026-04-16T02:16:25","modified_gmt":"2026-04-15T23:16:25","slug":"mavi-zamanlar-ciltli","status":"publish","type":"product","link":"https:\/\/roveyayinevi.com.tr\/index.php\/urun\/mavi-zamanlar-ciltli\/","title":{"rendered":"Mavi Zamanlar &#8211; Ciltli"},"content":{"rendered":"<p>Mavisel Yener, son 10 y\u0131l\u0131n \u00e7ocuk edebiyat\u0131na damgas\u0131n\u0131 vuran Mavi Zamanlar isimli roman\u0131nda Allianoi Antik Kenti&#8217;nin sessiz \u00e7\u0131\u011fl\u0131\u011f\u0131 oluyor.Kat\u0131ld\u0131\u011f\u0131 bir yar\u0131\u015fmada dereceye giren Birce, Allianoi Arkeolojik Kaz\u0131 Alan\u0131\u2019nda bir haftal\u0131k tatil kazan\u0131yor. Bu tatilde Birce ve arkada\u015flar\u0131 Allianoi Antik Kenti\u2019nin izini ke\u015ffediyor. Ancak bu ke\u015fif, beraberinde pek \u00e7ok tehlikeyi getiriyor. \u00c7\u00fcnk\u00fc eski \u00e7a\u011flardan kalan bu antik kentte bulunan bir kristal, d\u00fcnyan\u0131n su dengelerinin d\u00f6rt merkezinden biri olarak biliniyor. M\u0131s\u0131r devleti i\u00e7in \u00e7al\u0131\u015fan casuslar bu dengeleri de\u011fi\u015ftirmek i\u00e7in hi\u00e7 vakit kaybetmeden harekete ge\u00e7iyor. Ellerinden b\u0131rakamad\u0131klar\u0131 Gizli Ge\u00e7itleri Bulman\u0131n Yollar\u0131 isimli kitab\u0131n verdi\u011fi ipu\u00e7lar\u0131yla \u015fifreleri tek tek \u00e7\u00f6zen Birce ve arkada\u015flar\u0131n\u0131 unutamayacaklar\u0131 bir son bekliyor.Mavisel Yener&#8217;in 2013 Tudem Edebiyat Birincilik \u00d6d\u00fcll\u00fc bu heyecan dolu ser\u00fcveni, nefis anlat\u0131m\u0131 ve s\u00fcr\u00fckleyici kurgusuyla \u00e7ocuklar kadar yeti\u015fkinlerin de ilgisini \u00e7eken ger\u00e7ek bir klasik.\u201cGe\u00e7mi\u015ften g\u00fcn\u00fcm\u00fcze var olan de\u011ferlere sahip \u00e7\u0131k\u0131\u015f\u0131n bir \u00f6yk\u00fcs\u00fc var bu kitapta. Mavi Zamanlar, Allianoi\u2019nin sessiz \u00e7\u0131\u011fl\u0131\u011f\u0131!\u201d Cumhuriyet Kitap<\/p>\n","protected":false},"excerpt":{"rendered":"<p>Mavisel Yener, son 10 y\u0131l\u0131n \u00e7ocuk edebiyat\u0131na damgas\u0131n\u0131 vuran Mavi Zamanlar isimli roman\u0131nda Allianoi Antik Kenti&#8217;nin sessiz \u00e7\u0131\u011fl\u0131\u011f\u0131 oluyor.Kat\u0131ld\u0131\u011f\u0131 bir yar\u0131\u015fmada dereceye giren Birce, Allianoi Arkeolojik<span class=\"excerpt-hellip\"> [\u2026]<\/span><\/p>\n","protected":false},"featured_media":0,"template":"","meta":{"_monsterinsights_skip_tracking":false,"_monsterinsights_sitenote_active":false,"_monsterinsights_sitenote_note":"","_monsterinsights_sitenote_category":0},"product_brand":[],"product_cat":[12275,12274],"product_tag":[],"class_list":{"0":"post-707804","1":"product","2":"type-product","3":"status-publish","5":"product_cat-6-12-yas-kitaplari","6":"product_cat-cocuk-ve-genclik-kitaplari","7":"pa_cilt-ciltli","8":"pa_tur-kitap","9":"pa_yayinevi-tudem-yayinlari","10":"pa_yazar-mavisel-yener","12":"first","13":"instock","14":"sale","15":"shipping-taxable","16":"purchasable","17":"product-type-simple"},"_links":{"self":[{"href":"https:\/\/roveyayinevi.com.tr\/index.php\/wp-json\/wp\/v2\/product\/707804","targetHints":{"allow":["GET"]}}],"collection":[{"href":"https:\/\/roveyayinevi.com.tr\/index.php\/wp-json\/wp\/v2\/product"}],"about":[{"href":"https:\/\/roveyayinevi.com.tr\/index.php\/wp-json\/wp\/v2\/types\/product"}],"wp:attachment":[{"href":"https:\/\/roveyayinevi.com.tr\/index.php\/wp-json\/wp\/v2\/media?parent=707804"}],"wp:term":[{"taxonomy":"product_brand","embeddable":true,"href":"https:\/\/roveyayinevi.com.tr\/index.php\/wp-json\/wp\/v2\/product_brand?post=707804"},{"taxonomy":"product_cat","embeddable":true,"href":"https:\/\/roveyayinevi.com.tr\/index.php\/wp-json\/wp\/v2\/product_cat?post=707804"},{"taxonomy":"product_tag","embeddable":true,"href":"https:\/\/roveyayinevi.com.tr\/index.php\/wp-json\/wp\/v2\/product_tag?post=707804"}],"curies":[{"name":"wp","href":"https:\/\/api.w.org\/{rel}","templated":true}]}}