{"id":707803,"date":"2025-08-27T16:09:13","date_gmt":"2025-08-27T13:09:13","guid":{"rendered":"https:\/\/roveyayinevi.com.tr\/index.php\/urun\/sisin-sakladiklari-ciltli\/"},"modified":"2026-04-16T02:16:25","modified_gmt":"2026-04-15T23:16:25","slug":"sisin-sakladiklari-ciltli","status":"publish","type":"product","link":"https:\/\/roveyayinevi.com.tr\/index.php\/urun\/sisin-sakladiklari-ciltli\/","title":{"rendered":"Sisin Saklad\u0131klar\u0131 &#8211; Ciltli"},"content":{"rendered":"<p>Okurlar\u0131n\u0131 \u015fa\u015f\u0131rtmadaki ustal\u0131\u011f\u0131yla tan\u0131nan Miyase Sertbarut&#8217;tan insanlar\u0131 kobay olarak kullananlara kar\u015f\u0131 giri\u015filen nefes kesici bir m\u00fccadele&#8230;Sisba\u011f\u2019da kargalar\u0131n genlerini insanlara aktarmaya \u00e7al\u0131\u015fan genetik \u00e7al\u0131\u015fmalar, t\u00fcm bir y\u00f6reyi, insanlar\u0131 ve do\u011fay\u0131 tehdit ediyor. Yaz tatilini ge\u00e7irmek \u00fczere teyzesinin ya\u015fad\u0131\u011f\u0131 k\u00f6ye giden \u0130lay, arkada\u015f\u0131 Fuat ve teyzesiyle birlikte insanl\u0131\u011f\u0131n gelece\u011fini tehdit edenlere kar\u015f\u0131 b\u00fcy\u00fck bir m\u00fccadeleye giri\u015fiyor.Neyse ki konu\u015fabilme yetene\u011fine sahip bir karga imdatlar\u0131na yeti\u015fiyor. Zek\u00e2s\u0131yla dikkat \u00e7eken Mavi Karga t\u00fcm bu ya\u015fananlar\u0131n alt\u0131nda yatan ba\u015fka bir s\u0131rr\u0131n pe\u015finde kanat \u00e7\u0131rp\u0131yor. Peki bir kargaya ne kadar g\u00fcvenilir? Sahi, kargalar\u0131n ka\u00e7 y\u0131l ya\u015fad\u0131\u011f\u0131n\u0131 biliyor musunuz?..Edebiyat\u0131m\u0131z\u0131n \u00fcretken kalemlerinden Miyase Sertbarut, 2004 Tudem Edebiyat \u0130kincilik \u00d6d\u00fcll\u00fc bu s\u00fcr\u00fckleyici roman\u0131nda do\u011faya m\u00fcdahale etmenin, do\u011fal olan\u0131n yap\u0131s\u0131n\u0131 de\u011fi\u015ftirmenin etkilerini ele\u015ftirel bir dille g\u00fcndeme ta\u015f\u0131yor.\u201cSisin Saklad\u0131klar\u0131 heyecanl\u0131 bir roman; g\u00fcn\u00fcm\u00fczde ge\u00e7en, \u00e7a\u011f\u0131 yakalam\u0131\u015f, \u015fimdinin \u00e7ocuklar\u0131n\u0131 kesinlikle \u00e7ok heyecanland\u0131racak bir roman hem de.\u201d Radikal Kitap<\/p>\n","protected":false},"excerpt":{"rendered":"<p>Okurlar\u0131n\u0131 \u015fa\u015f\u0131rtmadaki ustal\u0131\u011f\u0131yla tan\u0131nan Miyase Sertbarut&#8217;tan insanlar\u0131 kobay olarak kullananlara kar\u015f\u0131 giri\u015filen nefes kesici bir m\u00fccadele&#8230;Sisba\u011f\u2019da kargalar\u0131n genlerini insanlara aktarmaya \u00e7al\u0131\u015fan genetik \u00e7al\u0131\u015fmalar, t\u00fcm bir y\u00f6reyi,<span class=\"excerpt-hellip\"> [\u2026]<\/span><\/p>\n","protected":false},"featured_media":0,"template":"","meta":{"_monsterinsights_skip_tracking":false,"_monsterinsights_sitenote_active":false,"_monsterinsights_sitenote_note":"","_monsterinsights_sitenote_category":0},"product_brand":[],"product_cat":[12275,12274],"product_tag":[],"class_list":{"0":"post-707803","1":"product","2":"type-product","3":"status-publish","5":"product_cat-6-12-yas-kitaplari","6":"product_cat-cocuk-ve-genclik-kitaplari","7":"pa_cilt-ciltli","8":"pa_tur-kitap","9":"pa_yayinevi-tudem-yayinlari","10":"pa_yazar-miyase-sertbarut","12":"first","13":"instock","14":"sale","15":"shipping-taxable","16":"purchasable","17":"product-type-simple"},"_links":{"self":[{"href":"https:\/\/roveyayinevi.com.tr\/index.php\/wp-json\/wp\/v2\/product\/707803","targetHints":{"allow":["GET"]}}],"collection":[{"href":"https:\/\/roveyayinevi.com.tr\/index.php\/wp-json\/wp\/v2\/product"}],"about":[{"href":"https:\/\/roveyayinevi.com.tr\/index.php\/wp-json\/wp\/v2\/types\/product"}],"wp:attachment":[{"href":"https:\/\/roveyayinevi.com.tr\/index.php\/wp-json\/wp\/v2\/media?parent=707803"}],"wp:term":[{"taxonomy":"product_brand","embeddable":true,"href":"https:\/\/roveyayinevi.com.tr\/index.php\/wp-json\/wp\/v2\/product_brand?post=707803"},{"taxonomy":"product_cat","embeddable":true,"href":"https:\/\/roveyayinevi.com.tr\/index.php\/wp-json\/wp\/v2\/product_cat?post=707803"},{"taxonomy":"product_tag","embeddable":true,"href":"https:\/\/roveyayinevi.com.tr\/index.php\/wp-json\/wp\/v2\/product_tag?post=707803"}],"curies":[{"name":"wp","href":"https:\/\/api.w.org\/{rel}","templated":true}]}}