{"id":707800,"date":"2025-08-27T16:09:12","date_gmt":"2025-08-27T13:09:12","guid":{"rendered":"https:\/\/roveyayinevi.com.tr\/index.php\/urun\/dedemin-bakkali\/"},"modified":"2026-04-16T02:16:25","modified_gmt":"2026-04-15T23:16:25","slug":"dedemin-bakkali","status":"publish","type":"product","link":"https:\/\/roveyayinevi.com.tr\/index.php\/urun\/dedemin-bakkali\/","title":{"rendered":"Dedemin Bakkal\u0131"},"content":{"rendered":"<p>O, tuz ruhu isteyen m\u00fc\u015fteriye yemek tuzu g\u00f6nderip \u201cruhu arkadan gelecek\u201d diyen bir giri\u015fimci\u2026O, fakir m\u00fc\u015fterilere bedava \u00fcr\u00fcnler sat\u0131p \u00fccreti zenginlerin hesab\u0131na yazan bir kahraman\u2026O, bakkaldaki i\u00e7ecekleri birbirine kar\u0131\u015ft\u0131r\u0131p daha g\u00fczelini bulmak ve m\u00fc\u015fterilerine sunmak i\u00e7in u\u011fra\u015fan bir sivri zeka\u2026O, Afrikal\u0131 \u00e7ocuklara yard\u0131m g\u00f6ndermek i\u00e7in arkada\u015flar\u0131n\u0131n ellerinden kandil yiyeceklerini toplayan bir yard\u0131msever\u2026O, att\u0131\u011f\u0131 her ad\u0131m olay olan, a\u015f\u0131r\u0131 e\u011flenceli, cin fikirli, fena halde yenilik\u00e7i bir bakkal \u00e7\u0131ra\u011f\u0131\u2026 Ticaret hayat\u0131nda tam gaz ko\u015ftu ama her seferinde yeti\u015fkinlerin d\u00fcnyas\u0131na toslad\u0131. Yeti\u015fkinler y\u00fcz\u00fcnden ba\u015f\u0131na gelmeyen kalmad\u0131\u2026  Ve t\u00fcm deneyimleriyle, senin i\u00e7in harika bir rehber haz\u0131rlad\u0131. \u00c7ocuklar\u0131n Yeti\u015fkinlerle \u0130leti\u015fimde Dikkat Etmesi Gereken Hassas Konular, bu kitapta.Tam on madde. Oku ve dikkat et\u2026Sana bir s\u0131r vereyim:Yeti\u015fkinler&#8230;Her yerdeler\u2026 \u015eermin \u00c7arkac\u0131\u2019n\u0131n kendi hat\u0131ralar\u0131ndan ilhamla kaleme ald\u0131\u011f\u0131 Dedemin Bakkal\u0131, b\u00fcy\u00fcklere \u00e7ocuklar\u0131n g\u00f6z\u00fcnden kendilerini g\u00f6rme imk\u00e2n\u0131 verirken; k\u00fc\u00e7\u00fcklere ticaretin, yenilik\u00e7i d\u00fc\u015f\u00fcnmenin, b\u00fcy\u00fcklerin d\u00fcnyas\u0131n\u0131n ve insan ili\u015fkilerine dair inceliklerin ipu\u00e7lar\u0131n\u0131 veriyor. Epey g\u00fcld\u00fcr\u00fcyor, biraz h\u00fcz\u00fcnlendiriyor, uzun uzun d\u00fc\u015f\u00fcnd\u00fcr\u00fcyor. <\/p>\n","protected":false},"excerpt":{"rendered":"<p>O, tuz ruhu isteyen m\u00fc\u015fteriye yemek tuzu g\u00f6nderip \u201cruhu arkadan gelecek\u201d diyen bir giri\u015fimci\u2026O, fakir m\u00fc\u015fterilere bedava \u00fcr\u00fcnler sat\u0131p \u00fccreti zenginlerin hesab\u0131na yazan bir kahraman\u2026O, bakkaldaki<span class=\"excerpt-hellip\"> [\u2026]<\/span><\/p>\n","protected":false},"featured_media":0,"template":"","meta":{"_monsterinsights_skip_tracking":false,"_monsterinsights_sitenote_active":false,"_monsterinsights_sitenote_note":"","_monsterinsights_sitenote_category":0},"product_brand":[],"product_cat":[12275,12274],"product_tag":[],"class_list":{"0":"post-707800","1":"product","2":"type-product","3":"status-publish","5":"product_cat-6-12-yas-kitaplari","6":"product_cat-cocuk-ve-genclik-kitaplari","7":"pa_cilt-ciltsiz","8":"pa_tur-kitap","9":"pa_yayinevi-taze-kitap","10":"pa_yazar-sermin-yasar","12":"first","13":"instock","14":"sale","15":"shipping-taxable","16":"purchasable","17":"product-type-simple"},"_links":{"self":[{"href":"https:\/\/roveyayinevi.com.tr\/index.php\/wp-json\/wp\/v2\/product\/707800","targetHints":{"allow":["GET"]}}],"collection":[{"href":"https:\/\/roveyayinevi.com.tr\/index.php\/wp-json\/wp\/v2\/product"}],"about":[{"href":"https:\/\/roveyayinevi.com.tr\/index.php\/wp-json\/wp\/v2\/types\/product"}],"wp:attachment":[{"href":"https:\/\/roveyayinevi.com.tr\/index.php\/wp-json\/wp\/v2\/media?parent=707800"}],"wp:term":[{"taxonomy":"product_brand","embeddable":true,"href":"https:\/\/roveyayinevi.com.tr\/index.php\/wp-json\/wp\/v2\/product_brand?post=707800"},{"taxonomy":"product_cat","embeddable":true,"href":"https:\/\/roveyayinevi.com.tr\/index.php\/wp-json\/wp\/v2\/product_cat?post=707800"},{"taxonomy":"product_tag","embeddable":true,"href":"https:\/\/roveyayinevi.com.tr\/index.php\/wp-json\/wp\/v2\/product_tag?post=707800"}],"curies":[{"name":"wp","href":"https:\/\/api.w.org\/{rel}","templated":true}]}}