{"id":707797,"date":"2025-08-27T16:09:11","date_gmt":"2025-08-27T13:09:11","guid":{"rendered":"https:\/\/roveyayinevi.com.tr\/index.php\/urun\/dini-egitim-odakli-timas-okul-oncesi-egitim-seti\/"},"modified":"2026-04-16T02:16:25","modified_gmt":"2026-04-15T23:16:25","slug":"dini-egitim-odakli-timas-okul-oncesi-egitim-seti","status":"publish","type":"product","link":"https:\/\/roveyayinevi.com.tr\/index.php\/urun\/dini-egitim-odakli-timas-okul-oncesi-egitim-seti\/","title":{"rendered":"Dini E\u011fitim Odakl\u0131 Tima\u015f Okul \u00d6ncesi E\u011fitim Seti"},"content":{"rendered":"<p>Prof. Dr. Mehmet Emin Ay dan\u0131\u015fmanl\u0131\u011f\u0131nda haz\u0131rlanan Dini E\u011fitim Odakl\u0131 Tima\u015f Okul \u00d6ncesi E\u011fitim Seti, Milli e\u011fitim Bakanl\u0131\u011f\u0131n\u0131n haz\u0131rlad\u0131\u011f\u0131 Okul \u00d6ncesi e\u011fitim Program\u0131\u2019ndaki kazan\u0131mlar\u0131 ve g\u00f6stergeleri temel unsur olarak i\u015fler. Beraberinde din e\u011fitimini i\u00e7eren sistematik bir yap\u0131ya sahiptir. Bir yanda \u00f6\u011frencilerin \u00e7ok y\u00f6nl\u00fc geli\u015fimini desteklerken di\u011fer yandan temel din e\u011fitimini de e\u011flenceli ve sorumluluk duygusunu peki\u015ftirici nitelikte sunar. Set; \u00f6\u011frenciyi merkeze al\u0131r. Hem bireysel olarak hem de topluluk halinde hareket edebilen, \u00f6zg\u00fcven sahibi ve kolektif \u015fuurun fark\u0131nda \u00f6\u011frenciler yeti\u015ftirmeyi hedefler. Eser \u00e7ocuklar\u0131n gereksinimlerine ve bireysel farkl\u0131l\u0131klar\u0131na uygun olarak haz\u0131rlanm\u0131\u015ft\u0131r. \u00c7ocuklar\u0131n ilgilerinin ve gereksinimlerinin yan\u0131 s\u0131ra \u00e7evrenin ve okulun imk\u00e2nlar\u0131n\u0131 da g\u00f6z \u00f6n\u00fcnde bulundurmu\u015ftur. E\u011fitim s\u00fcrecinde \u00e7ocu\u011fu merkze al\u0131r. E\u011fitimcinin katk\u0131s\u0131n\u0131 ve y\u00f6nlendirmesini, \u00f6\u011frenciye g\u00f6re farkl\u0131la\u015ft\u0131rmas\u0131n\u0131 kolayca uygulanabilir \u015fekilde sunmu\u015ftur. Ailenin etkin kat\u0131l\u0131m\u0131 i\u00e7in etkinlikler planlam\u0131\u015ft\u0131r. Etkinlik Kitaplar\u0131 7 adet etkinlik kitab\u0131 ve 1 adet M\u00fcbarek G\u00fcnler etkinlik kitab\u0131 bulunmaktad\u0131r. \u00e7ocuklar\u0131n insanlarla olan ili\u015fkilerini, kendi \u00f6zbenliklerini geli\u015ftirecek di\u011fer yandan iman, ibadet, ahl\u00e2k, siyer ve Kur\u2019an-\u0131 Kerim \u00f6\u011frenme alanlar\u0131nda ya\u015flar\u0131na uygun kazan\u0131m sa\u011flayacak sistemli etkinliklerle donat\u0131lm\u0131\u015ft\u0131r. Okul \u00f6ncesi program\u0131ndaki ama\u00e7 ve kazan\u0131mlar g\u00f6zetilerek geli\u015fimsel hedefleri destekleyen \u00e7ocuklara g\u00fczel davran\u0131\u015flar ve beceriler kazand\u0131ran, onlar\u0131 ilk\u00f6\u011fretime ve hayata haz\u0131rlayan, din\u00ee alanda \u00f6\u011frenmeleri ve uygulamalar\u0131 gereken temel kazan\u0131mlar\u0131 sunan etkinliklerin, sete \u00f6zel \u00e7izimlerin ve tasar\u0131mlar\u0131n bulundu\u011fu b\u00fct\u00fcnc\u00fcl ve sarmal yap\u0131da haz\u0131rlanm\u0131\u015f orijinal ve kaliteli bir sistemle istifadenize sunulmu\u015ftur. Aile Kat\u0131l\u0131ml\u0131 Etkinlik Kitab\u0131 Aile kat\u0131l\u0131ml\u0131 etkinlikler, \u00e7ocu\u011fun seti uygularken edindi\u011fi kazan\u0131mlar\u0131 peki\u015ftirmesi ve ailenin bu s\u00fcreci do\u011fru g\u00f6zlemleyebilmesi amac\u0131yla haz\u0131rlanm\u0131\u015ft\u0131r. Haftal\u0131k takibi kolayla\u015ft\u0131rmak i\u00e7in kolay kopar\u0131l\u0131r bir \u015fekilde sunulmu\u015ftur. Aileyi setin sistemine paralel olarak y\u00f6nlendirmektedir. B\u00f6ylece ebeveyni e\u011fitimin bir par\u00e7as\u0131 haline getirmek ama\u00e7lanm\u0131\u015ft\u0131r.  Sanat Dosyas\u0131 \u00c7ocuklar\u0131n estetik zevkini ve motor becerilerini geli\u015ftirecek kesme, y\u0131rtma \u2013 yap\u0131\u015ft\u0131rma, kolaj, boyama, \u00fc\u00e7 boyutlu maketler ve basit oyuncaklar tasarlama gibi uygulamalara yer verilmi\u015ftir. Uygulamalar \u00e7ocuklar\u0131n din\u00ee geli\u015fimini destekleyecek niteliktedir. \u00c7ocuklar\u0131n rahat kullan\u0131m\u0131 i\u00e7in etkinlik sayfalar\u0131 kal\u0131n k\u00e2\u011f\u0131da bas\u0131lm\u0131\u015f ve kolay kopar\u0131labilir olarak istifadeye sunulmu\u015ftur. Kur\u2019an-\u0131 Kerim Okumay\u0131 \u00d6\u011freniyorum \u00d6\u011frenci merkezli, ses temelli e\u011fitim \u00f6n plana al\u0131narak haz\u0131rlad\u0131\u011f\u0131m\u0131z eserimizde boyama, \u015fark\u0131 s\u00f6yleme gibi etkinlikler, zihinsel al\u0131\u015ft\u0131rmalar, kart oyunlar\u0131, hareketli oyunlar yer almaktad\u0131r. Ayr\u0131ca dizinin i\u00e7inde \u00e7ocuklar Kur\u2019an-\u0131 Kerim okumaya ge\u00e7ti\u011finde onlara takdim edilmesi i\u00e7in tasarlanm\u0131\u015f olan \u201cKur\u2019an-\u0131 Kerime Ge\u00e7i\u015f Belgesi\u201d yer almaktad\u0131r. <\/p>\n","protected":false},"excerpt":{"rendered":"<p>Prof. Dr. Mehmet Emin Ay dan\u0131\u015fmanl\u0131\u011f\u0131nda haz\u0131rlanan Dini E\u011fitim Odakl\u0131 Tima\u015f Okul \u00d6ncesi E\u011fitim Seti, Milli e\u011fitim Bakanl\u0131\u011f\u0131n\u0131n haz\u0131rlad\u0131\u011f\u0131 Okul \u00d6ncesi e\u011fitim Program\u0131\u2019ndaki kazan\u0131mlar\u0131 ve g\u00f6stergeleri<span class=\"excerpt-hellip\"> [\u2026]<\/span><\/p>\n","protected":false},"featured_media":0,"template":"","meta":{"_monsterinsights_skip_tracking":false,"_monsterinsights_sitenote_active":false,"_monsterinsights_sitenote_note":"","_monsterinsights_sitenote_category":0},"product_brand":[],"product_cat":[12274,18802],"product_tag":[],"class_list":{"0":"post-707797","1":"product","2":"type-product","3":"status-publish","5":"product_cat-cocuk-ve-genclik-kitaplari","6":"product_cat-din-egitimi","7":"pa_cilt-set","8":"pa_tur-kitap","9":"pa_yayinevi-gulce-kitap","10":"pa_yazar-asuman-kilic","12":"first","13":"instock","14":"sale","15":"shipping-taxable","16":"purchasable","17":"product-type-simple"},"_links":{"self":[{"href":"https:\/\/roveyayinevi.com.tr\/index.php\/wp-json\/wp\/v2\/product\/707797","targetHints":{"allow":["GET"]}}],"collection":[{"href":"https:\/\/roveyayinevi.com.tr\/index.php\/wp-json\/wp\/v2\/product"}],"about":[{"href":"https:\/\/roveyayinevi.com.tr\/index.php\/wp-json\/wp\/v2\/types\/product"}],"wp:attachment":[{"href":"https:\/\/roveyayinevi.com.tr\/index.php\/wp-json\/wp\/v2\/media?parent=707797"}],"wp:term":[{"taxonomy":"product_brand","embeddable":true,"href":"https:\/\/roveyayinevi.com.tr\/index.php\/wp-json\/wp\/v2\/product_brand?post=707797"},{"taxonomy":"product_cat","embeddable":true,"href":"https:\/\/roveyayinevi.com.tr\/index.php\/wp-json\/wp\/v2\/product_cat?post=707797"},{"taxonomy":"product_tag","embeddable":true,"href":"https:\/\/roveyayinevi.com.tr\/index.php\/wp-json\/wp\/v2\/product_tag?post=707797"}],"curies":[{"name":"wp","href":"https:\/\/api.w.org\/{rel}","templated":true}]}}