{"id":707796,"date":"2025-08-27T16:09:10","date_gmt":"2025-08-27T13:09:10","guid":{"rendered":"https:\/\/roveyayinevi.com.tr\/index.php\/urun\/domino\/"},"modified":"2026-04-11T13:35:24","modified_gmt":"2026-04-11T10:35:24","slug":"domino","status":"publish","type":"product","link":"https:\/\/roveyayinevi.com.tr\/index.php\/urun\/domino\/","title":{"rendered":"Domino"},"content":{"rendered":"<p>\u0130brahim karde\u015fi Kadir ile yapaca\u011f\u0131 yolculukta varmak istedi\u011fi noktaya huzur i\u00e7inde varabilecek miydi? Cengizhan, i\u00e7indeki sevgiyi yitirenlere rehber olmaya \u00e7al\u0131\u015f\u0131rken d\u00fcnyadaki tek a\u015fk\u0131n\u0131 kaybetmenin ac\u0131s\u0131n\u0131 nas\u0131l durduracakt\u0131? Kamuran, k\u0131z\u0131 Elif\u2019in t\u0131pk\u0131 kendisi gibi k\u00f6y adetleriyle hayallerine kavu\u015fturulmamas\u0131n\u0131 engelleyebilecek miydi? Selim ailesine olan d\u00fc\u015fmanl\u0131\u011f\u0131n\u0131 hangi noktaya kadar g\u00f6t\u00fcrecekti? D\u00f6rt \u015eehir\u2026 Birbirinden habersiz d\u00f6rt \u00e7aresiz\u2026 D\u00f6rt farkl\u0131 hayat ve her biri bir u\u00e7urumun e\u015fi\u011finde olacaklardan habersiz, yollar\u0131nda ilerlemekte\u2026 Art\u0131k her \u015fey oldu\u011fundan daha da k\u00f6t\u00fc olacakt\u0131. Acaba?&#8230; <\/p>\n","protected":false},"excerpt":{"rendered":"<p>\u0130brahim karde\u015fi Kadir ile yapaca\u011f\u0131 yolculukta varmak istedi\u011fi noktaya huzur i\u00e7inde varabilecek miydi? Cengizhan, i\u00e7indeki sevgiyi yitirenlere rehber olmaya \u00e7al\u0131\u015f\u0131rken d\u00fcnyadaki tek a\u015fk\u0131n\u0131 kaybetmenin ac\u0131s\u0131n\u0131 nas\u0131l<span class=\"excerpt-hellip\"> [\u2026]<\/span><\/p>\n","protected":false},"featured_media":0,"template":"","meta":{"_monsterinsights_skip_tracking":false,"_monsterinsights_sitenote_active":false,"_monsterinsights_sitenote_note":"","_monsterinsights_sitenote_category":0},"product_brand":[],"product_cat":[12291,12711],"product_tag":[],"class_list":{"0":"post-707796","1":"product","2":"type-product","3":"status-publish","5":"product_cat-edebiyat","6":"product_cat-roman-oyku","7":"pa_cilt-ciltsiz","8":"pa_tur-kitap","9":"pa_yayinevi-profil-kitap","10":"pa_yazar-gursoy-uysal","12":"first","13":"instock","14":"sale","15":"shipping-taxable","16":"purchasable","17":"product-type-simple"},"_links":{"self":[{"href":"https:\/\/roveyayinevi.com.tr\/index.php\/wp-json\/wp\/v2\/product\/707796","targetHints":{"allow":["GET"]}}],"collection":[{"href":"https:\/\/roveyayinevi.com.tr\/index.php\/wp-json\/wp\/v2\/product"}],"about":[{"href":"https:\/\/roveyayinevi.com.tr\/index.php\/wp-json\/wp\/v2\/types\/product"}],"wp:attachment":[{"href":"https:\/\/roveyayinevi.com.tr\/index.php\/wp-json\/wp\/v2\/media?parent=707796"}],"wp:term":[{"taxonomy":"product_brand","embeddable":true,"href":"https:\/\/roveyayinevi.com.tr\/index.php\/wp-json\/wp\/v2\/product_brand?post=707796"},{"taxonomy":"product_cat","embeddable":true,"href":"https:\/\/roveyayinevi.com.tr\/index.php\/wp-json\/wp\/v2\/product_cat?post=707796"},{"taxonomy":"product_tag","embeddable":true,"href":"https:\/\/roveyayinevi.com.tr\/index.php\/wp-json\/wp\/v2\/product_tag?post=707796"}],"curies":[{"name":"wp","href":"https:\/\/api.w.org\/{rel}","templated":true}]}}