{"id":707795,"date":"2025-08-27T16:09:10","date_gmt":"2025-08-27T13:09:10","guid":{"rendered":"https:\/\/roveyayinevi.com.tr\/index.php\/urun\/yalniz-degiliz\/"},"modified":"2026-04-16T02:16:25","modified_gmt":"2026-04-15T23:16:25","slug":"yalniz-degiliz","status":"publish","type":"product","link":"https:\/\/roveyayinevi.com.tr\/index.php\/urun\/yalniz-degiliz\/","title":{"rendered":"Yaln\u0131z De\u011filiz"},"content":{"rendered":"<p>A\u015fk, umut, hayal k\u0131r\u0131kl\u0131\u011f\u0131, inan\u00e7&#8230;Sevgi, g\u00fc\u00e7, \u00fcz\u00fcnt\u00fc, \u015fans&#8230;Hepsini ya\u015fad\u0131m hayat\u0131mda, anne olma s\u00fcrecimde.Bu kitap yaln\u0131zca bebek sahibi olmak isteyen kad\u0131nlar i\u00e7in yaz\u0131lmad\u0131.Hayalleri olan, isteklerinin pe\u015finden giden, kalbi \u00e7ocuk i\u00e7in atan herkes i\u00e7in yaz\u0131ld\u0131.Sihirli form\u00fclleri, tutulmayacak s\u00f6zleri bir kenara b\u0131rak, ben \u00f6yle yapt\u0131m.Kitab\u0131 okurken belki akl\u0131n\u0131 kurcalayan sorular\u0131n yan\u0131t\u0131n\u0131 bulacaks\u0131n, belki kitab\u0131n rehberli\u011findekendi yan\u0131t\u0131n\u0131 vereceksin. Her durumda \u015fundan emin ol, bu s\u00fcre\u00e7te yol arkada\u015f\u0131n olacak \u201cYaln\u0131zDe\u011filiz\u201d.G\u00f6receksin, bu kitaptan sonra her \u015fey \u00e7ok daha kolay olacak. Haz\u0131rsan, ba\u015fl\u0131yoruz!&#8221;Ben ve k\u0131z\u0131m i\u00e7in yeri hep ayr\u0131 olacak bir kad\u0131n Ebru Destan. Y\u0131llard\u0131r s\u00fcrd\u00fcrd\u00fc\u011f\u00fcm\u00fcz arkada\u015fl\u0131\u011f\u0131m\u0131z,dostlu\u011fumuz hep derinle\u015ferek bug\u00fcnlere geldi. K\u0131z\u0131m ac\u0131yla k\u0131vran\u0131rken onun ilac\u0131 oldu. Hira 3 ayl\u0131kkenhemanjiomu oldu\u011funu \u00f6\u011frendik ve o anda o kadar \u00e7aresizken doktoru, hastaneyi, her \u015feyi ayarlad\u0131.Ebru&#8217;yu Hira da, ben de asla unutmayaca\u011f\u0131z! Ben de hamilelik s\u00fcrecinde \u00e7ok karanl\u0131k yollardan ge\u00e7tim,kolay de\u011fildi ya\u015fad\u0131klar\u0131m ancak inanmaktan hi\u00e7 vazge\u00e7medim. Ebru Destan da kitab\u0131nda bunu anlat\u0131yor,inanman\u0131n g\u00fcc\u00fcn\u00fc!&#8221; <\/p>\n","protected":false},"excerpt":{"rendered":"<p>A\u015fk, umut, hayal k\u0131r\u0131kl\u0131\u011f\u0131, inan\u00e7&#8230;Sevgi, g\u00fc\u00e7, \u00fcz\u00fcnt\u00fc, \u015fans&#8230;Hepsini ya\u015fad\u0131m hayat\u0131mda, anne olma s\u00fcrecimde.Bu kitap yaln\u0131zca bebek sahibi olmak isteyen kad\u0131nlar i\u00e7in yaz\u0131lmad\u0131.Hayalleri olan, isteklerinin pe\u015finden giden,<span class=\"excerpt-hellip\"> [\u2026]<\/span><\/p>\n","protected":false},"featured_media":0,"template":"","meta":{"_monsterinsights_skip_tracking":false,"_monsterinsights_sitenote_active":false,"_monsterinsights_sitenote_note":"","_monsterinsights_sitenote_category":0},"product_brand":[],"product_cat":[16965,13365],"product_tag":[],"class_list":{"0":"post-707795","1":"product","2":"type-product","3":"status-publish","5":"product_cat-genel-saglik-kitaplari","6":"product_cat-saglik","7":"pa_cilt-ciltsiz","8":"pa_tur-kitap","9":"pa_yayinevi-profil-kitap","10":"pa_yazar-ebru-destan","12":"first","13":"instock","14":"sale","15":"shipping-taxable","16":"purchasable","17":"product-type-simple"},"_links":{"self":[{"href":"https:\/\/roveyayinevi.com.tr\/index.php\/wp-json\/wp\/v2\/product\/707795","targetHints":{"allow":["GET"]}}],"collection":[{"href":"https:\/\/roveyayinevi.com.tr\/index.php\/wp-json\/wp\/v2\/product"}],"about":[{"href":"https:\/\/roveyayinevi.com.tr\/index.php\/wp-json\/wp\/v2\/types\/product"}],"wp:attachment":[{"href":"https:\/\/roveyayinevi.com.tr\/index.php\/wp-json\/wp\/v2\/media?parent=707795"}],"wp:term":[{"taxonomy":"product_brand","embeddable":true,"href":"https:\/\/roveyayinevi.com.tr\/index.php\/wp-json\/wp\/v2\/product_brand?post=707795"},{"taxonomy":"product_cat","embeddable":true,"href":"https:\/\/roveyayinevi.com.tr\/index.php\/wp-json\/wp\/v2\/product_cat?post=707795"},{"taxonomy":"product_tag","embeddable":true,"href":"https:\/\/roveyayinevi.com.tr\/index.php\/wp-json\/wp\/v2\/product_tag?post=707795"}],"curies":[{"name":"wp","href":"https:\/\/api.w.org\/{rel}","templated":true}]}}