{"id":707792,"date":"2025-08-27T16:09:08","date_gmt":"2025-08-27T13:09:08","guid":{"rendered":"https:\/\/roveyayinevi.com.tr\/index.php\/urun\/kitle-psikolojisi-ve-ego-analizi\/"},"modified":"2026-04-16T02:16:25","modified_gmt":"2026-04-15T23:16:25","slug":"kitle-psikolojisi-ve-ego-analizi","status":"publish","type":"product","link":"https:\/\/roveyayinevi.com.tr\/index.php\/urun\/kitle-psikolojisi-ve-ego-analizi\/","title":{"rendered":"Kitle Psikolojisi ve Ego Analizi"},"content":{"rendered":"<p>\u00b7         Sigmund Freud&#8230; \u00b7         Bireysel psikoloji ile kitle psikolojisi ve aralar\u0131ndaki \u00e7eli\u015fki, yapay kitle (kilise ve ordu), s\u00fcr\u00fc i\u00e7g\u00fcd\u00fcs\u00fc, ego, telkin ve kolektif ruhsal ya\u015fam\u0131n b\u00fcy\u00fck bir cesaretle derinlemesine ele al\u0131nd\u0131\u011f\u0131 bu kitapta Sigmund Freud, bireyi ve bireylerden olu\u015fan toplumu ahlaki de\u011ferleriyle birlikte \u00e7\u00f6z\u00fcmleyerek dev aynada sergiler&#8230; \u00b7         Kitaplar\u0131n\u0131n naziler taraf\u0131ndan yak\u0131lmas\u0131 \u00fczerine Londra\u2019ya gitmek i\u00e7in Viyana\u2019y\u0131 terk eden Moravya (bug\u00fcnk\u00fc \u00c7ek Cumhuriyeti) do\u011fumlu n\u00f6rolog Freud, ki\u015fili\u011fin be\u015f farkl\u0131 d\u00f6nemden ge\u00e7erek geli\u015fti\u011fini \u00f6ne s\u00fcren Psikanalitik Kuram\u2019\u0131n kurucusudur. \u00b7         Psikanaliz \u00dczerine Be\u015f Ders, Narsisizmin \u0130ncelenmesine Giri\u015f, Oedipus Kompleksi, Totem ve Tabu, K\u00fclt\u00fcrdeki Huzursuzluk, Ya\u015fam\u0131m ve Psikanaliz, Bir Yan\u0131lsaman\u0131n Gelece\u011fi ve D\u00fc\u015flerin Yorumu Freud\u2019un \u00e7ok say\u0131daki \u00f6nemli eserlerinden sadece birka\u00e7 tanesi. <\/p>\n","protected":false},"excerpt":{"rendered":"<p>\u00b7 Sigmund Freud&#8230; \u00b7 Bireysel psikoloji ile kitle psikolojisi ve aralar\u0131ndaki \u00e7eli\u015fki, yapay kitle (kilise ve ordu), s\u00fcr\u00fc i\u00e7g\u00fcd\u00fcs\u00fc, ego, telkin ve kolektif ruhsal ya\u015fam\u0131n b\u00fcy\u00fck<span class=\"excerpt-hellip\"> [\u2026]<\/span><\/p>\n","protected":false},"featured_media":0,"template":"","meta":{"_monsterinsights_skip_tracking":false,"_monsterinsights_sitenote_active":false,"_monsterinsights_sitenote_note":"","_monsterinsights_sitenote_category":0},"product_brand":[],"product_cat":[12358,12357],"product_tag":[],"class_list":{"0":"post-707792","1":"product","2":"type-product","3":"status-publish","5":"product_cat-genel-psikoloji","6":"product_cat-psikoloji","7":"pa_cilt-ciltsiz","8":"pa_tur-kitap","9":"pa_yayinevi-oda-yayinlari","10":"pa_yazar-sigmund-freud","12":"first","13":"instock","14":"sale","15":"shipping-taxable","16":"purchasable","17":"product-type-simple"},"_links":{"self":[{"href":"https:\/\/roveyayinevi.com.tr\/index.php\/wp-json\/wp\/v2\/product\/707792","targetHints":{"allow":["GET"]}}],"collection":[{"href":"https:\/\/roveyayinevi.com.tr\/index.php\/wp-json\/wp\/v2\/product"}],"about":[{"href":"https:\/\/roveyayinevi.com.tr\/index.php\/wp-json\/wp\/v2\/types\/product"}],"wp:attachment":[{"href":"https:\/\/roveyayinevi.com.tr\/index.php\/wp-json\/wp\/v2\/media?parent=707792"}],"wp:term":[{"taxonomy":"product_brand","embeddable":true,"href":"https:\/\/roveyayinevi.com.tr\/index.php\/wp-json\/wp\/v2\/product_brand?post=707792"},{"taxonomy":"product_cat","embeddable":true,"href":"https:\/\/roveyayinevi.com.tr\/index.php\/wp-json\/wp\/v2\/product_cat?post=707792"},{"taxonomy":"product_tag","embeddable":true,"href":"https:\/\/roveyayinevi.com.tr\/index.php\/wp-json\/wp\/v2\/product_tag?post=707792"}],"curies":[{"name":"wp","href":"https:\/\/api.w.org\/{rel}","templated":true}]}}