{"id":707790,"date":"2025-08-27T16:09:07","date_gmt":"2025-08-27T13:09:07","guid":{"rendered":"https:\/\/roveyayinevi.com.tr\/index.php\/urun\/sekuler-otorite-sivil-yonetimi\/"},"modified":"2026-04-16T02:16:24","modified_gmt":"2026-04-15T23:16:24","slug":"sekuler-otorite-sivil-yonetimi","status":"publish","type":"product","link":"https:\/\/roveyayinevi.com.tr\/index.php\/urun\/sekuler-otorite-sivil-yonetimi\/","title":{"rendered":"Sek\u00fcler Otorite Sivil Y\u00f6netimi"},"content":{"rendered":"<p>16. y\u00fczy\u0131lda sek\u00fclerlik ile ruhanilik \u00f6ylesine i\u00e7 i\u00e7e ge\u00e7mi\u015fti ki, H\u0131ristiyan Avrupa\u2019n\u0131n kamu d\u00fczeni d\u00f6n\u00fc\u015fmeden hi\u00e7bir dini reformasyonun meydana gelmesi ya da b\u00f6yle bir d\u00f6n\u00fc\u015f\u00fcm\u00fcn sek\u00fcler h\u00fck\u00fcmdarlar\u0131n deste\u011fi olmadan kurumsalla\u015fmas\u0131 m\u00fcmk\u00fcn de\u011fildi.S\u00f6z\u00fcn \u00f6z\u00fc, H\u0131ristiyanlar\u0131n kar\u015f\u0131 kar\u015f\u0131ya bulundu\u011fu \u015fey Roma Kilisesi\u2019nin \u201ctiranl\u0131\u011f\u0131\u201d idi. Bu tiranl\u0131\u011f\u0131 ala\u015fa\u011f\u0131 etmek i\u00e7in her H\u0131ristiyan elinden geleni yapmal\u0131yd\u0131; ancak sek\u00fcler h\u00fck\u00fcmdarlar bu anlamda \u00f6tekilerden daha avantajl\u0131 konumdayd\u0131.16. y\u00fczy\u0131lda Bat\u0131 Avrupa\u2019n\u0131n k\u00fclt\u00fcrel ve siyasal anlamda k\u00f6kten d\u00f6n\u00fc\u015f\u00fcm\u00fcne neden olan Reformasyonun iki \u00f6nc\u00fc ismi Martin Luther ve Jean Calvin\u2019in Sek\u00fcler Otorite ve Sivil H\u00fck\u00fcmet \u00fczerine devrimci d\u00fc\u015f\u00fcncelerinin eksiksiz \u00e7evirilerini i\u00e7eren bu eser, d\u00fc\u015f\u00fcn\u00fcrlerin bir yandan Kilise d\u00fczenine bir di\u011fer yandan devlete olan ba\u011fl\u0131l\u0131klar\u0131 ile her \u015feyin \u00fcst\u00fcndeki Tanr\u0131 S\u00f6z\u00fc aras\u0131nda denge kurma denemelerinin bir temsili olarak kar\u015f\u0131m\u0131za \u00e7\u0131k\u0131yor. Herkes taraf\u0131ndan kolayl\u0131kla anla\u015f\u0131labilmesi i\u00e7in \u00f6zenli ve yal\u0131n bir dil ile kaleme al\u0131nm\u0131\u015f olan bu kitap, Luther ve Calvin\u2019in \u00e7al\u0131\u015fmalar\u0131, d\u00fc\u015f\u00fcnceleri ve eylemlerinin kapsaml\u0131 bir sunumunun yan\u0131 s\u0131ra metnin ve d\u00f6nemin d\u00fc\u015f\u00fcnce anlay\u0131\u015f\u0131n\u0131n kavranmas\u0131nda okuyucuya yard\u0131mc\u0131 olacak, hem Luther hem de Calvin i\u00e7in \u00f6zel olarak haz\u0131rlanm\u0131\u015f iki ayr\u0131 s\u00f6zl\u00fck i\u00e7eriyor.<\/p>\n","protected":false},"excerpt":{"rendered":"<p>16. y\u00fczy\u0131lda sek\u00fclerlik ile ruhanilik \u00f6ylesine i\u00e7 i\u00e7e ge\u00e7mi\u015fti ki, H\u0131ristiyan Avrupa\u2019n\u0131n kamu d\u00fczeni d\u00f6n\u00fc\u015fmeden hi\u00e7bir dini reformasyonun meydana gelmesi ya da b\u00f6yle bir d\u00f6n\u00fc\u015f\u00fcm\u00fcn sek\u00fcler<span class=\"excerpt-hellip\"> [\u2026]<\/span><\/p>\n","protected":false},"featured_media":0,"template":"","meta":{"_monsterinsights_skip_tracking":false,"_monsterinsights_sitenote_active":false,"_monsterinsights_sitenote_note":"","_monsterinsights_sitenote_category":0},"product_brand":[],"product_cat":[12338,12337],"product_tag":[],"class_list":{"0":"post-707790","1":"product","2":"type-product","3":"status-publish","5":"product_cat-dunya-siyaseti-ve-politikasi","6":"product_cat-politika-siyaset","7":"pa_cilt-ciltsiz","8":"pa_tur-kitap","9":"pa_yayinevi-pinhan-yayincilik","10":"pa_yazar-martin-luther","12":"first","13":"instock","14":"sale","15":"shipping-taxable","16":"purchasable","17":"product-type-simple"},"_links":{"self":[{"href":"https:\/\/roveyayinevi.com.tr\/index.php\/wp-json\/wp\/v2\/product\/707790","targetHints":{"allow":["GET"]}}],"collection":[{"href":"https:\/\/roveyayinevi.com.tr\/index.php\/wp-json\/wp\/v2\/product"}],"about":[{"href":"https:\/\/roveyayinevi.com.tr\/index.php\/wp-json\/wp\/v2\/types\/product"}],"wp:attachment":[{"href":"https:\/\/roveyayinevi.com.tr\/index.php\/wp-json\/wp\/v2\/media?parent=707790"}],"wp:term":[{"taxonomy":"product_brand","embeddable":true,"href":"https:\/\/roveyayinevi.com.tr\/index.php\/wp-json\/wp\/v2\/product_brand?post=707790"},{"taxonomy":"product_cat","embeddable":true,"href":"https:\/\/roveyayinevi.com.tr\/index.php\/wp-json\/wp\/v2\/product_cat?post=707790"},{"taxonomy":"product_tag","embeddable":true,"href":"https:\/\/roveyayinevi.com.tr\/index.php\/wp-json\/wp\/v2\/product_tag?post=707790"}],"curies":[{"name":"wp","href":"https:\/\/api.w.org\/{rel}","templated":true}]}}