{"id":707788,"date":"2025-08-27T16:09:06","date_gmt":"2025-08-27T13:09:06","guid":{"rendered":"https:\/\/roveyayinevi.com.tr\/index.php\/urun\/otobiyografi\/"},"modified":"2026-04-16T02:16:24","modified_gmt":"2026-04-15T23:16:24","slug":"otobiyografi","status":"publish","type":"product","link":"https:\/\/roveyayinevi.com.tr\/index.php\/urun\/otobiyografi\/","title":{"rendered":"Otobiyografi"},"content":{"rendered":"<p>Freud bu eserinde kendi ya\u015fam \u00f6yk\u00fcs\u00fcnden ziyade entelekt\u00fcel geli\u015fimine odaklansa da asl\u0131nda bu ikisi kesinlikle birbirinden ayr\u0131labilir de\u011fildir. Otobiyografi\u2019de kurucusu oldu\u011fu psikanalizin bir bilim olarak yerle\u015fmesi ad\u0131na ya\u015fam\u0131 boyunca nas\u0131l m\u00fccadele etti\u011finin hikayesini anlat\u0131r. Bu u\u011furda yapt\u0131\u011f\u0131 \u00e7al\u0131\u015fmalar sebebiyle i\u015f \u00e7evresinden ve entelekt\u00fcel ortamdan maddi ve manevi tecrit edilir, bazen en yak\u0131n \u00e7al\u0131\u015fma arkada\u015flar\u0131 bile onu y\u00fcz \u00fcst\u00fc b\u0131rak\u0131r, ancak Freud azmi ve kendine g\u00fcveni sayesinde 20. y\u00fczy\u0131l\u0131n en etkili teorilerinden birini yarat\u0131r.Bug\u00fcn sadece psikoloji alan\u0131nda de\u011fil, edebiyattan \u00e7a\u011fda\u015f sanata, felsefeden t\u0131pa kadar bir\u00e7ok alanda etkili olan, ayn\u0131 zamanda paradigmalar\u0131 ve anlay\u0131\u015flar\u0131 da yerinden oynatan psikanalizin temel kavramlar\u0131n\u0131n nas\u0131l ke\u015ffedildikleri ve ba\u015flang\u0131\u00e7lar\u0131nda nas\u0131l bir seyir izledikleri yine bu eserde bulunabilir.<\/p>\n","protected":false},"excerpt":{"rendered":"<p>Freud bu eserinde kendi ya\u015fam \u00f6yk\u00fcs\u00fcnden ziyade entelekt\u00fcel geli\u015fimine odaklansa da asl\u0131nda bu ikisi kesinlikle birbirinden ayr\u0131labilir de\u011fildir. Otobiyografi\u2019de kurucusu oldu\u011fu psikanalizin bir bilim olarak yerle\u015fmesi<span class=\"excerpt-hellip\"> [\u2026]<\/span><\/p>\n","protected":false},"featured_media":0,"template":"","meta":{"_monsterinsights_skip_tracking":false,"_monsterinsights_sitenote_active":false,"_monsterinsights_sitenote_note":"","_monsterinsights_sitenote_category":0},"product_brand":[],"product_cat":[14009,12291],"product_tag":[],"class_list":{"0":"post-707788","1":"product","2":"type-product","3":"status-publish","5":"product_cat-biyografi-otobiyografi-edebiyat","6":"product_cat-edebiyat","7":"pa_cilt-ciltsiz","8":"pa_tur-kitap","9":"pa_yayinevi-pinhan-yayincilik","10":"pa_yazar-sigmund-freud","12":"first","13":"instock","14":"sale","15":"shipping-taxable","16":"purchasable","17":"product-type-simple"},"_links":{"self":[{"href":"https:\/\/roveyayinevi.com.tr\/index.php\/wp-json\/wp\/v2\/product\/707788","targetHints":{"allow":["GET"]}}],"collection":[{"href":"https:\/\/roveyayinevi.com.tr\/index.php\/wp-json\/wp\/v2\/product"}],"about":[{"href":"https:\/\/roveyayinevi.com.tr\/index.php\/wp-json\/wp\/v2\/types\/product"}],"wp:attachment":[{"href":"https:\/\/roveyayinevi.com.tr\/index.php\/wp-json\/wp\/v2\/media?parent=707788"}],"wp:term":[{"taxonomy":"product_brand","embeddable":true,"href":"https:\/\/roveyayinevi.com.tr\/index.php\/wp-json\/wp\/v2\/product_brand?post=707788"},{"taxonomy":"product_cat","embeddable":true,"href":"https:\/\/roveyayinevi.com.tr\/index.php\/wp-json\/wp\/v2\/product_cat?post=707788"},{"taxonomy":"product_tag","embeddable":true,"href":"https:\/\/roveyayinevi.com.tr\/index.php\/wp-json\/wp\/v2\/product_tag?post=707788"}],"curies":[{"name":"wp","href":"https:\/\/api.w.org\/{rel}","templated":true}]}}