{"id":707787,"date":"2025-08-27T16:09:06","date_gmt":"2025-08-27T13:09:06","guid":{"rendered":"https:\/\/roveyayinevi.com.tr\/index.php\/urun\/kasim-yagmuru\/"},"modified":"2026-04-16T02:16:24","modified_gmt":"2026-04-15T23:16:24","slug":"kasim-yagmuru","status":"publish","type":"product","link":"https:\/\/roveyayinevi.com.tr\/index.php\/urun\/kasim-yagmuru\/","title":{"rendered":"Kas\u0131m Ya\u011fmuru"},"content":{"rendered":"<p>Kas\u0131m Ya\u011fmuru&#8217;nun kahraman\u0131, ayn\u0131 g\u00fcn i\u00e7erisinde -iki defa- terk edildikten ve kazara bir kaz\u0131 ezdikten sonra, hayat\u0131n\u0131n karma\u015fas\u0131ndan uzakta, tropik bir tatile \u00e7\u0131kma arzusuyla yan\u0131p tutu\u015fur. Plan\u0131, yak\u0131n arkada\u015f\u0131n\u0131n d\u00f6rt ya\u015f\u0131ndaki i\u015fitme engelli o\u011flunun bak\u0131m\u0131n\u0131 \u00fcstlenmesi gerekti\u011finden suya d\u00fc\u015fer. Fakat \u00e7ocuk, \u015fansl\u0131 piyango biletini \u00e7ekti\u011finde, ikili \u0130zlanda&#8217;n\u0131n b\u00fcy\u00fcl\u00fc co\u011frafyas\u0131nda bir araba yolculu\u011funa \u00e7\u0131kar. Siyah kumsallardan, lav tarlalar\u0131ndan, \u0131ss\u0131z yollardan ge\u00e7erler. Yollar\u0131, bir otostop\u00e7uyla, bir koyun s\u00fcr\u00fcs\u00fcyle, Estonya&#8217;dan gelen bir koroyla ve bir \u015fahinciyle kesi\u015fir. Onu terk eden her iki adam da yeni bir \u015fans i\u00e7in gen\u00e7 kad\u0131n\u0131n pe\u015fine d\u00fc\u015fer. Kendili\u011finden geli\u015fen bir macera olarak ba\u015flayan bu yolculuk, gen\u00e7 kad\u0131n\u0131n ge\u00e7mi\u015fe bak\u0131\u015f\u0131n\u0131 derinden de\u011fi\u015ftirir ve gelece\u011finin yol haritas\u0131n\u0131 belirler.Kas\u0131m Ya\u011fmuru, arkada\u015flar, a\u015fk, annelik ve kendini ke\u015ffetmekle ilgili b\u00fcy\u00fcleyici bir kara mizah \u00f6rne\u011fi.&#8221;Bu pikaresk roman, \u0130zlanda&#8217;n\u0131n kasvetli ve karamsar g\u00fczelli\u011fini akla getiriyor.&#8221; -The New Yorker&#8221;Avrupa&#8217;da ge\u00e7en yol hik\u00e2yelerine a\u00e7\u0131klanamaz bir bi\u00e7imde hayranl\u0131k duyan herkes, \u0130zlanda&#8217;n\u0131n &#8216;dairesel yol&#8217;unda ge\u00e7en bu hayali yolculu\u011fa kar\u015f\u0131 savunmas\u0131z kalacakt\u0131r.&#8221; -New York Magazine\/Vulture\u201cDeli dolu, \u015fa\u015f\u0131rt\u0131c\u0131 ve beklenmedik olaylarla dolu, nefesimi tutarak okudum.\u201d -Ann Hood&#8221;\u0130nce bir zek\u00e2y\u0131 yans\u0131tan nesri ve alayc\u0131 espri anlay\u0131\u015f\u0131yla Olafsdottir, beklentileri alt\u00fcst ediyor.&#8221; -Carmela Ciuraru, New York Times<\/p>\n","protected":false},"excerpt":{"rendered":"<p>Kas\u0131m Ya\u011fmuru&#8217;nun kahraman\u0131, ayn\u0131 g\u00fcn i\u00e7erisinde -iki defa- terk edildikten ve kazara bir kaz\u0131 ezdikten sonra, hayat\u0131n\u0131n karma\u015fas\u0131ndan uzakta, tropik bir tatile \u00e7\u0131kma arzusuyla yan\u0131p tutu\u015fur.<span class=\"excerpt-hellip\"> [\u2026]<\/span><\/p>\n","protected":false},"featured_media":0,"template":"","meta":{"_monsterinsights_skip_tracking":false,"_monsterinsights_sitenote_active":false,"_monsterinsights_sitenote_note":"","_monsterinsights_sitenote_category":0},"product_brand":[],"product_cat":[12291,12711],"product_tag":[],"class_list":{"0":"post-707787","1":"product","2":"type-product","3":"status-publish","5":"product_cat-edebiyat","6":"product_cat-roman-oyku","7":"pa_cilt-ciltsiz","8":"pa_tur-kitap","9":"pa_yayinevi-pinhan-yayincilik","10":"pa_yazar-audur-ava-olafsdottir","12":"first","13":"instock","14":"sale","15":"shipping-taxable","16":"purchasable","17":"product-type-simple"},"_links":{"self":[{"href":"https:\/\/roveyayinevi.com.tr\/index.php\/wp-json\/wp\/v2\/product\/707787","targetHints":{"allow":["GET"]}}],"collection":[{"href":"https:\/\/roveyayinevi.com.tr\/index.php\/wp-json\/wp\/v2\/product"}],"about":[{"href":"https:\/\/roveyayinevi.com.tr\/index.php\/wp-json\/wp\/v2\/types\/product"}],"wp:attachment":[{"href":"https:\/\/roveyayinevi.com.tr\/index.php\/wp-json\/wp\/v2\/media?parent=707787"}],"wp:term":[{"taxonomy":"product_brand","embeddable":true,"href":"https:\/\/roveyayinevi.com.tr\/index.php\/wp-json\/wp\/v2\/product_brand?post=707787"},{"taxonomy":"product_cat","embeddable":true,"href":"https:\/\/roveyayinevi.com.tr\/index.php\/wp-json\/wp\/v2\/product_cat?post=707787"},{"taxonomy":"product_tag","embeddable":true,"href":"https:\/\/roveyayinevi.com.tr\/index.php\/wp-json\/wp\/v2\/product_tag?post=707787"}],"curies":[{"name":"wp","href":"https:\/\/api.w.org\/{rel}","templated":true}]}}