{"id":707785,"date":"2025-08-27T16:09:05","date_gmt":"2025-08-27T13:09:05","guid":{"rendered":"https:\/\/roveyayinevi.com.tr\/index.php\/urun\/gormeden-olmek\/"},"modified":"2026-04-16T02:16:24","modified_gmt":"2026-04-15T23:16:24","slug":"gormeden-olmek","status":"publish","type":"product","link":"https:\/\/roveyayinevi.com.tr\/index.php\/urun\/gormeden-olmek\/","title":{"rendered":"G\u00f6rmeden \u00d6lmek"},"content":{"rendered":"<p>\u0130nsan\u0131 yerinden eden g\u00f6zlerinSular\u0131n serin, topra\u011f\u0131n hakl\u0131Kusursuz ku\u015flar, \u00e7ay\u0131rlar ve tayAnlatma, anlamazlar \u2013 hep \u00f6yledirler\u00d6lmekten d\u00f6nerler her ak\u015fam eveEkme\u011fi bilirler, bilmezler bu\u011fdayYukar\u0131dan bakarlar, d\u00fcnyadan sanaSak\u0131n s\u0131rr\u0131n\u0131 deme onlaraD\u00fczl\u00fckte garipsin, da\u011flarda p\u0131rnalBulmu\u015fsun fakat yeniden ara .\u0130brahim Tenekeci <\/p>\n","protected":false},"excerpt":{"rendered":"<p>\u0130nsan\u0131 yerinden eden g\u00f6zlerinSular\u0131n serin, topra\u011f\u0131n hakl\u0131Kusursuz ku\u015flar, \u00e7ay\u0131rlar ve tayAnlatma, anlamazlar \u2013 hep \u00f6yledirler\u00d6lmekten d\u00f6nerler her ak\u015fam eveEkme\u011fi bilirler, bilmezler bu\u011fdayYukar\u0131dan bakarlar, d\u00fcnyadan sanaSak\u0131n s\u0131rr\u0131n\u0131<span class=\"excerpt-hellip\"> [\u2026]<\/span><\/p>\n","protected":false},"featured_media":0,"template":"","meta":{"_monsterinsights_skip_tracking":false,"_monsterinsights_sitenote_active":false,"_monsterinsights_sitenote_note":"","_monsterinsights_sitenote_category":0},"product_brand":[],"product_cat":[12291,12509],"product_tag":[],"class_list":{"0":"post-707785","1":"product","2":"type-product","3":"status-publish","5":"product_cat-edebiyat","6":"product_cat-siir","7":"pa_cilt-ciltsiz","8":"pa_tur-kitap","9":"pa_yayinevi-profil-kitap","10":"pa_yazar-ibrahim-tenekeci","12":"first","13":"instock","14":"sale","15":"shipping-taxable","16":"purchasable","17":"product-type-simple"},"_links":{"self":[{"href":"https:\/\/roveyayinevi.com.tr\/index.php\/wp-json\/wp\/v2\/product\/707785","targetHints":{"allow":["GET"]}}],"collection":[{"href":"https:\/\/roveyayinevi.com.tr\/index.php\/wp-json\/wp\/v2\/product"}],"about":[{"href":"https:\/\/roveyayinevi.com.tr\/index.php\/wp-json\/wp\/v2\/types\/product"}],"wp:attachment":[{"href":"https:\/\/roveyayinevi.com.tr\/index.php\/wp-json\/wp\/v2\/media?parent=707785"}],"wp:term":[{"taxonomy":"product_brand","embeddable":true,"href":"https:\/\/roveyayinevi.com.tr\/index.php\/wp-json\/wp\/v2\/product_brand?post=707785"},{"taxonomy":"product_cat","embeddable":true,"href":"https:\/\/roveyayinevi.com.tr\/index.php\/wp-json\/wp\/v2\/product_cat?post=707785"},{"taxonomy":"product_tag","embeddable":true,"href":"https:\/\/roveyayinevi.com.tr\/index.php\/wp-json\/wp\/v2\/product_tag?post=707785"}],"curies":[{"name":"wp","href":"https:\/\/api.w.org\/{rel}","templated":true}]}}