{"id":707779,"date":"2025-08-27T16:09:02","date_gmt":"2025-08-27T13:09:02","guid":{"rendered":"https:\/\/roveyayinevi.com.tr\/index.php\/urun\/tuhfetul-ussakiyye\/"},"modified":"2026-04-16T02:16:24","modified_gmt":"2026-04-15T23:16:24","slug":"tuhfetul-ussakiyye","status":"publish","type":"product","link":"https:\/\/roveyayinevi.com.tr\/index.php\/urun\/tuhfetul-ussakiyye\/","title":{"rendered":"Tuhfet\u00fc&#8217;l U\u015f\u015fakiyye"},"content":{"rendered":"<p>B\u00fct\u00fcn manevi geleneklerde oldu\u011fu gibi tasavvuf mesle\u011finde de, m\u00fcridin manevi hayat\u0131n\u0131 disiplin alt\u0131na alma ve bu sayede terakki etmesini sa\u011flama hedefiyle yapmas\u0131 istenen birtak\u0131m pratikler vard\u0131r. Usul\u00fc olmayan\u0131n vus\u00fbl\u00fc olmaz, \u00f6zdeyi\u015fiyle ortaya konulan bu anlay\u0131\u015f\u0131n \u0131\u015f\u0131\u011f\u0131nda, bazen umum dervi\u015fler, bazen de hususi bir tar\u00eekin kendi takip\u00e7ileri i\u00e7in, uyulmas\u0131 gereken \u00e2d\u00e2b, erk\u00e2n ve ibadetleri anlatan eserler kaleme al\u0131nm\u0131\u015ft\u0131r.U\u015f\u015fakiyye tarikat\u0131n\u0131n 3. Pir\u2019i say\u0131lan \u015eeyh Abdullah Salahaddin-i U\u015f\u015faki taraf\u0131ndan bu gaye ile yaz\u0131lan Risale-i Usul \u00fc Evrad-\u0131 U\u015f\u015fakiyye ile son devir U\u015f\u015faki me\u015fay\u0131h\u0131ndan Manisal\u0131 \u015eeyh Abdurrahman Sami Efendi\u2019nin ayn\u0131 eseri geni\u015fleterek terc\u00fcme etti\u011fi Tuhfet\u00fc\u2019l-U\u015f\u015fakiyye adl\u0131 risalelerini i\u00e7eren bu eser, adap ve erkan\u0131n yan\u0131 s\u0131ra tac, h\u0131rka, kemer, zikir, devran gibi kelimelerin, la-mekan ve la-ni\u015fan ilini menzil tutan ger\u00e7ek g\u00f6n\u00fcl sultanlar\u0131 nazar\u0131ndaki remzi manalar\u0131n\u0131 anlatarak g\u00fcn\u00fcm\u00fcz insan\u0131n\u0131n mana ufkuna sadra \u015fifa bilgiler sunuyor.Prof. Dr. Mahmud Erol K\u0131l\u0131\u00e7 taraf\u0131ndan Latin harfli T\u00fcrk\u00e7ede ne\u015fre haz\u0131rlanan Tuhfet\u00fc\u2019l-U\u015f\u015fakiyye, yazar\u0131n Anadolu Tasavvuf Tarihine Notlar II (Halvet\u00ee-U\u015f\u015fakiler) kitab\u0131n\u0131 tamamlay\u0131c\u0131 bilgiler i\u00e7ermektedir.<\/p>\n","protected":false},"excerpt":{"rendered":"<p>B\u00fct\u00fcn manevi geleneklerde oldu\u011fu gibi tasavvuf mesle\u011finde de, m\u00fcridin manevi hayat\u0131n\u0131 disiplin alt\u0131na alma ve bu sayede terakki etmesini sa\u011flama hedefiyle yapmas\u0131 istenen birtak\u0131m pratikler vard\u0131r.<span class=\"excerpt-hellip\"> [\u2026]<\/span><\/p>\n","protected":false},"featured_media":0,"template":"","meta":{"_monsterinsights_skip_tracking":false,"_monsterinsights_sitenote_active":false,"_monsterinsights_sitenote_note":"","_monsterinsights_sitenote_category":0},"product_brand":[],"product_cat":[12718,12719,12720],"product_tag":[],"class_list":{"0":"post-707779","1":"product","2":"type-product","3":"status-publish","5":"product_cat-din","6":"product_cat-islam","7":"product_cat-tasavvuf-mezhepler-tarikatlar","8":"pa_cilt-ciltsiz","9":"pa_tur-kitap","10":"pa_yayinevi-sufi-kitap","11":"pa_yazar-seyh-abdullah-salahaddin-i-ussaki","13":"first","14":"instock","15":"sale","16":"shipping-taxable","17":"purchasable","18":"product-type-simple"},"_links":{"self":[{"href":"https:\/\/roveyayinevi.com.tr\/index.php\/wp-json\/wp\/v2\/product\/707779","targetHints":{"allow":["GET"]}}],"collection":[{"href":"https:\/\/roveyayinevi.com.tr\/index.php\/wp-json\/wp\/v2\/product"}],"about":[{"href":"https:\/\/roveyayinevi.com.tr\/index.php\/wp-json\/wp\/v2\/types\/product"}],"wp:attachment":[{"href":"https:\/\/roveyayinevi.com.tr\/index.php\/wp-json\/wp\/v2\/media?parent=707779"}],"wp:term":[{"taxonomy":"product_brand","embeddable":true,"href":"https:\/\/roveyayinevi.com.tr\/index.php\/wp-json\/wp\/v2\/product_brand?post=707779"},{"taxonomy":"product_cat","embeddable":true,"href":"https:\/\/roveyayinevi.com.tr\/index.php\/wp-json\/wp\/v2\/product_cat?post=707779"},{"taxonomy":"product_tag","embeddable":true,"href":"https:\/\/roveyayinevi.com.tr\/index.php\/wp-json\/wp\/v2\/product_tag?post=707779"}],"curies":[{"name":"wp","href":"https:\/\/api.w.org\/{rel}","templated":true}]}}