{"id":707767,"date":"2025-08-27T16:08:56","date_gmt":"2025-08-27T13:08:56","guid":{"rendered":"https:\/\/roveyayinevi.com.tr\/index.php\/urun\/avrasyanin-sekiz-asri-cengizogullari\/"},"modified":"2026-04-16T02:16:24","modified_gmt":"2026-04-15T23:16:24","slug":"avrasyanin-sekiz-asri-cengizogullari","status":"publish","type":"product","link":"https:\/\/roveyayinevi.com.tr\/index.php\/urun\/avrasyanin-sekiz-asri-cengizogullari\/","title":{"rendered":"Avrasya&#8217;n\u0131n Sekiz Asr\u0131 \u00c7engizo\u011fullar\u0131"},"content":{"rendered":"<p>\u00c7engiz Han kendisinden \u00f6nce Hunlar, G\u00f6k-T\u00fcrkler ba\u015fta olmak \u00fczere muhtelif T\u00fcrk hanedanlar taraf\u0131ndan kullan\u0131lan y\u00f6ntemleri benimseyerek devletini kurmu\u015f ve sadece mensubu oldu\u011fu Mo\u011follar\u0131n de\u011fil T\u00fcrklerin tarihinde de \u00f6nemli bir rol oynam\u0131\u015ft\u0131r. \u00c7engiz Han ve kurdu\u011fu yap\u0131n\u0131n Asya tarihinde \u00e7ok uzun s\u00fcre etkisini s\u00fcrd\u00fcrd\u00fc\u011f\u00fcn\u00fc s\u00f6yleyebiliriz. Prof. Dr. Hayr\u00fcnnisa Alan ve Do\u00e7. Dr. \u0130lyas Kemalo\u011flu\u2019nun yay\u0131na haz\u0131rlad\u0131\u011f\u0131 bu \u00e7al\u0131\u015fma da, \u00c7engiz \u00d6ncesi T\u00fcrk Yurdu\u2019ndaki T\u00fcrk ve Mo\u011fol kabilelerinin tarihi ile ba\u015flamakta, \u00c7engiz Han\u2019\u0131n imparatorlu\u011fu ve ona ba\u011fl\u0131 uluslar\u0131n tarihini anlatmakta, daha sonra ise s\u00f6z konusu uluslar\u0131n topraklar\u0131nda kurulan hanl\u0131klar\u0131n tarihini kapsamaktad\u0131r. Konunun uzman\u0131 T\u00fcrk ve yabanc\u0131 akademisyenler taraf\u0131ndan kaleme al\u0131nan kitaptaki 17 makale \u00c7engizo\u011fullar\u0131n\u0131n tarihini ortaya koymaktad\u0131r. \u00c7al\u0131\u015fman\u0131n ba\u015fl\u0131\u011f\u0131 Avrasya\u2019n\u0131n Sekiz Asr\u0131 \u00c7engizo\u011fullar\u0131 olarak d\u00fc\u015f\u00fcn\u00fclm\u00fc\u015ft\u00fcr. Bu ba\u015fl\u0131k, tematik modern tasnif ve yakla\u015f\u0131mlara al\u0131\u015f\u0131k okuyucu i\u00e7in biraz demode ve hanedan merkezli bak\u0131\u015f a\u00e7\u0131s\u0131n\u0131n uzant\u0131s\u0131 olarak g\u00f6r\u00fclebilir. Ancak bu \u00e7al\u0131\u015fman\u0131n konusu olan yap\u0131lar\u0131, verilebilecek tematik ba\u015fl\u0131klar\u0131n hi\u00e7biri hakk\u0131yla ve tek ba\u015f\u0131na yans\u0131tmayacakt\u0131r. Yerle\u015fik ya\u015fam ile konar-g\u00f6\u00e7er ya\u015fam\u0131 bir arada tutan; T\u00fcrk, Mo\u011fol, \u00c7inli, Tacik vb. etnik unsurlar\u0131 bar\u0131nd\u0131ran; bunlara sistemi i\u00e7inde me\u015fru yer veren; Hristiyanl\u0131k, Budizm, \u0130slamiyet, G\u00f6k Tengri inanc\u0131, \u015eamanizm vs. gibi bamba\u015fka inan\u00e7 yap\u0131lar\u0131n\u0131 i\u00e7eren; orta, yeni ve yak\u0131n \u00e7a\u011flar boyunca varl\u0131\u011f\u0131n\u0131 s\u00fcrd\u00fcren bir yap\u0131y\u0131 tematik, etnik, co\u011fraf\u00ee veya din\u00ee bir terimle b\u00fct\u00fcn olarak tan\u0131mlamak m\u00fcmk\u00fcn de\u011fildi. B\u00fct\u00fcn bu farkl\u0131 y\u00f6nlerin hepsini -bir di\u011ferini yok saymadan- yans\u0131tan adland\u0131rma, onlar\u0131 bir arada tutan siyas\u00ee organizasyonlar\u0131n ad\u0131 ile olabilmektedir. Bu y\u00fczden din, etnisite, ya\u015fam tarz\u0131 gibi bir unsuru \u00f6ncelemeyen; benzer siyas\u00ee k\u00fclt\u00fcr ve te\u015fkilat \u00f6zellikleri ta\u015f\u0131yan; benzer olu\u015fum (kurulu\u015f) bi\u00e7imi sergileyen bu yap\u0131lar\u0131 klasik tarih yaz\u0131m\u0131nda oldu\u011fu gibi hanedan kurucusunun yani \u00c7engiz Han\u2019\u0131n ad\u0131yla isimlendirmenin en uygun yol olaca\u011f\u0131 d\u00fc\u015f\u00fcn\u00fcld\u00fc.<\/p>\n","protected":false},"excerpt":{"rendered":"<p>\u00c7engiz Han kendisinden \u00f6nce Hunlar, G\u00f6k-T\u00fcrkler ba\u015fta olmak \u00fczere muhtelif T\u00fcrk hanedanlar taraf\u0131ndan kullan\u0131lan y\u00f6ntemleri benimseyerek devletini kurmu\u015f ve sadece mensubu oldu\u011fu Mo\u011follar\u0131n de\u011fil T\u00fcrklerin tarihinde<span class=\"excerpt-hellip\"> [\u2026]<\/span><\/p>\n","protected":false},"featured_media":0,"template":"","meta":{"_monsterinsights_skip_tracking":false,"_monsterinsights_sitenote_active":false,"_monsterinsights_sitenote_note":"","_monsterinsights_sitenote_category":0},"product_brand":[],"product_cat":[12573,12566],"product_tag":[],"class_list":{"0":"post-707767","1":"product","2":"type-product","3":"status-publish","5":"product_cat-akademik-kitaplar","6":"product_cat-egitim","7":"pa_cilt-ciltsiz","8":"pa_tur-kitap","9":"pa_yayinevi-otuken-nesriyat","10":"pa_yazar-hayrunnisa-alan","12":"first","13":"instock","14":"sale","15":"shipping-taxable","16":"purchasable","17":"product-type-simple"},"_links":{"self":[{"href":"https:\/\/roveyayinevi.com.tr\/index.php\/wp-json\/wp\/v2\/product\/707767","targetHints":{"allow":["GET"]}}],"collection":[{"href":"https:\/\/roveyayinevi.com.tr\/index.php\/wp-json\/wp\/v2\/product"}],"about":[{"href":"https:\/\/roveyayinevi.com.tr\/index.php\/wp-json\/wp\/v2\/types\/product"}],"wp:attachment":[{"href":"https:\/\/roveyayinevi.com.tr\/index.php\/wp-json\/wp\/v2\/media?parent=707767"}],"wp:term":[{"taxonomy":"product_brand","embeddable":true,"href":"https:\/\/roveyayinevi.com.tr\/index.php\/wp-json\/wp\/v2\/product_brand?post=707767"},{"taxonomy":"product_cat","embeddable":true,"href":"https:\/\/roveyayinevi.com.tr\/index.php\/wp-json\/wp\/v2\/product_cat?post=707767"},{"taxonomy":"product_tag","embeddable":true,"href":"https:\/\/roveyayinevi.com.tr\/index.php\/wp-json\/wp\/v2\/product_tag?post=707767"}],"curies":[{"name":"wp","href":"https:\/\/api.w.org\/{rel}","templated":true}]}}