{"id":707766,"date":"2025-08-27T16:08:55","date_gmt":"2025-08-27T13:08:55","guid":{"rendered":"https:\/\/roveyayinevi.com.tr\/index.php\/urun\/bir-kurbaga-gibi-sakin-ve-dikkatli-cd-li\/"},"modified":"2025-11-22T04:01:30","modified_gmt":"2025-11-22T01:01:30","slug":"bir-kurbaga-gibi-sakin-ve-dikkatli-cd-li","status":"publish","type":"product","link":"https:\/\/roveyayinevi.com.tr\/index.php\/urun\/bir-kurbaga-gibi-sakin-ve-dikkatli-cd-li\/","title":{"rendered":"Bir Kurba\u011fa Gibi Sakin ve Dikkatli (CD &#8216;li)"},"content":{"rendered":"<p>\u00c7ocuklar\u0131n\u0131za Rehberlik Edecek Bir Meditasyon CD&#8217;si HediyeliBasit ve \u0130\u015fe Yarar Bir Y\u00f6ntem!Evde ve okulda sakin \u00e7ocuklarG\u00fcn\u00fcm\u00fczde \u00e7ocuklar \u00e7ok hareketli ve gerginler, \u00fcstelik dikkatleri de da\u011f\u0131n\u0131k&#8230; Peki rahatlamalar\u0131 i\u00e7in onlara nas\u0131l yard\u0131m edebiliriz? Konsantre olmay\u0131 onlara nas\u0131l \u00f6\u011fretebiliriz? Miniklerin ihtiya\u00e7lar\u0131n\u0131 m\u00fckemmel bir bi\u00e7imde kar\u015f\u0131layan ve onlara an\u0131nda fayda sa\u011flayan meditasyon bunun i\u00e7in basit ve etkili bir ara\u00e7 olacak! 5-12 ya\u015f aras\u0131ndaki \u00e7ocuklara ve onlar\u0131n anne babalar\u0131na y\u00f6nelik bu orijinal ve sevimli kitap her g\u00fcn uygulanabilecek basit al\u0131\u015ft\u0131rmalar i\u00e7eriyor&#8230;Eline Snel terapisttir ve \u00e7ocuklara y\u00f6nelik bir meditasyon metodu geli\u015ftirmi\u015ftir. Fark\u0131ndal\u0131k e\u011fitimi vermek \u00fczere Hollanda\u2019da bir akademi kurmu\u015ftur. Burada \u00f6\u011fretmenler, psikologlar, anne babalar ve \u00e7ocuklara y\u00f6nelik formasyonlar verilmektedir. Metodu \u00f6yle ba\u015far\u0131l\u0131 bulunmu\u015ftur ki Hollanda E\u011fitim Bakanl\u0131\u011f\u0131 isteyen t\u00fcm \u00f6\u011fretmenlere akademide bu e\u011fitimi alma imk\u00e2n\u0131 sunmaya karar vermi\u015ftir. Hollanda\u2019n\u0131n ard\u0131ndan Bel\u00e7ika da bu y\u00f6ntemi e\u011fitim sisteminde kullanmaya ba\u015flam\u0131\u015ft\u0131r. Ayr\u0131ca Fransa, Almanya, \u0130spanya ve hatta Hong Kong\u2019da da bu y\u00f6ntem dikkat \u00e7ekmeye ba\u015flam\u0131\u015ft\u0131r.\u201c\u00c7ocuklar\u0131n\u0131z\u0131n hayat\u0131 boyunca kullanaca\u011f\u0131 bir hediye&#8230;\u201d- Christophe Andr\u00e9\u201cE\u011flenceli, net, somut ve etkileyici bir kitap.\u201d- Pomme d\u2019api\u201cYumu\u015fak bir sesle seslendirilmi\u015f bu rehber, gergin, dikkati da\u011f\u0131lm\u0131\u015f ve huzursuz \u00e7ocuklar\u0131n kendi i\u00e7lerine d\u00f6nmelerine ve rahatlamalar\u0131na yard\u0131mc\u0131 oluyor.\u201d- Le Monde\u201c\u00c7ocuklar \u00f6\u011frenmeye hevesli, an\u0131 ya\u015fayan ve \u00e7ok g\u00fc\u00e7l\u00fc konsantrasyon becerilerine sahip bireylerdir. Ancak yeterince iyi ve haval\u0131 olmad\u0131klar\u0131 i\u00e7in de endi\u015felenirler. Bir Kurba\u011fa Gibi Sakin ve Dikkatli \u00e7ocuklara fark\u0131ndal\u0131k y\u00f6ntemini sakince oturup nefes alarak \u00f6\u011freten bir yard\u0131mc\u0131. Enerjisini koruyan ve etraflar\u0131ndaki her \u015feye dikkat kesilen \u00e7ocuklar. Kitap ve Cd\u2019deki bir\u00e7ok al\u0131\u015ft\u0131rma bize \u00e7ocuklar\u0131m\u0131za \u00fczerinde oturdu\u011fumuz nil\u00fcferlerin d\u00fc\u015f\u00fcncelerimizle nas\u0131l da hareket edebildi\u011fini hat\u0131rlat\u0131yor.\u201d- Mindful\u201c\u00c7ocuklar\u0131n\u0131z\u0131n sakinle\u015fmelerini, daha iyi konsantre olmalar\u0131n\u0131, daha kolay uyumalar\u0131n\u0131, endi\u015felerini hafifletmelerini ve \u00f6fkelerini kontrol alt\u0131na almalar\u0131n\u0131 sa\u011flayacak bir\u00e7ok al\u0131\u015ft\u0131rmayla dolu harika bir eser.\u201d- The London Times\u201cSakince oturan kurba\u011fa resminden fiziksel rahatlama i\u00e7in uygulanan spagetti al\u0131\u015ft\u0131rmas\u0131na kadar bir\u00e7ok imge, metafor ve uygulamayla dolu bu kitap kafalar\u0131 \u00e7ok dolu olan \u00e7ocuklar\u0131 tam da olmalar\u0131 gereken seviyeye getiriyor. Bu kitap ve CD ailelerimizin manevi d\u00fcnyalar\u0131n\u0131 ke\u015ffetmelerinde onlara yol g\u00f6sterecek paha bi\u00e7ilmez bir yard\u0131mc\u0131.\u201d- Juno Magazine\u201cHer g\u00fcn adeta bir cennet.\u201d- K\u00f6lnische Rundschau\u201c\u00c7ok kolay ve orijinal.\u201d- f\u00fcr mich\u201c\u00c7ocuklara s\u00fck\u00fbnetin faydalar\u0131n\u0131 \u00f6\u011freten \u00e7ok g\u00fczel bir hediye.\u201d- Pomme d\u2019Api\u201cEtkileri g\u00f6zle g\u00f6r\u00fcl\u00fcr: Kendine g\u00fcvenen, daha rahat uyuyan, kendilerine ve ba\u015fkalar\u0131na kar\u015f\u0131 daha anlay\u0131\u015fl\u0131 \u00e7ocuklar.\u201d- MondeFransa\u2019da bu kitab\u0131n okuyucular\u0131 \u00e7e\u015fitli forumlarda internet sitelerinde deneyimlerini payla\u015f\u0131yorlar:\u201c\u00c7ocuklar\u0131m bay\u0131ld\u0131\u2026 Bu k\u00fc\u00e7\u00fck mucize i\u00e7in \u00e7ok te\u015fekk\u00fcrler!\u201d- Chloe\u201cS\u0131n\u0131f\u0131mda bu kitab\u0131 okudu\u011fumuzdan beri mutluluk i\u00e7inde kurba\u011fal\u0131yoruz.\u201d- A\u00efcha\u201cB\u00fct\u00fcn \u00e7ocuklarle evde ve okulda mutlaka yap\u0131lmal\u0131. Ailece zenginle\u015ftirci bir \u00e7al\u0131\u015fma.\u201d- Aurore\u201cDikkatli, sakin ve dinlenmi\u015f ilkokul \u00f6\u011frencilerinin anahtar\u0131.\u201d- Sarah\u201cBu kitab\u0131 bana bir hem\u015fire \u00f6nerdi ve bana inan\u0131lmaz yard\u0131m\u0131 dokundu. \u0130\u00e7 huzuruma kavu\u015ftu\u011fum geceler \u00e7o\u011fald\u0131.\u201d- Jean-Baptiste\u201cGer\u00e7ekten \u00e7ok faydal\u0131 ve etkili, bir o kadar da basit. 7 ya\u015f\u0131ndaki k\u0131z\u0131mla uyguluyoruz ve art\u0131k kendisi meditasyon yapmak istiyor.\u201d- Michelle\u201cAnnem bana sakinle\u015f dedi\u011finde ne yapaca\u011f\u0131m\u0131 bilmiyordum. Art\u0131k biliyorum. Kurba\u011fa al\u0131\u015ft\u0131rmas\u0131n\u0131 yap\u0131yorum.\u201d- Thomas, 7 ya\u015f\u0131nda<\/p>\n","protected":false},"excerpt":{"rendered":"<p>\u00c7ocuklar\u0131n\u0131za Rehberlik Edecek Bir Meditasyon CD&#8217;si HediyeliBasit ve \u0130\u015fe Yarar Bir Y\u00f6ntem!Evde ve okulda sakin \u00e7ocuklarG\u00fcn\u00fcm\u00fczde \u00e7ocuklar \u00e7ok hareketli ve gerginler, \u00fcstelik dikkatleri de da\u011f\u0131n\u0131k&#8230; Peki<span class=\"excerpt-hellip\"> [\u2026]<\/span><\/p>\n","protected":false},"featured_media":0,"template":"","meta":{"_monsterinsights_skip_tracking":false,"_monsterinsights_sitenote_active":false,"_monsterinsights_sitenote_note":"","_monsterinsights_sitenote_category":0},"product_brand":[],"product_cat":[12274,15842],"product_tag":[],"class_list":{"0":"post-707766","1":"product","2":"type-product","3":"status-publish","5":"product_cat-cocuk-ve-genclik-kitaplari","6":"product_cat-egitici-kitaplar","7":"pa_cilt-ciltsiz","8":"pa_tur-kitap","9":"pa_yayinevi-pegasus-yayinlari","10":"pa_yazar-eline-snel","12":"first","13":"instock","14":"sale","15":"shipping-taxable","16":"purchasable","17":"product-type-simple"},"_links":{"self":[{"href":"https:\/\/roveyayinevi.com.tr\/index.php\/wp-json\/wp\/v2\/product\/707766","targetHints":{"allow":["GET"]}}],"collection":[{"href":"https:\/\/roveyayinevi.com.tr\/index.php\/wp-json\/wp\/v2\/product"}],"about":[{"href":"https:\/\/roveyayinevi.com.tr\/index.php\/wp-json\/wp\/v2\/types\/product"}],"wp:attachment":[{"href":"https:\/\/roveyayinevi.com.tr\/index.php\/wp-json\/wp\/v2\/media?parent=707766"}],"wp:term":[{"taxonomy":"product_brand","embeddable":true,"href":"https:\/\/roveyayinevi.com.tr\/index.php\/wp-json\/wp\/v2\/product_brand?post=707766"},{"taxonomy":"product_cat","embeddable":true,"href":"https:\/\/roveyayinevi.com.tr\/index.php\/wp-json\/wp\/v2\/product_cat?post=707766"},{"taxonomy":"product_tag","embeddable":true,"href":"https:\/\/roveyayinevi.com.tr\/index.php\/wp-json\/wp\/v2\/product_tag?post=707766"}],"curies":[{"name":"wp","href":"https:\/\/api.w.org\/{rel}","templated":true}]}}