{"id":707765,"date":"2025-08-27T16:08:55","date_gmt":"2025-08-27T13:08:55","guid":{"rendered":"https:\/\/roveyayinevi.com.tr\/index.php\/urun\/cesaret-ustasi\/"},"modified":"2026-04-16T02:16:24","modified_gmt":"2026-04-15T23:16:24","slug":"cesaret-ustasi","status":"publish","type":"product","link":"https:\/\/roveyayinevi.com.tr\/index.php\/urun\/cesaret-ustasi\/","title":{"rendered":"Cesaret Ustas\u0131"},"content":{"rendered":"<p>Dikkat dikkat!\u015eu anda tan\u0131t\u0131m\u0131n\u0131 okudu\u011fun kitap y\u00fcksek dozda tehlike i\u00e7eriyor.Cesaretini toplay\u0131p okumaya ba\u015flamadan \u00f6nce, pencerelerinin kapal\u0131, kap\u0131n\u0131n kilitli ve cesaret \u00f6l\u00e7erinin (o da ne ki!) \u00e7antanda durdu\u011fundan emin olman\u0131 \u00f6neriyoruz.\u015eaka \u015faka. Bu kitab\u0131 okumak i\u00e7in cesarete hi\u00e7 ihtiyac\u0131n olmayacak. Harfleri tan\u0131man yeterli. Yanl\u0131\u015f hat\u0131rlam\u0131yorsak zamanla da sorunun kalmam\u0131\u015ft\u0131. Ne de olsa yeni dostun \u201cZaman Sihirbaz\u0131\u201d Anton\u2019la birlikte saatlerin kafanda yaratt\u0131\u011f\u0131 o b\u00fcy\u00fck karma\u015fan\u0131n \u00fcstesinden gelmeyi ba\u015farm\u0131\u015ft\u0131n. Peki korkuyla aran nas\u0131l? Yoksa sen de Anton gibi az\u0131c\u0131k korkak m\u0131s\u0131n? O zaman sakin ol, Anton geri d\u00f6nd\u00fc. Ve cesaretini toplay\u0131p seni korkular\u0131nla y\u00fczle\u015ftirmek i\u00e7in harika bir plan\u0131 var\u2026Anton\u2019un korku denen \u015feyle uzaktan yak\u0131ndan alakas\u0131 g\u00f6r\u00fcnm\u00fcyor. En az\u0131ndan, merdivenlerden yuvarlan\u0131rken. Ama evlerinin bodrumuna inen o 13 basamak yok mu!? Hele ki s\u0131n\u0131f gezisinde beraber g\u00f6t\u00fcrece\u011fi bavulunu almas\u0131 i\u00e7in bodruma inmesi gerekiyorken&#8230; Anton bodrum kaps\u0131n\u0131n \u00f6n\u00fcnde, cehenneme inen basamaklar\u0131n ba\u015f\u0131nda, mezar ta\u015f\u0131 gibi kaskat\u0131 duruyor. Evet, az \u00f6nce cesaretiyle g\u00f6z kama\u015ft\u0131ran Anton da ayn\u0131 senin gibi korkuyor! Karanl\u0131ktan, so\u011fuktan, bir anda kar\u015f\u0131s\u0131nda belirebilme ihtimali olan bir hortlaktan ya da bir s\u0131\u00e7andan. Ama o (eminiz ki sen de) art\u0131k korkak bir tav\u015fan olmak istemiyor. Korkular\u0131ndan ka\u00e7mak yerine, do\u011frudan onlar\u0131n kar\u015f\u0131s\u0131na \u00e7\u0131kmay\u0131 ye\u011fliyor. Peki bunu nas\u0131l m\u0131 ba\u015far\u0131yor? Tabii ki arkada\u015flar\u0131n\u0131n yard\u0131m\u0131yla. Hem de evinden \u00e7ok uzaktaki bir gen\u00e7lik kamp\u0131nda. \u00dcstelik felaket \u00f6tesi \u00c7ete \u00c7etesi\u2019nin ak\u0131l almaz oyunlar\u0131na ra\u011fmen\u2026Sen sen ol, korkular\u0131nla ba\u015f ba\u015fayken, kalbinin deli gibi \u00e7arpmas\u0131na, d\u00fc\u015f\u00fcncelerin zihninde d\u00f6rt nala ko\u015fmas\u0131na sak\u0131n izin verme! \u00d6nemli olan hayatta kalmak. Hortumlar, mumyalar ya da aniden bast\u0131ran k\u0131\u015f seni yolundan al\u0131koymas\u0131n. Do\u011frudan korkunun kar\u015f\u0131s\u0131na \u00e7\u0131k ve onun g\u00f6zlerinin i\u00e7ine bak!Cesaret kavram\u0131na ele\u015ftirel bir pencereden bakarak hem \u00e7ocuklar\u0131n hem de yeti\u015fkinlerin korkular\u0131yla ba\u015fa \u00e7\u0131kma y\u00f6ntemlerini sorgulayan bu e\u011flenceli roman, mizah\u0131 elden b\u0131rakmayan usta i\u015fi \u00f6yk\u00fcs\u00fc ve esprili \u00e7izimleriyle dikkat \u00e7ekiyor. Sabahtan ak\u015fama kadar \u201csa\u00e7ma sapan \u015feyler\u201d d\u00fc\u015f\u00fcnmekten vazge\u00e7emedi\u011fini s\u00f6yleyen Alman yazar, ressam Meike Haberstock\u2019un \u00e7ok sevilen \u201cAnton\u201d dizisinin ikinci kitab\u0131 olan Cesaret Ustas\u0131\u2019nda, Anton\u2019un icad\u0131 muhte\u015fem \u00f6tesi Cesaret \u00d6l\u00e7er ile korkular\u0131n\u0131n ve endi\u015felerinin seviyelerini \u00f6l\u00e7ebilir, olur olmad\u0131k zamanda ensende biten korkak tav\u015fandan kurtulman\u0131n yollar\u0131n\u0131 ke\u015ffedebilirsin.Eveeet, asl\u0131nda korkulacak hi\u00e7bir \u015fey yokmu\u015f! \u00d6yle de\u011fil mi!?..<\/p>\n","protected":false},"excerpt":{"rendered":"<p>Dikkat dikkat!\u015eu anda tan\u0131t\u0131m\u0131n\u0131 okudu\u011fun kitap y\u00fcksek dozda tehlike i\u00e7eriyor.Cesaretini toplay\u0131p okumaya ba\u015flamadan \u00f6nce, pencerelerinin kapal\u0131, kap\u0131n\u0131n kilitli ve cesaret \u00f6l\u00e7erinin (o da ne ki!) \u00e7antanda<span class=\"excerpt-hellip\"> [\u2026]<\/span><\/p>\n","protected":false},"featured_media":0,"template":"","meta":{"_monsterinsights_skip_tracking":false,"_monsterinsights_sitenote_active":false,"_monsterinsights_sitenote_note":"","_monsterinsights_sitenote_category":0},"product_brand":[],"product_cat":[12275,12274],"product_tag":[],"class_list":{"0":"post-707765","1":"product","2":"type-product","3":"status-publish","5":"product_cat-6-12-yas-kitaplari","6":"product_cat-cocuk-ve-genclik-kitaplari","7":"pa_cilt-ciltsiz","8":"pa_tur-kitap","9":"pa_yayinevi-tudem-yayinlari","10":"pa_yazar-meike-haberstock","12":"first","13":"instock","14":"sale","15":"shipping-taxable","16":"purchasable","17":"product-type-simple"},"_links":{"self":[{"href":"https:\/\/roveyayinevi.com.tr\/index.php\/wp-json\/wp\/v2\/product\/707765","targetHints":{"allow":["GET"]}}],"collection":[{"href":"https:\/\/roveyayinevi.com.tr\/index.php\/wp-json\/wp\/v2\/product"}],"about":[{"href":"https:\/\/roveyayinevi.com.tr\/index.php\/wp-json\/wp\/v2\/types\/product"}],"wp:attachment":[{"href":"https:\/\/roveyayinevi.com.tr\/index.php\/wp-json\/wp\/v2\/media?parent=707765"}],"wp:term":[{"taxonomy":"product_brand","embeddable":true,"href":"https:\/\/roveyayinevi.com.tr\/index.php\/wp-json\/wp\/v2\/product_brand?post=707765"},{"taxonomy":"product_cat","embeddable":true,"href":"https:\/\/roveyayinevi.com.tr\/index.php\/wp-json\/wp\/v2\/product_cat?post=707765"},{"taxonomy":"product_tag","embeddable":true,"href":"https:\/\/roveyayinevi.com.tr\/index.php\/wp-json\/wp\/v2\/product_tag?post=707765"}],"curies":[{"name":"wp","href":"https:\/\/api.w.org\/{rel}","templated":true}]}}