{"id":707764,"date":"2025-08-27T16:08:54","date_gmt":"2025-08-27T13:08:54","guid":{"rendered":"https:\/\/roveyayinevi.com.tr\/index.php\/urun\/saraba-ve-esrara-dair\/"},"modified":"2026-04-16T02:16:24","modified_gmt":"2026-04-15T23:16:24","slug":"saraba-ve-esrara-dair","status":"publish","type":"product","link":"https:\/\/roveyayinevi.com.tr\/index.php\/urun\/saraba-ve-esrara-dair\/","title":{"rendered":"\u015earaba ve Esrara Dair"},"content":{"rendered":"<p>\u201cSarho\u015f olun&#8230; \u015earapla, \u015fiirle ya da erdemle; neyle isterseniz. Yeter ki, sarho\u015f olun!\u201d Charles Baudelaire 1851 y\u0131l\u0131nda yaz\u0131p tefrika halinde yay\u0131mlad\u0131\u011f\u0131 \u015earaba ve Esrara Dair\u2019de bu iki keyif vericiyi fizyolojik, psikolojik, hatta sosyolojik etkileriyle kar\u015f\u0131la\u015ft\u0131r\u0131yor. Baudelaire\u2019in tavsiyesini merak edenlere&#8230; \u201c\u015earab\u0131n korkun\u00e7 eziyetlerle \u015fehit etti\u011fi k\u00f6leler olmamak i\u00e7in hi\u00e7 durmadan sarho\u015f olun! \u015earapla, \u015fiirle veya erdemle; neyle isterseniz.\u201d <\/p>\n","protected":false},"excerpt":{"rendered":"<p>\u201cSarho\u015f olun&#8230; \u015earapla, \u015fiirle ya da erdemle; neyle isterseniz. Yeter ki, sarho\u015f olun!\u201d Charles Baudelaire 1851 y\u0131l\u0131nda yaz\u0131p tefrika halinde yay\u0131mlad\u0131\u011f\u0131 \u015earaba ve Esrara Dair\u2019de bu<span class=\"excerpt-hellip\"> [\u2026]<\/span><\/p>\n","protected":false},"featured_media":0,"template":"","meta":{"_monsterinsights_skip_tracking":false,"_monsterinsights_sitenote_active":false,"_monsterinsights_sitenote_note":"","_monsterinsights_sitenote_category":0},"product_brand":[],"product_cat":[12777,12291],"product_tag":[],"class_list":{"0":"post-707764","1":"product","2":"type-product","3":"status-publish","5":"product_cat-deneme","6":"product_cat-edebiyat","7":"pa_cilt-ciltsiz","8":"pa_tur-kitap","9":"pa_yayinevi-sel-yayincilik","10":"pa_yazar-charles-baudelaire","12":"first","13":"instock","14":"sale","15":"shipping-taxable","16":"purchasable","17":"product-type-simple"},"_links":{"self":[{"href":"https:\/\/roveyayinevi.com.tr\/index.php\/wp-json\/wp\/v2\/product\/707764","targetHints":{"allow":["GET"]}}],"collection":[{"href":"https:\/\/roveyayinevi.com.tr\/index.php\/wp-json\/wp\/v2\/product"}],"about":[{"href":"https:\/\/roveyayinevi.com.tr\/index.php\/wp-json\/wp\/v2\/types\/product"}],"wp:attachment":[{"href":"https:\/\/roveyayinevi.com.tr\/index.php\/wp-json\/wp\/v2\/media?parent=707764"}],"wp:term":[{"taxonomy":"product_brand","embeddable":true,"href":"https:\/\/roveyayinevi.com.tr\/index.php\/wp-json\/wp\/v2\/product_brand?post=707764"},{"taxonomy":"product_cat","embeddable":true,"href":"https:\/\/roveyayinevi.com.tr\/index.php\/wp-json\/wp\/v2\/product_cat?post=707764"},{"taxonomy":"product_tag","embeddable":true,"href":"https:\/\/roveyayinevi.com.tr\/index.php\/wp-json\/wp\/v2\/product_tag?post=707764"}],"curies":[{"name":"wp","href":"https:\/\/api.w.org\/{rel}","templated":true}]}}