{"id":707763,"date":"2025-08-27T16:08:53","date_gmt":"2025-08-27T13:08:53","guid":{"rendered":"https:\/\/roveyayinevi.com.tr\/index.php\/urun\/modern-uyaricilari-kullanma-kilavuzu\/"},"modified":"2026-04-16T02:16:24","modified_gmt":"2026-04-15T23:16:24","slug":"modern-uyaricilari-kullanma-kilavuzu","status":"publish","type":"product","link":"https:\/\/roveyayinevi.com.tr\/index.php\/urun\/modern-uyaricilari-kullanma-kilavuzu\/","title":{"rendered":"Modern Uyar\u0131c\u0131lar\u0131 Kullanma K\u0131lavuzu"},"content":{"rendered":"<p>\u0130\u00e7ki, \u015feker, \u00e7ay, kahve, t\u00fct\u00fcn&#8230;M\u00fcmk\u00fcn oldu\u011funca az uyuman\u0131n ve daha fazla yazabilmenin yolunu a\u015f\u0131r\u0131 kahve i\u00e7mekte bulan Balzac&#8217;\u0131n 1839 tarihli bu denemesini b\u00fcy\u00fck romanc\u0131n\u0131n hayran\u0131 Baudelaire de okumu\u015f ve esinlenmi\u015fti&#8230;Balzac&#8217;\u0131n hayat\u0131ndan sahnelerle d\u00f6nemin bilimsel \u00e7\u00f6z\u00fcmlemelerinin i\u00e7 i\u00e7e ge\u00e7ti\u011fi bu keyif vericiler risalesi yeni esinlere kap\u0131d\u0131r.&#8221;Modern yasaya g\u00f6re, herkes kendinin efendisidir; ama bu sayfalar\u0131 okuyan se\u00e7ilme hakk\u0131na sahip soylu ki\u015filer ve proleterler baca gibi sigara t\u00fctt\u00fcrerek veya ayya\u015flar gibi i\u00e7ki i\u00e7erek kendilerinden ba\u015fkas\u0131na zarar vermediklerini san\u0131rlarsa garip bir yan\u0131lg\u0131ya d\u00fc\u015fm\u00fc\u015f olurlar.&#8221;<\/p>\n","protected":false},"excerpt":{"rendered":"<p>\u0130\u00e7ki, \u015feker, \u00e7ay, kahve, t\u00fct\u00fcn&#8230;M\u00fcmk\u00fcn oldu\u011funca az uyuman\u0131n ve daha fazla yazabilmenin yolunu a\u015f\u0131r\u0131 kahve i\u00e7mekte bulan Balzac&#8217;\u0131n 1839 tarihli bu denemesini b\u00fcy\u00fck romanc\u0131n\u0131n hayran\u0131 Baudelaire<span class=\"excerpt-hellip\"> [\u2026]<\/span><\/p>\n","protected":false},"featured_media":0,"template":"","meta":{"_monsterinsights_skip_tracking":false,"_monsterinsights_sitenote_active":false,"_monsterinsights_sitenote_note":"","_monsterinsights_sitenote_category":0},"product_brand":[],"product_cat":[12777,12291],"product_tag":[],"class_list":{"0":"post-707763","1":"product","2":"type-product","3":"status-publish","5":"product_cat-deneme","6":"product_cat-edebiyat","7":"pa_cilt-ciltsiz","8":"pa_tur-kitap","9":"pa_yayinevi-sel-yayincilik","10":"pa_yazar-honore-de-balzac","12":"first","13":"instock","14":"sale","15":"shipping-taxable","16":"purchasable","17":"product-type-simple"},"_links":{"self":[{"href":"https:\/\/roveyayinevi.com.tr\/index.php\/wp-json\/wp\/v2\/product\/707763","targetHints":{"allow":["GET"]}}],"collection":[{"href":"https:\/\/roveyayinevi.com.tr\/index.php\/wp-json\/wp\/v2\/product"}],"about":[{"href":"https:\/\/roveyayinevi.com.tr\/index.php\/wp-json\/wp\/v2\/types\/product"}],"wp:attachment":[{"href":"https:\/\/roveyayinevi.com.tr\/index.php\/wp-json\/wp\/v2\/media?parent=707763"}],"wp:term":[{"taxonomy":"product_brand","embeddable":true,"href":"https:\/\/roveyayinevi.com.tr\/index.php\/wp-json\/wp\/v2\/product_brand?post=707763"},{"taxonomy":"product_cat","embeddable":true,"href":"https:\/\/roveyayinevi.com.tr\/index.php\/wp-json\/wp\/v2\/product_cat?post=707763"},{"taxonomy":"product_tag","embeddable":true,"href":"https:\/\/roveyayinevi.com.tr\/index.php\/wp-json\/wp\/v2\/product_tag?post=707763"}],"curies":[{"name":"wp","href":"https:\/\/api.w.org\/{rel}","templated":true}]}}