{"id":707760,"date":"2025-08-27T16:08:52","date_gmt":"2025-08-27T13:08:52","guid":{"rendered":"https:\/\/roveyayinevi.com.tr\/index.php\/urun\/kus-olsam-evime-ucsam\/"},"modified":"2026-04-16T02:16:24","modified_gmt":"2026-04-15T23:16:24","slug":"kus-olsam-evime-ucsam","status":"publish","type":"product","link":"https:\/\/roveyayinevi.com.tr\/index.php\/urun\/kus-olsam-evime-ucsam\/","title":{"rendered":"Ku\u015f Olsam Evime U\u00e7sam"},"content":{"rendered":"<p>\ufffcTan\u0131t\u0131m MetniSu kuyusuna ta\u015f att\u0131n\u0131z m\u0131 hi\u00e7? Ta\u015f, suya d\u00fc\u015ft\u00fc\u011f\u00fcnde d\u00fcnyan\u0131n en derin yerine d\u00fc\u015fm\u00fc\u015f gibi yank\u0131 yapar. Ta\u015f da g\u00f6r\u00fcnmez, su da. \u0130\u015fte y\u00fcz binlerce m\u00fclteci de b\u00f6yle bir kuyunun i\u00e7inde sanki. Uzaklardan, derinlerden patlamalar duyuluyor. Her yerde \u00e7at\u0131\u015fma. Ac\u0131 adeta ruhunuzu kemiriyor. Tek \u00e7\u00f6z\u00fcmse ka\u00e7mak, g\u00fcvenli limanlara s\u0131\u011f\u0131nmak. Bir daha hi\u00e7 d\u00f6nmemek pahas\u0131na bile olsa, yerinizden, yurdunuzdan topra\u011f\u0131n\u0131zdan kopmak\u2026Ufac\u0131k umut tohumlar\u0131n\u0131 ceplerine s\u0131\u011fd\u0131rarak Halep\u2019ten Hatay\u2019a ka\u00e7an y\u00fcz binlerce m\u00fclteciden biri olan Be\u015fir\u2019in hayat\u0131nda yeni bir sayfa a\u00e7\u0131l\u0131yor. Bamba\u015fka bir \u00fclkede, daha \u00f6nce hi\u00e7 bulunmad\u0131klar\u0131 bir yerde, binlerce insanla ayn\u0131 kaderi payla\u015fmak zorunda kalan Be\u015fir ve ailesi yeniden ya\u015fama tutunmay\u0131 \u00f6\u011freniyor. \u00dcstelik sava\u015ftan sadece onlar ka\u00e7m\u0131yor! Bir de a\u011fa\u00e7 var aralar\u0131nda&#8230;Be\u015fir, k\u00e2\u011f\u0131ttan turna ku\u015flar\u0131n\u0131n g\u00f6ky\u00fcz\u00fcnde s\u00fcz\u00fcld\u00fc\u011f\u00fc d\u00fc\u015flerinde, Sadako Sasaki\u2019yle kar\u015f\u0131la\u015farak sava\u015f\u0131 ve sava\u015f\u0131n ya\u015fatt\u0131\u011f\u0131 ac\u0131lar\u0131 hi\u00e7 unutmayaca\u011f\u0131na s\u00f6z veriyor. Hayallerinde ku\u015f olup Halep\u2019e u\u00e7an Be\u015fir, kurdu\u011fu yeni dostluklarla her g\u00fcn umuda y\u00fcr\u00fcyor.Ku\u015f Olsam Evime U\u00e7sam, \u00e7ocuklarla ba\u015fka t\u00fcrl\u00fc bir hayat\u0131n m\u00fcmk\u00fcn oldu\u011funa ve \u00e7ocuklar\u0131n d\u00fcnyay\u0131 kurtaraca\u011f\u0131na inanan \u00e7i\u00e7e\u011fi burnunda yazar G\u00fczin \u00d6zt\u00fcrk\u2019\u00fcn ilk roman\u0131. 2015 Tudem Edebiyat Roman Yar\u0131\u015fmas\u0131 Birincilik \u00d6d\u00fcl\u00fc\u2019ne de\u011fer g\u00f6r\u00fclen bu etkileyici eser, sava\u015flardan zarar g\u00f6ren t\u00fcm \u00e7ocuklara adanm\u0131\u015f bir bar\u0131\u015f serenad\u0131. Yunus Nadi Karikat\u00fcr \u00d6d\u00fcll\u00fc Hicabi Demirci\u2019nin g\u00f6z al\u0131c\u0131 \u00e7izimleriyle renklenen Ku\u015f Olsam Evime U\u00e7sam, \u00fclkesinde ya\u015fanan i\u00e7 sava\u015f y\u00fcz\u00fcnden evsiz yurtsuz kalan k\u00fc\u00e7\u00fck bir \u00e7ocu\u011fun hayallerinin, umutlar\u0131n\u0131n k\u00e2\u011f\u0131da d\u00f6k\u00fclm\u00fc\u015f h\u00e2li.Vatans\u0131z kalman\u0131n ne denli k\u00f6t\u00fc bir duygu oldu\u011funu an\u0131msatan bu sars\u0131c\u0131 roman, \u00e7aresizli\u011fe, yenilgiye, \u015fa\u015fk\u0131nl\u0131\u011fa ve s\u0131n\u0131r kap\u0131lar\u0131 ard\u0131ndaki bilinmezli\u011fe dem vurarak sava\u015f\u0131n g\u00f6lgesinde ya\u015fayan nice Be\u015fir\u2019lerin, Ahmet\u2019lerin, Zehra\u2019lar\u0131n sesi oluyor&#8230;<\/p>\n","protected":false},"excerpt":{"rendered":"<p>\ufffcTan\u0131t\u0131m MetniSu kuyusuna ta\u015f att\u0131n\u0131z m\u0131 hi\u00e7? Ta\u015f, suya d\u00fc\u015ft\u00fc\u011f\u00fcnde d\u00fcnyan\u0131n en derin yerine d\u00fc\u015fm\u00fc\u015f gibi yank\u0131 yapar. Ta\u015f da g\u00f6r\u00fcnmez, su da. \u0130\u015fte y\u00fcz binlerce<span class=\"excerpt-hellip\"> [\u2026]<\/span><\/p>\n","protected":false},"featured_media":0,"template":"","meta":{"_monsterinsights_skip_tracking":false,"_monsterinsights_sitenote_active":false,"_monsterinsights_sitenote_note":"","_monsterinsights_sitenote_category":0},"product_brand":[],"product_cat":[12275,12274],"product_tag":[],"class_list":{"0":"post-707760","1":"product","2":"type-product","3":"status-publish","5":"product_cat-6-12-yas-kitaplari","6":"product_cat-cocuk-ve-genclik-kitaplari","7":"pa_cilt-ciltsiz","8":"pa_tur-kitap","9":"pa_yayinevi-tudem-yayinlari","10":"pa_yazar-guzin-ozturk","12":"first","13":"instock","14":"sale","15":"shipping-taxable","16":"purchasable","17":"product-type-simple"},"_links":{"self":[{"href":"https:\/\/roveyayinevi.com.tr\/index.php\/wp-json\/wp\/v2\/product\/707760","targetHints":{"allow":["GET"]}}],"collection":[{"href":"https:\/\/roveyayinevi.com.tr\/index.php\/wp-json\/wp\/v2\/product"}],"about":[{"href":"https:\/\/roveyayinevi.com.tr\/index.php\/wp-json\/wp\/v2\/types\/product"}],"wp:attachment":[{"href":"https:\/\/roveyayinevi.com.tr\/index.php\/wp-json\/wp\/v2\/media?parent=707760"}],"wp:term":[{"taxonomy":"product_brand","embeddable":true,"href":"https:\/\/roveyayinevi.com.tr\/index.php\/wp-json\/wp\/v2\/product_brand?post=707760"},{"taxonomy":"product_cat","embeddable":true,"href":"https:\/\/roveyayinevi.com.tr\/index.php\/wp-json\/wp\/v2\/product_cat?post=707760"},{"taxonomy":"product_tag","embeddable":true,"href":"https:\/\/roveyayinevi.com.tr\/index.php\/wp-json\/wp\/v2\/product_tag?post=707760"}],"curies":[{"name":"wp","href":"https:\/\/api.w.org\/{rel}","templated":true}]}}