{"id":707758,"date":"2025-08-27T16:08:51","date_gmt":"2025-08-27T13:08:51","guid":{"rendered":"https:\/\/roveyayinevi.com.tr\/index.php\/urun\/deniz-kabuguna-kulak-vermek\/"},"modified":"2026-04-08T02:21:29","modified_gmt":"2026-04-07T23:21:29","slug":"deniz-kabuguna-kulak-vermek","status":"publish","type":"product","link":"https:\/\/roveyayinevi.com.tr\/index.php\/urun\/deniz-kabuguna-kulak-vermek\/","title":{"rendered":"Deniz Kabu\u011funa Kulak Vermek"},"content":{"rendered":"<p>Hayat ve hayat\u0131n getirdikleri \u00fczerine konu\u015fmaya devam ediyoruz asl\u0131nda. Hayat\u0131n deniz kabu\u011funa kulak vermek yapt\u0131\u011f\u0131m. Bunu yaparken de mutlulu\u011fun s\u0131n\u0131r\u0131n\u0131 art\u0131rmak ve de s\u0131rr\u0131n\u0131 \u00e7\u00f6zmek i\u00e7in baz\u0131 telkinlerde bulunuyorum. Amac\u0131m ak\u0131l vermek ya da yol g\u00f6stermek de\u011fil, sadece ak\u0131l g\u00f6z\u00fcyle do\u011fdu\u011fum andan itibaren idrak yetene\u011fimin el verdi\u011fi \u00f6l\u00e7\u00fcde g\u00f6rd\u00fcklerimi sizlere aktarmaya \u00e7al\u0131\u015f\u0131yorum. \u00c7\u00fcnk\u00fc adam olmak kendini bilmekle ba\u015flar ve g\u00f6rd\u00fcklerini do\u011fru \u015fekilde aktararak zirve yapar. Bunu yaparken ya\u015fanm\u0131\u015fl\u0131klar\u0131m\u0131 referans olarak al\u0131yorum. T\u00fcm bu sentezlerden yola \u00e7\u0131karak yaz\u0131nsal rotam\u0131 belirliyorum. Tek yapt\u0131\u011f\u0131m iyi ya da k\u00f6t\u00fc ya\u015fanm\u0131\u015fl\u0131klar\u0131ma ve ya\u015fayacaklar\u0131ma sahip \u00e7\u0131kmak. Zaman\u0131nda bana kar\u015f\u0131 k\u0131r\u0131c\u0131 olanlar\u0131 da benzer cevaplarla u\u011furlamak&#8230; <\/p>\n","protected":false},"excerpt":{"rendered":"<p>Hayat ve hayat\u0131n getirdikleri \u00fczerine konu\u015fmaya devam ediyoruz asl\u0131nda. Hayat\u0131n deniz kabu\u011funa kulak vermek yapt\u0131\u011f\u0131m. Bunu yaparken de mutlulu\u011fun s\u0131n\u0131r\u0131n\u0131 art\u0131rmak ve de s\u0131rr\u0131n\u0131 \u00e7\u00f6zmek i\u00e7in<span class=\"excerpt-hellip\"> [\u2026]<\/span><\/p>\n","protected":false},"featured_media":0,"template":"","meta":{"_monsterinsights_skip_tracking":false,"_monsterinsights_sitenote_active":false,"_monsterinsights_sitenote_note":"","_monsterinsights_sitenote_category":0},"product_brand":[],"product_cat":[12291,12711],"product_tag":[],"class_list":{"0":"post-707758","1":"product","2":"type-product","3":"status-publish","5":"product_cat-edebiyat","6":"product_cat-roman-oyku","7":"pa_cilt-ciltsiz","8":"pa_tur-kitap","9":"pa_yayinevi-sinopsis-yayinlari","10":"pa_yazar-firat-can-ayvaz","12":"first","13":"instock","14":"sale","15":"shipping-taxable","16":"purchasable","17":"product-type-simple"},"_links":{"self":[{"href":"https:\/\/roveyayinevi.com.tr\/index.php\/wp-json\/wp\/v2\/product\/707758","targetHints":{"allow":["GET"]}}],"collection":[{"href":"https:\/\/roveyayinevi.com.tr\/index.php\/wp-json\/wp\/v2\/product"}],"about":[{"href":"https:\/\/roveyayinevi.com.tr\/index.php\/wp-json\/wp\/v2\/types\/product"}],"wp:attachment":[{"href":"https:\/\/roveyayinevi.com.tr\/index.php\/wp-json\/wp\/v2\/media?parent=707758"}],"wp:term":[{"taxonomy":"product_brand","embeddable":true,"href":"https:\/\/roveyayinevi.com.tr\/index.php\/wp-json\/wp\/v2\/product_brand?post=707758"},{"taxonomy":"product_cat","embeddable":true,"href":"https:\/\/roveyayinevi.com.tr\/index.php\/wp-json\/wp\/v2\/product_cat?post=707758"},{"taxonomy":"product_tag","embeddable":true,"href":"https:\/\/roveyayinevi.com.tr\/index.php\/wp-json\/wp\/v2\/product_tag?post=707758"}],"curies":[{"name":"wp","href":"https:\/\/api.w.org\/{rel}","templated":true}]}}