{"id":707755,"date":"2025-08-27T16:08:50","date_gmt":"2025-08-27T13:08:50","guid":{"rendered":"https:\/\/roveyayinevi.com.tr\/index.php\/urun\/yazarlar-elestiriler-anilar\/"},"modified":"2026-04-16T02:16:24","modified_gmt":"2026-04-15T23:16:24","slug":"yazarlar-elestiriler-anilar","status":"publish","type":"product","link":"https:\/\/roveyayinevi.com.tr\/index.php\/urun\/yazarlar-elestiriler-anilar\/","title":{"rendered":"Yazarlar Ele\u015ftiriler An\u0131lar"},"content":{"rendered":"<p>Emre Kongar, sanat ve edebiyat \u00e7evreleriyle \u00e7ocuklu\u011fundan beri i\u00e7i\u00e7e ya\u015fama \u015fans\u0131na sahip olmu\u015f bir yazar ve bilim adam\u0131.Bu kitab\u0131nda, edebiyat\u00e7\u0131larla ilgili an\u0131lar\u0131na ve ilgin\u00e7 oldu\u011funu d\u00fc\u015f\u00fcnd\u00fc\u011f\u00fc, dikkat edilmeyen hatta bilinmeyen baz\u0131 olaylara de\u011finiyor\u2026\u2022 Yahya Kemal\u2019in \u00e7ocuklu\u011fu ve \u0130stiklal Sava\u015f\u0131 yaz\u0131lar\u0131.\u2022 Attila \u0130lhan ve Tro\u00e7kizm\u2026\u2022 Melih Cevdet\u2019in bilinmeyen dizeleri.\u2022 \u00d6mer Seyfettin ve \u0130ttihat\u00e7\u0131lar&#8230;\u2022 Aziz Nesin ve Ayd\u0131nlar Dilek\u00e7esi&#8230;\u2022 Halikarnas Bal\u0131k\u00e7\u0131s\u0131 ve Anadolu tanr\u0131lar\u0131&#8230;\u2022 Tahiriler-Eyyubiler tart\u0131\u015fmas\u0131.\u2022 Faz\u0131l H\u00fcsn\u00fc Da\u011flarca\u2019n\u0131n son s\u00f6yle\u015fisi.\u2022 Hilmi Yavuz, Orhan Pamuk\u2019u ele\u015ftiriyor.\u2022 Orhan Pamuk ve Il\u0131ml\u0131 \u0130slam&#8230;\u2022 Elif \u015eafak-Adalet A\u011fao\u011flu polemi\u011fi&#8230;\u2022 Hocaefendi\u2019nin Sandukas\u0131\u2019ndaki gizem! <\/p>\n","protected":false},"excerpt":{"rendered":"<p>Emre Kongar, sanat ve edebiyat \u00e7evreleriyle \u00e7ocuklu\u011fundan beri i\u00e7i\u00e7e ya\u015fama \u015fans\u0131na sahip olmu\u015f bir yazar ve bilim adam\u0131.Bu kitab\u0131nda, edebiyat\u00e7\u0131larla ilgili an\u0131lar\u0131na ve ilgin\u00e7 oldu\u011funu d\u00fc\u015f\u00fcnd\u00fc\u011f\u00fc,<span class=\"excerpt-hellip\"> [\u2026]<\/span><\/p>\n","protected":false},"featured_media":0,"template":"","meta":{"_monsterinsights_skip_tracking":false,"_monsterinsights_sitenote_active":false,"_monsterinsights_sitenote_note":"","_monsterinsights_sitenote_category":0},"product_brand":[],"product_cat":[12777,12291],"product_tag":[],"class_list":{"0":"post-707755","1":"product","2":"type-product","3":"status-publish","5":"product_cat-deneme","6":"product_cat-edebiyat","7":"pa_cilt-ciltsiz","8":"pa_tur-kitap","9":"pa_yayinevi-remzi-kitabevi","10":"pa_yazar-emre-kongar","12":"first","13":"instock","14":"sale","15":"shipping-taxable","16":"purchasable","17":"product-type-simple"},"_links":{"self":[{"href":"https:\/\/roveyayinevi.com.tr\/index.php\/wp-json\/wp\/v2\/product\/707755","targetHints":{"allow":["GET"]}}],"collection":[{"href":"https:\/\/roveyayinevi.com.tr\/index.php\/wp-json\/wp\/v2\/product"}],"about":[{"href":"https:\/\/roveyayinevi.com.tr\/index.php\/wp-json\/wp\/v2\/types\/product"}],"wp:attachment":[{"href":"https:\/\/roveyayinevi.com.tr\/index.php\/wp-json\/wp\/v2\/media?parent=707755"}],"wp:term":[{"taxonomy":"product_brand","embeddable":true,"href":"https:\/\/roveyayinevi.com.tr\/index.php\/wp-json\/wp\/v2\/product_brand?post=707755"},{"taxonomy":"product_cat","embeddable":true,"href":"https:\/\/roveyayinevi.com.tr\/index.php\/wp-json\/wp\/v2\/product_cat?post=707755"},{"taxonomy":"product_tag","embeddable":true,"href":"https:\/\/roveyayinevi.com.tr\/index.php\/wp-json\/wp\/v2\/product_tag?post=707755"}],"curies":[{"name":"wp","href":"https:\/\/api.w.org\/{rel}","templated":true}]}}