{"id":707751,"date":"2025-08-27T16:08:47","date_gmt":"2025-08-27T13:08:47","guid":{"rendered":"https:\/\/roveyayinevi.com.tr\/index.php\/urun\/gittiler\/"},"modified":"2026-04-16T02:16:24","modified_gmt":"2026-04-15T23:16:24","slug":"gittiler","status":"publish","type":"product","link":"https:\/\/roveyayinevi.com.tr\/index.php\/urun\/gittiler\/","title":{"rendered":"Gittiler"},"content":{"rendered":"<p>Gidi\u015fleri i\u00e7imi yakan bu isimlerin hemen hepsini tan\u0131d\u0131m. Yak\u0131ndan tan\u0131d\u0131m, uzaktan tan\u0131d\u0131m, ama tan\u0131d\u0131m. Daha \u00f6nemlisi sevdim. Baz\u0131lar\u0131yla hayat\u0131n baz\u0131 d\u00f6nemlerini beraber ya\u015fad\u0131m. Baz\u0131lar\u0131yla yollar\u0131m\u0131z zaman zaman kesi\u015fti. Baz\u0131lar\u0131yla bulu\u015fan yollar\u0131m\u0131z hi\u00e7 ayr\u0131lmad\u0131. Bundan dolay\u0131, ya\u015fanm\u0131\u015fl\u0131\u011f\u0131n canl\u0131l\u0131\u011f\u0131n\u0131 duyuran bir yaz\u0131\u015f\u0131 benimsemem gerekti. O s\u0131cakl\u0131k ve hayat derinli\u011fi bir \u00f6l\u00e7\u00fcde hissedilsin istedim. Yer yer biyografik karakter ta\u015f\u0131yan k\u0131s\u0131mlara, ya\u015fanm\u0131\u015fl\u0131\u011f\u0131n hat\u0131ra tad\u0131 da eklendi.Okuyucu bunu hemen g\u00f6recektir.Aralar\u0131nda, bir devrin toplum \u00f6nderleri, k\u00fclt\u00fcr-sanat b\u00fcy\u00fckleri, devlet adamlar\u0131 ve alanlar\u0131nda \u00e7\u0131\u011f\u0131r a\u00e7t\u0131\u011f\u0131 s\u00f6ylenebilecek b\u00fcy\u00fck isimler var. Arkada\u015flar\u0131m, karde\u015flerim, dostlar\u0131m var.Babam var ve yeniden do\u011fdu\u011fum annem var.Her biri, hayat\u0131m\u0131z\u0131n bir yerinde esasl\u0131 yer tutan bu insanlar\u0131n ard\u0131ndan susmak olmazd\u0131. T\u00fcrl\u00fc t\u00fcrl\u00fc yaz\u0131labilirdi, b\u00f6yle yazabildim. Biyografi merakl\u0131lar\u0131 i\u00e7in ilgi \u00e7ekici olaca\u011f\u0131 a\u00e7\u0131k. Okumu\u015flar\u0131m\u0131z i\u00e7in d\u00fc\u015f\u00fcnd\u00fcr\u00fcc\u00fc, bir \u00f6l\u00e7\u00fcde besleyici olmas\u0131 da dile\u011fimdir.<\/p>\n","protected":false},"excerpt":{"rendered":"<p>Gidi\u015fleri i\u00e7imi yakan bu isimlerin hemen hepsini tan\u0131d\u0131m. Yak\u0131ndan tan\u0131d\u0131m, uzaktan tan\u0131d\u0131m, ama tan\u0131d\u0131m. Daha \u00f6nemlisi sevdim. Baz\u0131lar\u0131yla hayat\u0131n baz\u0131 d\u00f6nemlerini beraber ya\u015fad\u0131m. Baz\u0131lar\u0131yla yollar\u0131m\u0131z zaman<span class=\"excerpt-hellip\"> [\u2026]<\/span><\/p>\n","protected":false},"featured_media":0,"template":"","meta":{"_monsterinsights_skip_tracking":false,"_monsterinsights_sitenote_active":false,"_monsterinsights_sitenote_note":"","_monsterinsights_sitenote_category":0},"product_brand":[],"product_cat":[14009,12291],"product_tag":[],"class_list":{"0":"post-707751","1":"product","2":"type-product","3":"status-publish","5":"product_cat-biyografi-otobiyografi-edebiyat","6":"product_cat-edebiyat","7":"pa_cilt-ciltsiz","8":"pa_tur-kitap","9":"pa_yayinevi-panama-yayincilik","10":"pa_yazar-a-yagmur-tunali","12":"first","13":"instock","14":"sale","15":"shipping-taxable","16":"purchasable","17":"product-type-simple"},"_links":{"self":[{"href":"https:\/\/roveyayinevi.com.tr\/index.php\/wp-json\/wp\/v2\/product\/707751","targetHints":{"allow":["GET"]}}],"collection":[{"href":"https:\/\/roveyayinevi.com.tr\/index.php\/wp-json\/wp\/v2\/product"}],"about":[{"href":"https:\/\/roveyayinevi.com.tr\/index.php\/wp-json\/wp\/v2\/types\/product"}],"wp:attachment":[{"href":"https:\/\/roveyayinevi.com.tr\/index.php\/wp-json\/wp\/v2\/media?parent=707751"}],"wp:term":[{"taxonomy":"product_brand","embeddable":true,"href":"https:\/\/roveyayinevi.com.tr\/index.php\/wp-json\/wp\/v2\/product_brand?post=707751"},{"taxonomy":"product_cat","embeddable":true,"href":"https:\/\/roveyayinevi.com.tr\/index.php\/wp-json\/wp\/v2\/product_cat?post=707751"},{"taxonomy":"product_tag","embeddable":true,"href":"https:\/\/roveyayinevi.com.tr\/index.php\/wp-json\/wp\/v2\/product_tag?post=707751"}],"curies":[{"name":"wp","href":"https:\/\/api.w.org\/{rel}","templated":true}]}}