{"id":707750,"date":"2025-08-27T16:08:47","date_gmt":"2025-08-27T13:08:47","guid":{"rendered":"https:\/\/roveyayinevi.com.tr\/index.php\/urun\/turk-muzigi-nazariyati-ve-solfej-1-cd-li\/"},"modified":"2026-04-16T02:16:24","modified_gmt":"2026-04-15T23:16:24","slug":"turk-muzigi-nazariyati-ve-solfej-1-cd-li","status":"publish","type":"product","link":"https:\/\/roveyayinevi.com.tr\/index.php\/urun\/turk-muzigi-nazariyati-ve-solfej-1-cd-li\/","title":{"rendered":"T\u00fcrk M\u00fczi\u011fi Nazariyat\u0131 ve Solfej &#8211; 1 (CD &#8216;li)"},"content":{"rendered":"<p>Bu kitap T\u00fcrk M\u00fczi\u011fi Nazariyat\u0131 ve Solfej \u2013 1 kitab\u0131n\u0131n geni\u015fletilmi\u015f \u00fc\u00e7\u00fcnc\u00fc bas\u0131m\u0131d\u0131r. Kitap m\u00fczi\u011fimize temel te\u015fkil eden yal\u0131n, sade anlam\u0131nda kullan\u0131lan \u201cbasit makamlar\u201d ile bulunduklar\u0131 perdeden di\u011fer perdelere aktar\u0131larak olu\u015fan \u201c\u015fed (aktar\u0131lm\u0131\u015f) makamlar\u0131\u201d kapsamakta ve bunlara ili\u015fkin T\u00fcrk M\u00fczi\u011fi makam ve us\u00fbl (ritim) bilgilerini ve uygulamalar\u0131n\u0131 i\u00e7ermektedir.Kitab\u0131 temel amac\u0131 T\u00fcrk M\u00fczi\u011fi makam ve us\u00fbl (ritim) bilgisine y\u00f6nelik ba\u015fl\u0131klar\u0131 gelenekten kopmadan, sadele\u015ftirilmi\u015f, didaktik, metodik ve \u00e7a\u011f\u0131n gereksinimlerime uygun yakla\u015f\u0131mlarla anlatabilmek ve bunlar\u0131 herkesin anlayabilece\u011fi \u015fekilde bilindik eserlerle desteklemektir. B\u00fct\u00fcn bunlar\u0131n yan\u0131 s\u0131ra makamlar\u0131 \u00f6\u011fretmeye y\u00f6nelik 152 tane de egzersiz bestelenmi\u015ftir.2004 y\u0131l\u0131ndan bu yana kitab\u0131m\u0131z her kesimden bireye ula\u015fm\u0131\u015ft\u0131r. Bu anlamda gerek e\u011fitim g\u00f6ren \u00f6\u011frenciler gerekse akademik ortamlarda \u00f6\u011fretim elemanlar\u0131 taraf\u0131ndan faydal\u0131 bulunmu\u015ftur.Kitab\u0131n bu bask\u0131s\u0131 Sakarya \u00dcniversitesi Devlet Konservatuvar\u0131 \u00f6\u011fretim elemanlar\u0131 taraf\u0131ndan \u00fcretilen CD \u00e7al\u0131\u015fmas\u0131 ile desteklenmi\u015ftir. Dinleme \u00e7al\u0131\u015fmalar\u0131 ile kitab\u0131n i\u015flevselli\u011fi daha da artmaktad\u0131r. Bilindi\u011fi \u00fczere m\u00fczi\u011fimizde me\u015fk e\u011fitiminin \u00f6nemi b\u00fcy\u00fckt\u00fcr. Kaliteli icralar\u0131 dinlemek, gelenekte var olan \u00fcsl\u00fbp ve tav\u0131r \u00f6zelliklerini kavramak, bu y\u00f6ndeki bilgileri en do\u011fru ve kal\u0131c\u0131 bi\u00e7imde edinmeyi sa\u011flayacakt\u0131r.<\/p>\n","protected":false},"excerpt":{"rendered":"<p>Bu kitap T\u00fcrk M\u00fczi\u011fi Nazariyat\u0131 ve Solfej \u2013 1 kitab\u0131n\u0131n geni\u015fletilmi\u015f \u00fc\u00e7\u00fcnc\u00fc bas\u0131m\u0131d\u0131r. Kitap m\u00fczi\u011fimize temel te\u015fkil eden yal\u0131n, sade anlam\u0131nda kullan\u0131lan \u201cbasit makamlar\u201d ile bulunduklar\u0131<span class=\"excerpt-hellip\"> [\u2026]<\/span><\/p>\n","protected":false},"featured_media":0,"template":"","meta":{"_monsterinsights_skip_tracking":false,"_monsterinsights_sitenote_active":false,"_monsterinsights_sitenote_note":"","_monsterinsights_sitenote_category":0},"product_brand":[],"product_cat":[14556,20810],"product_tag":[],"class_list":{"0":"post-707750","1":"product","2":"type-product","3":"status-publish","5":"product_cat-muzik","6":"product_cat-ogrenim-kitaplari","7":"pa_cilt-ciltsiz","8":"pa_tur-kitap","9":"pa_yayinevi-muzik-egitimi-yayinlari","10":"pa_yazar-hatice-selen-tekin","12":"first","13":"instock","14":"sale","15":"shipping-taxable","16":"purchasable","17":"product-type-simple"},"_links":{"self":[{"href":"https:\/\/roveyayinevi.com.tr\/index.php\/wp-json\/wp\/v2\/product\/707750","targetHints":{"allow":["GET"]}}],"collection":[{"href":"https:\/\/roveyayinevi.com.tr\/index.php\/wp-json\/wp\/v2\/product"}],"about":[{"href":"https:\/\/roveyayinevi.com.tr\/index.php\/wp-json\/wp\/v2\/types\/product"}],"wp:attachment":[{"href":"https:\/\/roveyayinevi.com.tr\/index.php\/wp-json\/wp\/v2\/media?parent=707750"}],"wp:term":[{"taxonomy":"product_brand","embeddable":true,"href":"https:\/\/roveyayinevi.com.tr\/index.php\/wp-json\/wp\/v2\/product_brand?post=707750"},{"taxonomy":"product_cat","embeddable":true,"href":"https:\/\/roveyayinevi.com.tr\/index.php\/wp-json\/wp\/v2\/product_cat?post=707750"},{"taxonomy":"product_tag","embeddable":true,"href":"https:\/\/roveyayinevi.com.tr\/index.php\/wp-json\/wp\/v2\/product_tag?post=707750"}],"curies":[{"name":"wp","href":"https:\/\/api.w.org\/{rel}","templated":true}]}}