{"id":707749,"date":"2025-08-27T16:08:46","date_gmt":"2025-08-27T13:08:46","guid":{"rendered":"https:\/\/roveyayinevi.com.tr\/index.php\/urun\/ulus-nedir\/"},"modified":"2026-04-16T02:16:24","modified_gmt":"2026-04-15T23:16:24","slug":"ulus-nedir","status":"publish","type":"product","link":"https:\/\/roveyayinevi.com.tr\/index.php\/urun\/ulus-nedir\/","title":{"rendered":"Ulus Nedir?"},"content":{"rendered":"<p>\u201c\u0130nsan ne diline ne de \u0131rk\u0131na aittir: \u0130nsan sadece kendine aittir, \u00e7\u00fcnk\u00fc o \u00f6zg\u00fcr bir varl\u0131kt\u0131r, ahlaki bir varl\u0131kt\u0131r.\u201d\u201cUlus bir hissiyat, ruhani bir ilkedir. Bu hissiyat\u0131, bu ruhani ilkeyi asl\u0131nda bir olan iki \u015fey olu\u015fturur. Biri ge\u00e7mi\u015fte, di\u011feri \u015fimdidedir. Biri ortak zengin bir hat\u0131ralar miras\u0131na sahip olmakt\u0131r; di\u011feri \u015fimdiki zamanda ortak karara varma, birlikte ya\u015fama arzusu, b\u00f6l\u00fcnmemi\u015f halde ald\u0131klar\u0131 miras\u0131 geli\u015ftirmeye devam etme iradesidir.\u201dGe\u00e7mi\u015fe sadakat ve \u015fimdiyi kurma aras\u0131nda, bize verilene ba\u011fl\u0131l\u0131k ve se\u00e7ti\u011fimizi yaratma aras\u0131nda Ulus ka\u00e7\u0131n\u0131lmaz bir \u015fekilde ikili ve \u00e7eli\u015fkili bir ger\u00e7ektir. Ama biz, bu \u00e7eli\u015fkiye kendimizi adam\u0131\u015f\u0131zd\u0131r. Renan\u2019\u0131n b\u00fcy\u00fckl\u00fc\u011f\u00fc de bunu bize hat\u0131rlatmas\u0131ndad\u0131r, \u00e7\u00fcnk\u00fc k\u00f6kleri tarihe dayanmayan hi\u00e7bir \u015fey m\u00fcmk\u00fcn de\u011fildir, halk ve bireylerin kendi kaderlerini tayin etme haklar\u0131na dayanmayan hi\u00e7bir \u015fey de me\u015fru de\u011fildir.<\/p>\n","protected":false},"excerpt":{"rendered":"<p>\u201c\u0130nsan ne diline ne de \u0131rk\u0131na aittir: \u0130nsan sadece kendine aittir, \u00e7\u00fcnk\u00fc o \u00f6zg\u00fcr bir varl\u0131kt\u0131r, ahlaki bir varl\u0131kt\u0131r.\u201d\u201cUlus bir hissiyat, ruhani bir ilkedir. Bu hissiyat\u0131,<span class=\"excerpt-hellip\"> [\u2026]<\/span><\/p>\n","protected":false},"featured_media":0,"template":"","meta":{"_monsterinsights_skip_tracking":false,"_monsterinsights_sitenote_active":false,"_monsterinsights_sitenote_note":"","_monsterinsights_sitenote_category":0},"product_brand":[],"product_cat":[13590,12337],"product_tag":[],"class_list":{"0":"post-707749","1":"product","2":"type-product","3":"status-publish","5":"product_cat-arastirma-inceleme-politika-siyaset","6":"product_cat-politika-siyaset","7":"pa_cilt-ciltsiz","8":"pa_tur-kitap","9":"pa_yayinevi-pinhan-yayincilik","10":"pa_yazar-ernest-renan","12":"first","13":"instock","14":"sale","15":"shipping-taxable","16":"purchasable","17":"product-type-simple"},"_links":{"self":[{"href":"https:\/\/roveyayinevi.com.tr\/index.php\/wp-json\/wp\/v2\/product\/707749","targetHints":{"allow":["GET"]}}],"collection":[{"href":"https:\/\/roveyayinevi.com.tr\/index.php\/wp-json\/wp\/v2\/product"}],"about":[{"href":"https:\/\/roveyayinevi.com.tr\/index.php\/wp-json\/wp\/v2\/types\/product"}],"wp:attachment":[{"href":"https:\/\/roveyayinevi.com.tr\/index.php\/wp-json\/wp\/v2\/media?parent=707749"}],"wp:term":[{"taxonomy":"product_brand","embeddable":true,"href":"https:\/\/roveyayinevi.com.tr\/index.php\/wp-json\/wp\/v2\/product_brand?post=707749"},{"taxonomy":"product_cat","embeddable":true,"href":"https:\/\/roveyayinevi.com.tr\/index.php\/wp-json\/wp\/v2\/product_cat?post=707749"},{"taxonomy":"product_tag","embeddable":true,"href":"https:\/\/roveyayinevi.com.tr\/index.php\/wp-json\/wp\/v2\/product_tag?post=707749"}],"curies":[{"name":"wp","href":"https:\/\/api.w.org\/{rel}","templated":true}]}}