{"id":707747,"date":"2025-08-27T16:08:46","date_gmt":"2025-08-27T13:08:46","guid":{"rendered":"https:\/\/roveyayinevi.com.tr\/index.php\/urun\/genclerde-kronik-yorgunluk-ve-ustesinden-gelmek\/"},"modified":"2026-04-16T02:16:23","modified_gmt":"2026-04-15T23:16:23","slug":"genclerde-kronik-yorgunluk-ve-ustesinden-gelmek","status":"publish","type":"product","link":"https:\/\/roveyayinevi.com.tr\/index.php\/urun\/genclerde-kronik-yorgunluk-ve-ustesinden-gelmek\/","title":{"rendered":"Gen\u00e7lerde Kronik Yorgunluk ve \u00dcstesinden Gelmek"},"content":{"rendered":"<p>Gen\u00e7lerde Kronik Yorgunluk ve \u00dcstesinden Gelmek; kronik yorgunlukla ba\u015fa \u00e7\u0131kmak ve alt etmek i\u00e7in i\u015fe yarar, kan\u0131ta dayal\u0131, ad\u0131m ad\u0131m ilerleyen bir rehber sa\u011fl\u0131yor. Alan\u0131nda tecr\u00fcbeli uzmanlar: KatharineRimes ve TrudieChalder, gen\u00e7leri hedefleyen kolay anla\u015f\u0131l\u0131r ve pratik bir rehber sunuyorlar. Bu kitap da ayr\u0131ca ebeveynlere yard\u0131mc\u0131 olacak bir rehber de bulunuyor. Kitap, kronik yorgunlukla m\u00fccadele eden gen\u00e7lere, ebeveynlere ve profesyonellere \u00f6nerilmektedir.Bu yenilik\u00e7i kitap, yorgunluktan kurtulma program\u0131 olu\u015fturma \u00f6nerisini i\u00e7ermekte ve sa\u011fl\u0131k uzman\u0131na da bunun nas\u0131l yap\u0131laca\u011f\u0131n\u0131 g\u00f6stermektedir. \u0130\u00e7erdi\u011fi ba\u015fl\u0131klar aras\u0131nda: \u201cUyku, egzersiz, stresle ba\u015f etme ve okul\u201d yer almaktad\u0131r. KatharineRimes ve TrudieChalder bu kitab\u0131 ara\u015ft\u0131rma sonu\u00e7lar\u0131ndan temellenen bili\u015fsel davran\u0131\u015f\u00e7\u0131 terapiye dayanarak; y\u0131llarca Kronik Yorgunluk Sendromu (KYS) ve MiyaljikEnsefalomiyelit (ME) konular\u0131nda kullanm\u0131\u015f ve hem hastalar, hem de ebeveynlerden olumlu sonu\u00e7lar alm\u0131\u015flard\u0131r.<\/p>\n","protected":false},"excerpt":{"rendered":"<p>Gen\u00e7lerde Kronik Yorgunluk ve \u00dcstesinden Gelmek; kronik yorgunlukla ba\u015fa \u00e7\u0131kmak ve alt etmek i\u00e7in i\u015fe yarar, kan\u0131ta dayal\u0131, ad\u0131m ad\u0131m ilerleyen bir rehber sa\u011fl\u0131yor. Alan\u0131nda tecr\u00fcbeli<span class=\"excerpt-hellip\"> [\u2026]<\/span><\/p>\n","protected":false},"featured_media":0,"template":"","meta":{"_monsterinsights_skip_tracking":false,"_monsterinsights_sitenote_active":false,"_monsterinsights_sitenote_note":"","_monsterinsights_sitenote_category":0},"product_brand":[],"product_cat":[12358,12357],"product_tag":[],"class_list":{"0":"post-707747","1":"product","2":"type-product","3":"status-publish","5":"product_cat-genel-psikoloji","6":"product_cat-psikoloji","7":"pa_cilt-ciltsiz","8":"pa_tur-kitap","9":"pa_yayinevi-psikonet-yayinlari","10":"pa_yazar-katharine-rimes","12":"first","13":"instock","14":"sale","15":"shipping-taxable","16":"purchasable","17":"product-type-simple"},"_links":{"self":[{"href":"https:\/\/roveyayinevi.com.tr\/index.php\/wp-json\/wp\/v2\/product\/707747","targetHints":{"allow":["GET"]}}],"collection":[{"href":"https:\/\/roveyayinevi.com.tr\/index.php\/wp-json\/wp\/v2\/product"}],"about":[{"href":"https:\/\/roveyayinevi.com.tr\/index.php\/wp-json\/wp\/v2\/types\/product"}],"wp:attachment":[{"href":"https:\/\/roveyayinevi.com.tr\/index.php\/wp-json\/wp\/v2\/media?parent=707747"}],"wp:term":[{"taxonomy":"product_brand","embeddable":true,"href":"https:\/\/roveyayinevi.com.tr\/index.php\/wp-json\/wp\/v2\/product_brand?post=707747"},{"taxonomy":"product_cat","embeddable":true,"href":"https:\/\/roveyayinevi.com.tr\/index.php\/wp-json\/wp\/v2\/product_cat?post=707747"},{"taxonomy":"product_tag","embeddable":true,"href":"https:\/\/roveyayinevi.com.tr\/index.php\/wp-json\/wp\/v2\/product_tag?post=707747"}],"curies":[{"name":"wp","href":"https:\/\/api.w.org\/{rel}","templated":true}]}}