{"id":707744,"date":"2025-08-27T16:08:44","date_gmt":"2025-08-27T13:08:44","guid":{"rendered":"https:\/\/roveyayinevi.com.tr\/index.php\/urun\/minik-muzik-gezginleri-2\/"},"modified":"2026-04-16T02:16:23","modified_gmt":"2026-04-15T23:16:23","slug":"minik-muzik-gezginleri-2","status":"publish","type":"product","link":"https:\/\/roveyayinevi.com.tr\/index.php\/urun\/minik-muzik-gezginleri-2\/","title":{"rendered":"Minik M\u00fczik Gezginleri &#8211; 2"},"content":{"rendered":"<p>\u00c7ocuklar i\u00e7in \u00f6yk\u00fcl\u00fc piyano metodu niteli\u011fi ta\u015f\u0131yan ve 1. kitab\u0131n devam\u0131 olan bu kitap, basit ama s\u00fcr\u00fckleyici bir hik\u00e2yenin ak\u0131\u015f\u0131 i\u00e7inde, d\u00f6rt farkl\u0131 hayvan karakterin ba\u015f\u0131ndan ge\u00e7enler \u00fczerinden temel m\u00fczik prensiplerine, m\u00fczik yaz\u0131s\u0131na ve piyano e\u011fitimine masals\u0131 bir dokunu\u015fla ba\u015flang\u0131\u00e7 yapmaktad\u0131r. Sevimli hayvanlar -fil, sincap ve z\u00fcrafa- hen\u00fcz ke\u015ffettikleri m\u00fczikal d\u00fcnyay\u0131 anlamaya \u00e7al\u0131\u015fmakta, \u00e7\u0131kt\u0131klar\u0131 maceral\u0131 yolculuk i\u00e7inde ya\u015fad\u0131klar\u0131 her an m\u00fczikle \u00e7evrelendiklerini fark etmektedir. Metodun i\u00e7indeki hikaye ve ona dayand\u0131r\u0131lan m\u00fczikal ak\u0131\u015f, okul \u00f6ncesi ve okul \u00e7a\u011f\u0131n\u0131n ba\u015flar\u0131ndaki k\u00fc\u00e7\u00fck \u00e7ocuklar\u0131n dikkat d\u00fczeylerine g\u00f6redir. Par\u00e7alar\u0131n altlar\u0131ndaki \u015fark\u0131 s\u00f6zleri basit ve ritmiktir. Nota s\u00fcrelerini kavramalar\u0131na destek verir. \u00c7ocu\u011fun sab\u0131rs\u0131zl\u0131\u011f\u0131, s\u00fcrekli sayfa \u00e7evirme iste\u011fi g\u00f6z \u00f6n\u00fcne al\u0131narak m\u00fczik terimleri, notalar ve de\u011ferleri ona hissettirmeden tekrarlanm\u0131\u015ft\u0131r. Ayn\u0131 par\u00e7ay\u0131 defalarca \u00e7almaktan ho\u015flanmayan bu ya\u015f grubu, sayfa de\u011fi\u015ftirse bile \u00f6\u011frenmekte oldu\u011fu notalar\u0131 kar\u015f\u0131s\u0131nda bulacakt\u0131r. \u0130lk zamanlar belki yaln\u0131zca resim olarak bakaca\u011f\u0131 notalar ve okuman\u0131z\u0131 isteyece\u011fi \u00f6yk\u00fcler bile kendisini m\u00fczi\u011fin i\u00e7ine \u00e7ekmeye yetecektir. Kitaptan bir b\u00f6l\u00fcm:\u2013 Bunlar m\u0131? Bunlar anahtarlar! diye yan\u0131t verdi pembe denizanas\u0131.\u2013 Anahtar m\u0131? Hi\u00e7 b\u00f6yle anahtar olur mu?\u2013 Onlar m\u00fczikte kulland\u0131\u011f\u0131m\u0131z anahtarlar! diye s\u00f6ze girdi k\u0131rm\u0131z\u0131 bal\u0131k.\u2013 M\u00fczik yaz\u0131s\u0131nda notalara isim verebilmemiz i\u00e7in anahtarlara ihtiyac\u0131m\u0131z vard\u0131r.Bir yandan \u015fark\u0131 s\u00f6yl\u00fcyor bir yandan da ne\u015fe i\u00e7inde y\u00fcz\u00fcyordu. Ama asl\u0131nda kendisini bekleyen tehlikenin fark\u0131nda bile de\u011fildi\u2026Kitap Hakk\u0131nda:\u00c7ok de\u011ferli meslekta\u015f\u0131m \u0130pek \u00c7\u0131\u011f \u00c7evikkaya, haz\u0131rlam\u0131\u015f oldu\u011fu \u201dMinik M\u00fczik Gezginleri\u201d kitab\u0131 ile temel m\u00fczik ve piyano e\u011fitimini k\u00fc\u00e7\u00fck \u00e7ocuklara verirken, m\u00fczik yolculu\u011funa \u00e7\u0131kan hayvanlar\u0131n hik\u00e2yesini m\u00fczikal bir soru-cevap ili\u015fkisi i\u00e7inde i\u015fleyerek benzersiz bir yol izlemektedir. Kendisini y\u00fcrekten kutlar, kitab\u0131n m\u00fczik e\u011fitimcileri ve \u00f6\u011frencilere hay\u0131rl\u0131 olmas\u0131n\u0131 dilerim.- Dr. \u00d6zcan \u00d6zbek, Marmara \u00dcnv. M\u00fczik E\u011ft. ABD \u00d6\u011fr.G\u00f6r.Kitap Hakk\u0131nda:\u00c7ocuklar\u0131 m\u00fczi\u011fe yakla\u015ft\u0131ran, onlar\u0131 zevkle hik\u00e2yeli notalarla tan\u0131\u015ft\u0131ran \u00e7ok g\u00fczel bir \u00e7al\u0131\u015fma. \u0130yi yolculuklar \u00e7ocuklar, sizi harika bir sesli ser\u00fcven bekliyor. Tebrikler \u0130pek \u00c7\u0131\u011f \u00c7evikkaya.- G\u00fclsin Onay, Piyanist Devlet Sanat\u00e7\u0131s\u0131<\/p>\n","protected":false},"excerpt":{"rendered":"<p>\u00c7ocuklar i\u00e7in \u00f6yk\u00fcl\u00fc piyano metodu niteli\u011fi ta\u015f\u0131yan ve 1. kitab\u0131n devam\u0131 olan bu kitap, basit ama s\u00fcr\u00fckleyici bir hik\u00e2yenin ak\u0131\u015f\u0131 i\u00e7inde, d\u00f6rt farkl\u0131 hayvan karakterin ba\u015f\u0131ndan<span class=\"excerpt-hellip\"> [\u2026]<\/span><\/p>\n","protected":false},"featured_media":0,"template":"","meta":{"_monsterinsights_skip_tracking":false,"_monsterinsights_sitenote_active":false,"_monsterinsights_sitenote_note":"","_monsterinsights_sitenote_category":0},"product_brand":[],"product_cat":[14556,20810],"product_tag":[],"class_list":{"0":"post-707744","1":"product","2":"type-product","3":"status-publish","5":"product_cat-muzik","6":"product_cat-ogrenim-kitaplari","7":"pa_cilt-ciltsiz","8":"pa_tur-kitap","9":"pa_yayinevi-muzik-egitimi-yayinlari","10":"pa_yazar-ipek-cig-cevikkaya","12":"first","13":"instock","14":"sale","15":"shipping-taxable","16":"purchasable","17":"product-type-simple"},"_links":{"self":[{"href":"https:\/\/roveyayinevi.com.tr\/index.php\/wp-json\/wp\/v2\/product\/707744","targetHints":{"allow":["GET"]}}],"collection":[{"href":"https:\/\/roveyayinevi.com.tr\/index.php\/wp-json\/wp\/v2\/product"}],"about":[{"href":"https:\/\/roveyayinevi.com.tr\/index.php\/wp-json\/wp\/v2\/types\/product"}],"wp:attachment":[{"href":"https:\/\/roveyayinevi.com.tr\/index.php\/wp-json\/wp\/v2\/media?parent=707744"}],"wp:term":[{"taxonomy":"product_brand","embeddable":true,"href":"https:\/\/roveyayinevi.com.tr\/index.php\/wp-json\/wp\/v2\/product_brand?post=707744"},{"taxonomy":"product_cat","embeddable":true,"href":"https:\/\/roveyayinevi.com.tr\/index.php\/wp-json\/wp\/v2\/product_cat?post=707744"},{"taxonomy":"product_tag","embeddable":true,"href":"https:\/\/roveyayinevi.com.tr\/index.php\/wp-json\/wp\/v2\/product_tag?post=707744"}],"curies":[{"name":"wp","href":"https:\/\/api.w.org\/{rel}","templated":true}]}}